{"id":8860,"date":"2026-03-19T12:29:12","date_gmt":"2026-03-19T15:29:12","guid":{"rendered":"https:\/\/parisparis.movilizame.com.ar\/?post_type=product&#038;p=8860"},"modified":"2026-03-19T12:29:12","modified_gmt":"2026-03-19T15:29:12","slug":"la-puissance-soft-liss-shampoo-250-ml","status":"publish","type":"product","link":"https:\/\/parisparis.movilizame.com.ar\/?product=la-puissance-soft-liss-shampoo-250-ml","title":{"rendered":"LA PUISSANCE &#8211; SOFT LISS SHAMPOO 250 ML"},"content":{"rendered":"<p data-start=\"65\" data-end=\"319\">Especialmente formulado para planchita o brushing, el\u00a0<strong data-start=\"119\" data-end=\"140\">Shampoo Soft Liss<\/strong>\u00a0limpia suavemente mientras relaja y repara la fibra capilar. Su espuma delicada elimina impurezas, aporta brillo y disciplina el cabello lacio, dej\u00e1ndolo suave, sedoso y liviano.<\/p>\n<p data-start=\"321\" data-end=\"637\">Contiene\u00a0<strong data-start=\"330\" data-end=\"343\">Maxiliss\u2122<\/strong>, activo 100% vegetal que hidrata profundamente, reduce el frizz y revitaliza cabellos alisados qu\u00edmica o t\u00e9rmicamente. Con\u00a0<strong data-start=\"467\" data-end=\"481\">Silsoft A+<\/strong>, brinda protecci\u00f3n t\u00e9rmica y UV, previniendo el envejecimiento capilar. Su pH \u00e1cido ayuda a sellar las cut\u00edculas y reducir la fricci\u00f3n en seco y en mojado.<\/p>\n<p data-start=\"639\" data-end=\"790\">Enriquecido con\u00a0<strong data-start=\"655\" data-end=\"675\">aceite de jojoba<\/strong>\u00a0y\u00a0<strong data-start=\"678\" data-end=\"704\">phytoqueratina vegetal<\/strong>, nutre, repara y mejora la apariencia del lacio.<\/p>\n<p data-start=\"639\" data-end=\"790\">Libre de parabenos y cruelty free.<\/p>\n<p data-start=\"792\" data-end=\"886\"><strong data-start=\"792\" data-end=\"808\">Modo de uso:<\/strong>\u00a0aplicar sobre el cabello mojado, masajear 2\u20133 minutos y enjuagar. Uso diario.<\/p>\n","protected":false},"excerpt":{"rendered":"<p>Especialmente formulado para planchita o brushing, el\u00a0Shampoo Soft Liss\u00a0limpia suavemente mientras relaja y repara la fibra capilar. Su espuma delicada&#8230;<\/p>\n","protected":false},"featured_media":8861,"comment_status":"open","ping_status":"closed","template":"","meta":[],"product_brand":[1496],"product_cat":[],"product_tag":[],"class_list":{"0":"post-8860","1":"product","2":"type-product","3":"status-publish","4":"has-post-thumbnail","6":"product_brand-la-puissance","8":"first","9":"instock","10":"shipping-taxable","11":"purchasable","12":"product-type-simple"},"_links":{"self":[{"href":"https:\/\/parisparis.movilizame.com.ar\/index.php?rest_route=\/wp\/v2\/product\/8860","targetHints":{"allow":["GET"]}}],"collection":[{"href":"https:\/\/parisparis.movilizame.com.ar\/index.php?rest_route=\/wp\/v2\/product"}],"about":[{"href":"https:\/\/parisparis.movilizame.com.ar\/index.php?rest_route=\/wp\/v2\/types\/product"}],"replies":[{"embeddable":true,"href":"https:\/\/parisparis.movilizame.com.ar\/index.php?rest_route=%2Fwp%2Fv2%2Fcomments&post=8860"}],"wp:featuredmedia":[{"embeddable":true,"href":"https:\/\/parisparis.movilizame.com.ar\/index.php?rest_route=\/wp\/v2\/media\/8861"}],"wp:attachment":[{"href":"https:\/\/parisparis.movilizame.com.ar\/index.php?rest_route=%2Fwp%2Fv2%2Fmedia&parent=8860"}],"wp:term":[{"taxonomy":"product_brand","embeddable":true,"href":"https:\/\/parisparis.movilizame.com.ar\/index.php?rest_route=%2Fwp%2Fv2%2Fproduct_brand&post=8860"},{"taxonomy":"product_cat","embeddable":true,"href":"https:\/\/parisparis.movilizame.com.ar\/index.php?rest_route=%2Fwp%2Fv2%2Fproduct_cat&post=8860"},{"taxonomy":"product_tag","embeddable":true,"href":"https:\/\/parisparis.movilizame.com.ar\/index.php?rest_route=%2Fwp%2Fv2%2Fproduct_tag&post=8860"}],"curies":[{"name":"wp","href":"https:\/\/api.w.org\/{rel}","templated":true}]}}