{"id":8858,"date":"2026-03-19T12:23:32","date_gmt":"2026-03-19T15:23:32","guid":{"rendered":"https:\/\/parisparis.movilizame.com.ar\/?post_type=product&#038;p=8858"},"modified":"2026-03-19T12:23:32","modified_gmt":"2026-03-19T15:23:32","slug":"la-puissance-silver-matizador-shampoo-300-ml","status":"publish","type":"product","link":"https:\/\/parisparis.movilizame.com.ar\/?product=la-puissance-silver-matizador-shampoo-300-ml","title":{"rendered":"LA PUISSANCE &#8211; SILVER MATIZADOR SHAMPOO 300 ML"},"content":{"rendered":"<p>Ideal para cabellos rubios, grises, blancos, platinados y canas. El Shampoo Matizador Silver, dise\u00f1ado para proporcionar una limpieza profunda,\u00a0 contrarresta los tonos amarillos indeseados, logrando un equilibrio perfecto en los tonos claros gracias a los pigmentos violetas que act\u00faan como neutralizadores. La f\u00f3rmula protege al cabello de la oxidaci\u00f3n y la contaminaci\u00f3n diaria, restaurando el brillo y la suavidad.<\/p>\n<p><strong>Modo de uso:<\/strong>\u00a0Se aplica sobre el cabello mojado, masajeando suavemente de 2 a 3 minutos y luego se enjuaga. De uso cotidiano.<\/p>\n","protected":false},"excerpt":{"rendered":"<p>Ideal para cabellos rubios, grises, blancos, platinados y canas. El Shampoo Matizador Silver, dise\u00f1ado para proporcionar una limpieza profunda,\u00a0 contrarresta&#8230;<\/p>\n","protected":false},"featured_media":8859,"comment_status":"open","ping_status":"closed","template":"","meta":[],"product_brand":[1496],"product_cat":[],"product_tag":[],"class_list":{"0":"post-8858","1":"product","2":"type-product","3":"status-publish","4":"has-post-thumbnail","6":"product_brand-la-puissance","8":"first","9":"instock","10":"shipping-taxable","11":"purchasable","12":"product-type-simple"},"_links":{"self":[{"href":"https:\/\/parisparis.movilizame.com.ar\/index.php?rest_route=\/wp\/v2\/product\/8858","targetHints":{"allow":["GET"]}}],"collection":[{"href":"https:\/\/parisparis.movilizame.com.ar\/index.php?rest_route=\/wp\/v2\/product"}],"about":[{"href":"https:\/\/parisparis.movilizame.com.ar\/index.php?rest_route=\/wp\/v2\/types\/product"}],"replies":[{"embeddable":true,"href":"https:\/\/parisparis.movilizame.com.ar\/index.php?rest_route=%2Fwp%2Fv2%2Fcomments&post=8858"}],"wp:featuredmedia":[{"embeddable":true,"href":"https:\/\/parisparis.movilizame.com.ar\/index.php?rest_route=\/wp\/v2\/media\/8859"}],"wp:attachment":[{"href":"https:\/\/parisparis.movilizame.com.ar\/index.php?rest_route=%2Fwp%2Fv2%2Fmedia&parent=8858"}],"wp:term":[{"taxonomy":"product_brand","embeddable":true,"href":"https:\/\/parisparis.movilizame.com.ar\/index.php?rest_route=%2Fwp%2Fv2%2Fproduct_brand&post=8858"},{"taxonomy":"product_cat","embeddable":true,"href":"https:\/\/parisparis.movilizame.com.ar\/index.php?rest_route=%2Fwp%2Fv2%2Fproduct_cat&post=8858"},{"taxonomy":"product_tag","embeddable":true,"href":"https:\/\/parisparis.movilizame.com.ar\/index.php?rest_route=%2Fwp%2Fv2%2Fproduct_tag&post=8858"}],"curies":[{"name":"wp","href":"https:\/\/api.w.org\/{rel}","templated":true}]}}