{"id":8856,"date":"2026-03-19T12:20:30","date_gmt":"2026-03-19T15:20:30","guid":{"rendered":"https:\/\/parisparis.movilizame.com.ar\/?post_type=product&#038;p=8856"},"modified":"2026-03-19T12:20:30","modified_gmt":"2026-03-19T15:20:30","slug":"la-puissance-silver-matizador-mascara-250-ml","status":"publish","type":"product","link":"https:\/\/parisparis.movilizame.com.ar\/?product=la-puissance-silver-matizador-mascara-250-ml","title":{"rendered":"LA PUISSANCE &#8211; SILVER MATIZADOR MASCARA 250 ML"},"content":{"rendered":"<p>Ideal para cabellos rubios, grises, blancos, platinados y canas. Neutraliz\u00e1 los tonos amarillentos indeseados con la\u00a0<strong>M\u00e1scara Silver<\/strong>\u00a0de La Puiss\u00e2nce. En tan solo cinco minutos, su f\u00f3rmula tonificante dejar\u00e1 tu cabello con un aspecto\u00a0<strong>radiante\u00a0<\/strong>y brillante. Su f\u00f3rmula ha sido especialmente dise\u00f1ada para cabellos rubios platinados, matizando las canas y logrando el equilibrio perfecto en los colores claros.<\/p>\n<p><strong>Modo de uso:\u00a0<\/strong>Aplicar sobre el cabello h\u00famedo luego del lavado, masajeando de medios a puntas. Dejar actuar 5 minutos y luego enjuagar. Recomendamos aplicarla 2 veces a la semana.<\/p>\n","protected":false},"excerpt":{"rendered":"<p>Ideal para cabellos rubios, grises, blancos, platinados y canas. Neutraliz\u00e1 los tonos amarillentos indeseados con la\u00a0M\u00e1scara Silver\u00a0de La Puiss\u00e2nce. En&#8230;<\/p>\n","protected":false},"featured_media":8857,"comment_status":"open","ping_status":"closed","template":"","meta":[],"product_brand":[1496],"product_cat":[],"product_tag":[],"class_list":{"0":"post-8856","1":"product","2":"type-product","3":"status-publish","4":"has-post-thumbnail","6":"product_brand-la-puissance","8":"first","9":"instock","10":"shipping-taxable","11":"purchasable","12":"product-type-simple"},"_links":{"self":[{"href":"https:\/\/parisparis.movilizame.com.ar\/index.php?rest_route=\/wp\/v2\/product\/8856","targetHints":{"allow":["GET"]}}],"collection":[{"href":"https:\/\/parisparis.movilizame.com.ar\/index.php?rest_route=\/wp\/v2\/product"}],"about":[{"href":"https:\/\/parisparis.movilizame.com.ar\/index.php?rest_route=\/wp\/v2\/types\/product"}],"replies":[{"embeddable":true,"href":"https:\/\/parisparis.movilizame.com.ar\/index.php?rest_route=%2Fwp%2Fv2%2Fcomments&post=8856"}],"wp:featuredmedia":[{"embeddable":true,"href":"https:\/\/parisparis.movilizame.com.ar\/index.php?rest_route=\/wp\/v2\/media\/8857"}],"wp:attachment":[{"href":"https:\/\/parisparis.movilizame.com.ar\/index.php?rest_route=%2Fwp%2Fv2%2Fmedia&parent=8856"}],"wp:term":[{"taxonomy":"product_brand","embeddable":true,"href":"https:\/\/parisparis.movilizame.com.ar\/index.php?rest_route=%2Fwp%2Fv2%2Fproduct_brand&post=8856"},{"taxonomy":"product_cat","embeddable":true,"href":"https:\/\/parisparis.movilizame.com.ar\/index.php?rest_route=%2Fwp%2Fv2%2Fproduct_cat&post=8856"},{"taxonomy":"product_tag","embeddable":true,"href":"https:\/\/parisparis.movilizame.com.ar\/index.php?rest_route=%2Fwp%2Fv2%2Fproduct_tag&post=8856"}],"curies":[{"name":"wp","href":"https:\/\/api.w.org\/{rel}","templated":true}]}}