{"id":8848,"date":"2026-03-19T11:36:20","date_gmt":"2026-03-19T14:36:20","guid":{"rendered":"https:\/\/parisparis.movilizame.com.ar\/?post_type=product&#038;p=8848"},"modified":"2026-03-19T11:36:20","modified_gmt":"2026-03-19T14:36:20","slug":"la-puissance-royal-elixir-mascara-250-ml","status":"publish","type":"product","link":"https:\/\/parisparis.movilizame.com.ar\/?product=la-puissance-royal-elixir-mascara-250-ml","title":{"rendered":"LA PUISSANCE &#8211; ROYAL ELIXIR MASCARA 250 ML"},"content":{"rendered":"<p>La m\u00e1scara Royal Elixir ayuda a fortalecer y proteger las fibras capilares desde el primer uso. Perfecto para cabellos rubios te\u00f1idos y naturales, la f\u00f3rmula profesional, enriquecida con Jalea Real y Phytoscreen\u2122, contiene una poderosa mezcla de vitaminas, prote\u00ednas y minerales que balancean las cargas electrost\u00e1ticas impidiendo la adherencia de part\u00edculas sobre su superficie, evitando el da\u00f1o de agentes externos. Ilumina y acent\u00faa los reflejos dorados.<\/p>\n<p>Para \u00f3ptimos resultados se recomienda su utilizaci\u00f3n en combinaci\u00f3n con los dem\u00e1s productos de la l\u00ednea Royal Elixir.<\/p>\n<p>BENEFICIOS:<\/p>\n<ul>\n<li aria-level=\"1\">Ilumina y acent\u00faa los reflejos dorados, obteniendo un cabello rubio extremo.<\/li>\n<li aria-level=\"1\">Repara la queratina da\u00f1ada.<\/li>\n<li aria-level=\"1\">Aporta elasticidad a la fibra capilar.<\/li>\n<li aria-level=\"1\">Previene el foto envejecimiento del cabello.<\/li>\n<li aria-level=\"1\">Tiene acci\u00f3n antioxidante.<\/li>\n<li aria-level=\"1\">Libre de parabenos y crueldad animal.<\/li>\n<\/ul>\n<p><strong>Modo de uso:<\/strong>\u00a0Se aplica sobre el cabello levemente h\u00famedo luego del shampoo, masajeando de medios a puntas 5 minutos y luego enjuagar. Recomendamos aplicarla 2 veces por semana.<\/p>\n","protected":false},"excerpt":{"rendered":"<p>La m\u00e1scara Royal Elixir ayuda a fortalecer y proteger las fibras capilares desde el primer uso. Perfecto para cabellos rubios&#8230;<\/p>\n","protected":false},"featured_media":8849,"comment_status":"open","ping_status":"closed","template":"","meta":[],"product_brand":[1496],"product_cat":[],"product_tag":[],"class_list":{"0":"post-8848","1":"product","2":"type-product","3":"status-publish","4":"has-post-thumbnail","6":"product_brand-la-puissance","8":"first","9":"instock","10":"shipping-taxable","11":"purchasable","12":"product-type-simple"},"_links":{"self":[{"href":"https:\/\/parisparis.movilizame.com.ar\/index.php?rest_route=\/wp\/v2\/product\/8848","targetHints":{"allow":["GET"]}}],"collection":[{"href":"https:\/\/parisparis.movilizame.com.ar\/index.php?rest_route=\/wp\/v2\/product"}],"about":[{"href":"https:\/\/parisparis.movilizame.com.ar\/index.php?rest_route=\/wp\/v2\/types\/product"}],"replies":[{"embeddable":true,"href":"https:\/\/parisparis.movilizame.com.ar\/index.php?rest_route=%2Fwp%2Fv2%2Fcomments&post=8848"}],"wp:featuredmedia":[{"embeddable":true,"href":"https:\/\/parisparis.movilizame.com.ar\/index.php?rest_route=\/wp\/v2\/media\/8849"}],"wp:attachment":[{"href":"https:\/\/parisparis.movilizame.com.ar\/index.php?rest_route=%2Fwp%2Fv2%2Fmedia&parent=8848"}],"wp:term":[{"taxonomy":"product_brand","embeddable":true,"href":"https:\/\/parisparis.movilizame.com.ar\/index.php?rest_route=%2Fwp%2Fv2%2Fproduct_brand&post=8848"},{"taxonomy":"product_cat","embeddable":true,"href":"https:\/\/parisparis.movilizame.com.ar\/index.php?rest_route=%2Fwp%2Fv2%2Fproduct_cat&post=8848"},{"taxonomy":"product_tag","embeddable":true,"href":"https:\/\/parisparis.movilizame.com.ar\/index.php?rest_route=%2Fwp%2Fv2%2Fproduct_tag&post=8848"}],"curies":[{"name":"wp","href":"https:\/\/api.w.org\/{rel}","templated":true}]}}