{"id":8847,"date":"2026-03-19T11:31:45","date_gmt":"2026-03-19T14:31:45","guid":{"rendered":"https:\/\/parisparis.movilizame.com.ar\/?post_type=product&#038;p=8847"},"modified":"2026-03-19T12:07:41","modified_gmt":"2026-03-19T15:07:41","slug":"la-puissance-redensify-tratamiento-voluminizador-300-ml","status":"publish","type":"product","link":"https:\/\/parisparis.movilizame.com.ar\/?product=la-puissance-redensify-tratamiento-voluminizador-300-ml","title":{"rendered":"LA PUISSANCE &#8211; REDENSIFY TRATAMIENTO VOLUMINIZADOR 300 ML"},"content":{"rendered":"<p><span style=\"font-weight: 400;\">Fue dise\u00f1ado para tratar cabellos finos y ultrafinos con adelgazamiento desde el interior.\u00a0<\/span><\/p>\n<p><span style=\"font-weight: 400;\">Su f\u00f3rmula \u00fanica, enriquecida con altas concentraciones de col\u00e1geno, la prote\u00edna m\u00e1s abundante en el ser humano, fusionada en un complejo multifuncional, hidrata y brinda resistencia y plenitud al cabello.<\/span><\/p>\n<p><span style=\"font-weight: 400;\">La elastina, otra prote\u00edna esencial para el cabello, proporciona elasticidad y firmeza, mientras que la provitamina B5 repara los da\u00f1os, reduce las puntas abiertas, acondiciona y aumenta el grosor. Los componentes qu\u00edmicos de estos activos brindan protecci\u00f3n solar y fortalecen su estructura desde el n\u00facleo, permitiendo que recupere su textura, lo que resulta en un cabello m\u00e1s resistente y con una apariencia m\u00e1s abundante.<\/span><\/p>\n<p dir=\"ltr\"><strong>Modo de uso:<\/strong>\u00a0Luego del shampoo y sobre el cabello mojado, se aplica de medios a puntas, masajeando suavemente de 2 a 3 minutos y luego se enjuaga.\u00a0De uso cotidiano. Para su \u00f3ptima eficacia, se recomienda su utilizaci\u00f3n en combinaci\u00f3n con los dem\u00e1s productos de la l\u00ednea Redensify.<\/p>\n","protected":false},"excerpt":{"rendered":"<p>Fue dise\u00f1ado para tratar cabellos finos y ultrafinos con adelgazamiento desde el interior.\u00a0 Su f\u00f3rmula \u00fanica, enriquecida con altas concentraciones&#8230;<\/p>\n","protected":false},"featured_media":8855,"comment_status":"open","ping_status":"closed","template":"","meta":[],"product_brand":[1496],"product_cat":[],"product_tag":[],"class_list":{"0":"post-8847","1":"product","2":"type-product","3":"status-publish","4":"has-post-thumbnail","6":"product_brand-la-puissance","8":"first","9":"instock","10":"shipping-taxable","11":"purchasable","12":"product-type-simple"},"_links":{"self":[{"href":"https:\/\/parisparis.movilizame.com.ar\/index.php?rest_route=\/wp\/v2\/product\/8847","targetHints":{"allow":["GET"]}}],"collection":[{"href":"https:\/\/parisparis.movilizame.com.ar\/index.php?rest_route=\/wp\/v2\/product"}],"about":[{"href":"https:\/\/parisparis.movilizame.com.ar\/index.php?rest_route=\/wp\/v2\/types\/product"}],"replies":[{"embeddable":true,"href":"https:\/\/parisparis.movilizame.com.ar\/index.php?rest_route=%2Fwp%2Fv2%2Fcomments&post=8847"}],"wp:featuredmedia":[{"embeddable":true,"href":"https:\/\/parisparis.movilizame.com.ar\/index.php?rest_route=\/wp\/v2\/media\/8855"}],"wp:attachment":[{"href":"https:\/\/parisparis.movilizame.com.ar\/index.php?rest_route=%2Fwp%2Fv2%2Fmedia&parent=8847"}],"wp:term":[{"taxonomy":"product_brand","embeddable":true,"href":"https:\/\/parisparis.movilizame.com.ar\/index.php?rest_route=%2Fwp%2Fv2%2Fproduct_brand&post=8847"},{"taxonomy":"product_cat","embeddable":true,"href":"https:\/\/parisparis.movilizame.com.ar\/index.php?rest_route=%2Fwp%2Fv2%2Fproduct_cat&post=8847"},{"taxonomy":"product_tag","embeddable":true,"href":"https:\/\/parisparis.movilizame.com.ar\/index.php?rest_route=%2Fwp%2Fv2%2Fproduct_tag&post=8847"}],"curies":[{"name":"wp","href":"https:\/\/api.w.org\/{rel}","templated":true}]}}