{"id":8845,"date":"2026-03-19T11:29:55","date_gmt":"2026-03-19T14:29:55","guid":{"rendered":"https:\/\/parisparis.movilizame.com.ar\/?post_type=product&#038;p=8845"},"modified":"2026-03-19T11:29:55","modified_gmt":"2026-03-19T14:29:55","slug":"la-puissance-redensify-shampoo-300-ml","status":"publish","type":"product","link":"https:\/\/parisparis.movilizame.com.ar\/?product=la-puissance-redensify-shampoo-300-ml","title":{"rendered":"LA PUISSANCE &#8211; REDENSIFY SHAMPOO 300 ML"},"content":{"rendered":"<p style=\"font-weight: 400;\"><span style=\"font-weight: 400;\">Est\u00e1 dise\u00f1ado para cabellos finos y ultrafinos que han experimentado una p\u00e9rdida de densidad. El shampoo Redensify fortalece la fibra capilar para proporcionar m\u00e1s textura, sustancia y resistencia al cabello.\u00a0<\/span><\/p>\n<p style=\"font-weight: 400;\"><span style=\"font-weight: 400;\">Su exclusiva f\u00f3rmula de \u00faltima generaci\u00f3n est\u00e1 enriquecida con altas concentraciones de col\u00e1geno, la prote\u00edna m\u00e1s abundante en el ser humano, fusionada en un complejo multi-funcional que engrosa la fibra capilar y protege la parte externa del cabello.\u00a0<\/span><\/p>\n<p style=\"font-weight: 400;\"><span style=\"font-weight: 400;\">La elastina, otra prote\u00edna esencial para el cabello, proporciona elasticidad y firmeza, mientras que la provitamina B5 repara los da\u00f1os, reduce las puntas abiertas, acondiciona y aumenta el grosor. Los componentes qu\u00edmicos de estos activos brindan hidrataci\u00f3n, nutrici\u00f3n y protecci\u00f3n solar a cada hebra, lo que resulta en un cabello con un volumen excepcional y una vitalidad impresionante.<\/span><\/p>\n<p style=\"font-weight: 400;\"><span style=\"font-weight: 400;\">Modo de uso:\u00a0Se aplica sobre el cabello mojado, masajeando suavemente sobre el cuero cabelludo de 2 a 3 minutos y luego se enjuaga. De uso cotidiano. Para su \u00f3ptima eficacia, se recomienda su utilizaci\u00f3n en combinaci\u00f3n con los dem\u00e1s productos de la l\u00ednea Redensify.<\/span><\/p>\n","protected":false},"excerpt":{"rendered":"<p>Est\u00e1 dise\u00f1ado para cabellos finos y ultrafinos que han experimentado una p\u00e9rdida de densidad. El shampoo Redensify fortalece la fibra&#8230;<\/p>\n","protected":false},"featured_media":8846,"comment_status":"open","ping_status":"closed","template":"","meta":[],"product_brand":[1496],"product_cat":[],"product_tag":[],"class_list":{"0":"post-8845","1":"product","2":"type-product","3":"status-publish","4":"has-post-thumbnail","6":"product_brand-la-puissance","8":"first","9":"instock","10":"shipping-taxable","11":"purchasable","12":"product-type-simple"},"_links":{"self":[{"href":"https:\/\/parisparis.movilizame.com.ar\/index.php?rest_route=\/wp\/v2\/product\/8845","targetHints":{"allow":["GET"]}}],"collection":[{"href":"https:\/\/parisparis.movilizame.com.ar\/index.php?rest_route=\/wp\/v2\/product"}],"about":[{"href":"https:\/\/parisparis.movilizame.com.ar\/index.php?rest_route=\/wp\/v2\/types\/product"}],"replies":[{"embeddable":true,"href":"https:\/\/parisparis.movilizame.com.ar\/index.php?rest_route=%2Fwp%2Fv2%2Fcomments&post=8845"}],"wp:featuredmedia":[{"embeddable":true,"href":"https:\/\/parisparis.movilizame.com.ar\/index.php?rest_route=\/wp\/v2\/media\/8846"}],"wp:attachment":[{"href":"https:\/\/parisparis.movilizame.com.ar\/index.php?rest_route=%2Fwp%2Fv2%2Fmedia&parent=8845"}],"wp:term":[{"taxonomy":"product_brand","embeddable":true,"href":"https:\/\/parisparis.movilizame.com.ar\/index.php?rest_route=%2Fwp%2Fv2%2Fproduct_brand&post=8845"},{"taxonomy":"product_cat","embeddable":true,"href":"https:\/\/parisparis.movilizame.com.ar\/index.php?rest_route=%2Fwp%2Fv2%2Fproduct_cat&post=8845"},{"taxonomy":"product_tag","embeddable":true,"href":"https:\/\/parisparis.movilizame.com.ar\/index.php?rest_route=%2Fwp%2Fv2%2Fproduct_tag&post=8845"}],"curies":[{"name":"wp","href":"https:\/\/api.w.org\/{rel}","templated":true}]}}