{"id":8843,"date":"2026-03-19T11:27:00","date_gmt":"2026-03-19T14:27:00","guid":{"rendered":"https:\/\/parisparis.movilizame.com.ar\/?post_type=product&#038;p=8843"},"modified":"2026-03-19T11:27:00","modified_gmt":"2026-03-19T14:27:00","slug":"la-puissance-redensify-mascara-250-ml","status":"publish","type":"product","link":"https:\/\/parisparis.movilizame.com.ar\/?product=la-puissance-redensify-mascara-250-ml","title":{"rendered":"LA PUISSANCE &#8211; REDENSIFY MASCARA 250 ML"},"content":{"rendered":"<p><span style=\"font-weight: 400;\">Fue dise\u00f1ada para tratar cabellos finos y ultrafinos con p\u00e9rdida de densidad.\u00a0<\/span><\/p>\n<p><span style=\"font-weight: 400;\">Su combinaci\u00f3n de ingredientes activos hidrata y proporciona resistencia y plenitud al cabello. Su exclusiva f\u00f3rmula de \u00faltima generaci\u00f3n contiene altas concentraciones de col\u00e1geno, la prote\u00edna m\u00e1s abundante en el ser humano, fusionada en un complejo multifuncional que fortalece la fibra capilar y protege la parte externa del cabello, mejorando la vitalidad de los fol\u00edculos. La elastina, otra prote\u00edna vital para el cabello, proporciona elasticidad y firmeza, mientras que la provitamina B5 repara los da\u00f1os, reduce la formaci\u00f3n de puntas abiertas, acondiciona y aumenta el grosor de cada hebra.\u00a0<\/span><\/p>\n<p><span style=\"font-weight: 400;\">El cabello se ve m\u00e1s completo y con m\u00e1s cuerpo.<\/span><\/p>\n<p dir=\"ltr\"><strong>Modo de uso:\u00a0<\/strong>Aplicar sobre el cabello h\u00famedo luego del lavado, masajeando de medios a puntas. Dejar actuar 5 minutos y luego enjuagar. Recomendamos su aplicaci\u00f3n 1 o 2 veces por semana, en reemplazo del tratamiento. Para su \u00f3ptima eficacia, se recomienda su utilizaci\u00f3n en combinaci\u00f3n con los dem\u00e1s productos de la l\u00ednea\u00a0Redensify.<\/p>\n","protected":false},"excerpt":{"rendered":"<p>Fue dise\u00f1ada para tratar cabellos finos y ultrafinos con p\u00e9rdida de densidad.\u00a0 Su combinaci\u00f3n de ingredientes activos hidrata y proporciona&#8230;<\/p>\n","protected":false},"featured_media":8844,"comment_status":"open","ping_status":"closed","template":"","meta":[],"product_brand":[1496],"product_cat":[],"product_tag":[],"class_list":{"0":"post-8843","1":"product","2":"type-product","3":"status-publish","4":"has-post-thumbnail","6":"product_brand-la-puissance","8":"first","9":"instock","10":"shipping-taxable","11":"purchasable","12":"product-type-simple"},"_links":{"self":[{"href":"https:\/\/parisparis.movilizame.com.ar\/index.php?rest_route=\/wp\/v2\/product\/8843","targetHints":{"allow":["GET"]}}],"collection":[{"href":"https:\/\/parisparis.movilizame.com.ar\/index.php?rest_route=\/wp\/v2\/product"}],"about":[{"href":"https:\/\/parisparis.movilizame.com.ar\/index.php?rest_route=\/wp\/v2\/types\/product"}],"replies":[{"embeddable":true,"href":"https:\/\/parisparis.movilizame.com.ar\/index.php?rest_route=%2Fwp%2Fv2%2Fcomments&post=8843"}],"wp:featuredmedia":[{"embeddable":true,"href":"https:\/\/parisparis.movilizame.com.ar\/index.php?rest_route=\/wp\/v2\/media\/8844"}],"wp:attachment":[{"href":"https:\/\/parisparis.movilizame.com.ar\/index.php?rest_route=%2Fwp%2Fv2%2Fmedia&parent=8843"}],"wp:term":[{"taxonomy":"product_brand","embeddable":true,"href":"https:\/\/parisparis.movilizame.com.ar\/index.php?rest_route=%2Fwp%2Fv2%2Fproduct_brand&post=8843"},{"taxonomy":"product_cat","embeddable":true,"href":"https:\/\/parisparis.movilizame.com.ar\/index.php?rest_route=%2Fwp%2Fv2%2Fproduct_cat&post=8843"},{"taxonomy":"product_tag","embeddable":true,"href":"https:\/\/parisparis.movilizame.com.ar\/index.php?rest_route=%2Fwp%2Fv2%2Fproduct_tag&post=8843"}],"curies":[{"name":"wp","href":"https:\/\/api.w.org\/{rel}","templated":true}]}}