{"id":8841,"date":"2026-03-19T11:21:18","date_gmt":"2026-03-19T14:21:18","guid":{"rendered":"https:\/\/parisparis.movilizame.com.ar\/?post_type=product&#038;p=8841"},"modified":"2026-03-19T11:21:18","modified_gmt":"2026-03-19T14:21:18","slug":"la-puissance-protector-termico-250-ml","status":"publish","type":"product","link":"https:\/\/parisparis.movilizame.com.ar\/?product=la-puissance-protector-termico-250-ml","title":{"rendered":"LA PUISSANCE &#8211; PROTECTOR TERMICO 250 ML"},"content":{"rendered":"<div>El\u00a0<strong>protector t\u00e9rmico<\/strong>\u00a0de La Puiss\u00e2nce refuerza y protege el cabello del calor de hasta 200\u00b0C para reducir el riesgo de ca\u00edda debido a la rotura causada por las herramientas de calor. Con su nueva y mejorada f\u00f3rmula, enriquecida con t\u00e9 verde y \u00e1cido hialur\u00f3nico, ayuda a mantener la hidrataci\u00f3n, lo que puede mejorar la textura y la elasticidad del cabello. El resultado es un cabello\u00a0<strong>brillante\u00a0<\/strong>y suave al tacto, con una sensaci\u00f3n sedosa.<\/div>\n<div><strong>Modo de uso:\u00a0<\/strong>Sobre el cabello h\u00famedo, dividir el mismo en secciones y aplicar el protector t\u00e9rmico. Luego peinar para que se esparza uniformemente el producto.<\/div>\n","protected":false},"excerpt":{"rendered":"<p>El\u00a0protector t\u00e9rmico\u00a0de La Puiss\u00e2nce refuerza y protege el cabello del calor de hasta 200\u00b0C para reducir el riesgo de ca\u00edda&#8230;<\/p>\n","protected":false},"featured_media":8842,"comment_status":"open","ping_status":"closed","template":"","meta":[],"product_brand":[1496],"product_cat":[],"product_tag":[],"class_list":{"0":"post-8841","1":"product","2":"type-product","3":"status-publish","4":"has-post-thumbnail","6":"product_brand-la-puissance","8":"first","9":"instock","10":"shipping-taxable","11":"purchasable","12":"product-type-simple"},"_links":{"self":[{"href":"https:\/\/parisparis.movilizame.com.ar\/index.php?rest_route=\/wp\/v2\/product\/8841","targetHints":{"allow":["GET"]}}],"collection":[{"href":"https:\/\/parisparis.movilizame.com.ar\/index.php?rest_route=\/wp\/v2\/product"}],"about":[{"href":"https:\/\/parisparis.movilizame.com.ar\/index.php?rest_route=\/wp\/v2\/types\/product"}],"replies":[{"embeddable":true,"href":"https:\/\/parisparis.movilizame.com.ar\/index.php?rest_route=%2Fwp%2Fv2%2Fcomments&post=8841"}],"wp:featuredmedia":[{"embeddable":true,"href":"https:\/\/parisparis.movilizame.com.ar\/index.php?rest_route=\/wp\/v2\/media\/8842"}],"wp:attachment":[{"href":"https:\/\/parisparis.movilizame.com.ar\/index.php?rest_route=%2Fwp%2Fv2%2Fmedia&parent=8841"}],"wp:term":[{"taxonomy":"product_brand","embeddable":true,"href":"https:\/\/parisparis.movilizame.com.ar\/index.php?rest_route=%2Fwp%2Fv2%2Fproduct_brand&post=8841"},{"taxonomy":"product_cat","embeddable":true,"href":"https:\/\/parisparis.movilizame.com.ar\/index.php?rest_route=%2Fwp%2Fv2%2Fproduct_cat&post=8841"},{"taxonomy":"product_tag","embeddable":true,"href":"https:\/\/parisparis.movilizame.com.ar\/index.php?rest_route=%2Fwp%2Fv2%2Fproduct_tag&post=8841"}],"curies":[{"name":"wp","href":"https:\/\/api.w.org\/{rel}","templated":true}]}}