{"id":8823,"date":"2026-03-18T11:21:55","date_gmt":"2026-03-18T14:21:55","guid":{"rendered":"https:\/\/parisparis.movilizame.com.ar\/?post_type=product&#038;p=8823"},"modified":"2026-03-18T11:21:55","modified_gmt":"2026-03-18T14:21:55","slug":"la-puissance-oleo-de-palta-30-ml","status":"publish","type":"product","link":"https:\/\/parisparis.movilizame.com.ar\/?product=la-puissance-oleo-de-palta-30-ml","title":{"rendered":"LA PUISSANCE &#8211; OLEO DE PALTA 30 ML"},"content":{"rendered":"<p><span style=\"font-weight: 400;\">El incre\u00edble \u00f3leo de palta trabaja como reparador de puntas,\u00a0 ayuda a controlar el encrespamiento, mejora la nutrici\u00f3n y la apariencia en todo tipo de cabellos.\u00a0<\/span><\/p>\n<p><span style=\"font-weight: 400;\">Esta potente f\u00f3rmula est\u00e1 enriquecida con el preciado aceite de palta, una fuente de riqueza natural para tu cabello. Con una potente emoliencia respaldada por los \u00e1cidos grasos Omega 6 y Omega 9, este elixir de hidrataci\u00f3n profunda transformar\u00e1 tu rutina de cuidado capilar desde el primer uso.<\/span><\/p>\n<p><span style=\"font-weight: 400;\">Decile adi\u00f3s a los enredos molestos mientras nutr\u00eds cada hebra capilar, centr\u00e1ndote en esas puntas tan vulnerables que sufren desgaste constante. \u00bfEl resultado? Un cabello deslumbrante que irradia brillo y suavidad en cada movimiento.<\/span><\/p>\n<p><span style=\"font-weight: 400;\">Dale a tu cabello el cuidado que se merece y experiment\u00e1 la diferencia con nuestro \u00d3leo de Palta.<\/span><\/p>\n","protected":false},"excerpt":{"rendered":"<p>El incre\u00edble \u00f3leo de palta trabaja como reparador de puntas,\u00a0 ayuda a controlar el encrespamiento, mejora la nutrici\u00f3n y la&#8230;<\/p>\n","protected":false},"featured_media":8824,"comment_status":"open","ping_status":"closed","template":"","meta":[],"product_brand":[1496],"product_cat":[],"product_tag":[],"class_list":{"0":"post-8823","1":"product","2":"type-product","3":"status-publish","4":"has-post-thumbnail","6":"product_brand-la-puissance","8":"first","9":"instock","10":"shipping-taxable","11":"purchasable","12":"product-type-simple"},"_links":{"self":[{"href":"https:\/\/parisparis.movilizame.com.ar\/index.php?rest_route=\/wp\/v2\/product\/8823","targetHints":{"allow":["GET"]}}],"collection":[{"href":"https:\/\/parisparis.movilizame.com.ar\/index.php?rest_route=\/wp\/v2\/product"}],"about":[{"href":"https:\/\/parisparis.movilizame.com.ar\/index.php?rest_route=\/wp\/v2\/types\/product"}],"replies":[{"embeddable":true,"href":"https:\/\/parisparis.movilizame.com.ar\/index.php?rest_route=%2Fwp%2Fv2%2Fcomments&post=8823"}],"wp:featuredmedia":[{"embeddable":true,"href":"https:\/\/parisparis.movilizame.com.ar\/index.php?rest_route=\/wp\/v2\/media\/8824"}],"wp:attachment":[{"href":"https:\/\/parisparis.movilizame.com.ar\/index.php?rest_route=%2Fwp%2Fv2%2Fmedia&parent=8823"}],"wp:term":[{"taxonomy":"product_brand","embeddable":true,"href":"https:\/\/parisparis.movilizame.com.ar\/index.php?rest_route=%2Fwp%2Fv2%2Fproduct_brand&post=8823"},{"taxonomy":"product_cat","embeddable":true,"href":"https:\/\/parisparis.movilizame.com.ar\/index.php?rest_route=%2Fwp%2Fv2%2Fproduct_cat&post=8823"},{"taxonomy":"product_tag","embeddable":true,"href":"https:\/\/parisparis.movilizame.com.ar\/index.php?rest_route=%2Fwp%2Fv2%2Fproduct_tag&post=8823"}],"curies":[{"name":"wp","href":"https:\/\/api.w.org\/{rel}","templated":true}]}}