{"id":8815,"date":"2026-03-18T10:52:02","date_gmt":"2026-03-18T13:52:02","guid":{"rendered":"https:\/\/parisparis.movilizame.com.ar\/?post_type=product&#038;p=8815"},"modified":"2026-03-18T10:52:02","modified_gmt":"2026-03-18T13:52:02","slug":"la-puissance-nutrition-tratamiento-argan-y-acido-hialuronico-300-ml","status":"publish","type":"product","link":"https:\/\/parisparis.movilizame.com.ar\/?product=la-puissance-nutrition-tratamiento-argan-y-acido-hialuronico-300-ml","title":{"rendered":"LA PUISSANCE &#8211; NUTRITION TRATAMIENTO ARGAN Y ACIDO HIALURONICO 300 ML"},"content":{"rendered":"<p>Formulado con arg\u00e1n y \u00e1cido hialur\u00f3nico, este acondicionador\u00a0<strong>nutritivo<\/strong>\u00a0humecta profundamente el cabello, al mismo tiempo que repara el da\u00f1o y previene la rotura. Ayuda a mejorar la textura, reducir el encrespamiento y mejorar la salud general de cada hebra. Dise\u00f1ado especialmente para los cabellos resecos y sensibilizados, es un paso imprescindible en tu rutina de cuidado capilar.<\/p>\n<p><strong>Modo de uso:<\/strong>\u00a0Luego del shampoo y sobre el cabello mojado, se aplica de medios a puntas, masajeando suavemente durante 2 a 3 minutos y luego se enjuaga. De uso cotidiano. Para su \u00f3ptima eficacia, se recomienda su utilizaci\u00f3n en combinaci\u00f3n con los dem\u00e1s productos de la l\u00ednea Nutrition.<\/p>\n","protected":false},"excerpt":{"rendered":"<p>Formulado con arg\u00e1n y \u00e1cido hialur\u00f3nico, este acondicionador\u00a0nutritivo\u00a0humecta profundamente el cabello, al mismo tiempo que repara el da\u00f1o y previene&#8230;<\/p>\n","protected":false},"featured_media":8816,"comment_status":"open","ping_status":"closed","template":"","meta":[],"product_brand":[1496],"product_cat":[],"product_tag":[],"class_list":{"0":"post-8815","1":"product","2":"type-product","3":"status-publish","4":"has-post-thumbnail","6":"product_brand-la-puissance","8":"first","9":"instock","10":"shipping-taxable","11":"purchasable","12":"product-type-simple"},"_links":{"self":[{"href":"https:\/\/parisparis.movilizame.com.ar\/index.php?rest_route=\/wp\/v2\/product\/8815","targetHints":{"allow":["GET"]}}],"collection":[{"href":"https:\/\/parisparis.movilizame.com.ar\/index.php?rest_route=\/wp\/v2\/product"}],"about":[{"href":"https:\/\/parisparis.movilizame.com.ar\/index.php?rest_route=\/wp\/v2\/types\/product"}],"replies":[{"embeddable":true,"href":"https:\/\/parisparis.movilizame.com.ar\/index.php?rest_route=%2Fwp%2Fv2%2Fcomments&post=8815"}],"wp:featuredmedia":[{"embeddable":true,"href":"https:\/\/parisparis.movilizame.com.ar\/index.php?rest_route=\/wp\/v2\/media\/8816"}],"wp:attachment":[{"href":"https:\/\/parisparis.movilizame.com.ar\/index.php?rest_route=%2Fwp%2Fv2%2Fmedia&parent=8815"}],"wp:term":[{"taxonomy":"product_brand","embeddable":true,"href":"https:\/\/parisparis.movilizame.com.ar\/index.php?rest_route=%2Fwp%2Fv2%2Fproduct_brand&post=8815"},{"taxonomy":"product_cat","embeddable":true,"href":"https:\/\/parisparis.movilizame.com.ar\/index.php?rest_route=%2Fwp%2Fv2%2Fproduct_cat&post=8815"},{"taxonomy":"product_tag","embeddable":true,"href":"https:\/\/parisparis.movilizame.com.ar\/index.php?rest_route=%2Fwp%2Fv2%2Fproduct_tag&post=8815"}],"curies":[{"name":"wp","href":"https:\/\/api.w.org\/{rel}","templated":true}]}}