{"id":8809,"date":"2026-03-18T10:35:45","date_gmt":"2026-03-18T13:35:45","guid":{"rendered":"https:\/\/parisparis.movilizame.com.ar\/?post_type=product&#038;p=8809"},"modified":"2026-03-18T10:35:45","modified_gmt":"2026-03-18T13:35:45","slug":"la-puissance-nutrition-therapy-mascara-250-ml","status":"publish","type":"product","link":"https:\/\/parisparis.movilizame.com.ar\/?product=la-puissance-nutrition-therapy-mascara-250-ml","title":{"rendered":"LA PUISSANCE &#8211; NUTRITION THERAPY MASCARA 250 ML"},"content":{"rendered":"<p>Especialmente dise\u00f1ada para proporcionar una nutrici\u00f3n profunda a cabellos desvitalizados, secos y quebradizos. Est\u00e1 enriquecida con una poderosa combinaci\u00f3n de aceite de palta y aceite de oliva para combatir eficazmente los signos del envejecimiento capilar.<\/p>\n<p>La alta concentraci\u00f3n de glicerina vegetal en esta m\u00e1scara brinda una hidrataci\u00f3n intensa, ayudando a retener la humedad en cada hebra capilar, lo que resulta en un cabello manejable y flexible. Adem\u00e1s, controla las puntas abiertas, dejando el cabello reparado y fortalecido. Tu cabello reflejar\u00e1 la luz de una manera espectacular, mostrando vitalidad renovada y una suavidad incomparable al tacto.<\/p>\n<p><strong>BENEFICIOS<\/strong><\/p>\n<ul>\n<li aria-level=\"1\">Nutrici\u00f3n profunda<\/li>\n<li aria-level=\"1\">Combate el envejecimiento capilar<\/li>\n<li aria-level=\"1\">Hidrataci\u00f3n intensa gracias a la glicerina vegetal<\/li>\n<li aria-level=\"1\">Control de puntas abiertas<\/li>\n<li aria-level=\"1\">Otorga brillo, sedosidad y fuerza<\/li>\n<li aria-level=\"1\">Vitalidad renovada<\/li>\n<li aria-level=\"1\">Libre de parabenos y crueldad animal<\/li>\n<\/ul>\n<p><strong>Modo de uso:<\/strong>\u00a0Aplicar sobre el cabello h\u00famedo luego del lavado, masajeando de medios a puntas. Dejar actuar 5 minutos y luego enjuagar. Recomendamos su aplicaci\u00f3n 1 o 2 veces por semana, en reemplazo del tratamiento. Para su \u00f3ptima eficacia, se recomienda su utilizaci\u00f3n en combinaci\u00f3n con los dem\u00e1s productos de la l\u00ednea Nutrition Therapy.<\/p>\n","protected":false},"excerpt":{"rendered":"<p>Especialmente dise\u00f1ada para proporcionar una nutrici\u00f3n profunda a cabellos desvitalizados, secos y quebradizos. Est\u00e1 enriquecida con una poderosa combinaci\u00f3n de&#8230;<\/p>\n","protected":false},"featured_media":8810,"comment_status":"open","ping_status":"closed","template":"","meta":[],"product_brand":[1496],"product_cat":[],"product_tag":[],"class_list":{"0":"post-8809","1":"product","2":"type-product","3":"status-publish","4":"has-post-thumbnail","6":"product_brand-la-puissance","8":"first","9":"instock","10":"shipping-taxable","11":"purchasable","12":"product-type-simple"},"_links":{"self":[{"href":"https:\/\/parisparis.movilizame.com.ar\/index.php?rest_route=\/wp\/v2\/product\/8809","targetHints":{"allow":["GET"]}}],"collection":[{"href":"https:\/\/parisparis.movilizame.com.ar\/index.php?rest_route=\/wp\/v2\/product"}],"about":[{"href":"https:\/\/parisparis.movilizame.com.ar\/index.php?rest_route=\/wp\/v2\/types\/product"}],"replies":[{"embeddable":true,"href":"https:\/\/parisparis.movilizame.com.ar\/index.php?rest_route=%2Fwp%2Fv2%2Fcomments&post=8809"}],"wp:featuredmedia":[{"embeddable":true,"href":"https:\/\/parisparis.movilizame.com.ar\/index.php?rest_route=\/wp\/v2\/media\/8810"}],"wp:attachment":[{"href":"https:\/\/parisparis.movilizame.com.ar\/index.php?rest_route=%2Fwp%2Fv2%2Fmedia&parent=8809"}],"wp:term":[{"taxonomy":"product_brand","embeddable":true,"href":"https:\/\/parisparis.movilizame.com.ar\/index.php?rest_route=%2Fwp%2Fv2%2Fproduct_brand&post=8809"},{"taxonomy":"product_cat","embeddable":true,"href":"https:\/\/parisparis.movilizame.com.ar\/index.php?rest_route=%2Fwp%2Fv2%2Fproduct_cat&post=8809"},{"taxonomy":"product_tag","embeddable":true,"href":"https:\/\/parisparis.movilizame.com.ar\/index.php?rest_route=%2Fwp%2Fv2%2Fproduct_tag&post=8809"}],"curies":[{"name":"wp","href":"https:\/\/api.w.org\/{rel}","templated":true}]}}