{"id":8807,"date":"2026-03-18T10:30:14","date_gmt":"2026-03-18T13:30:14","guid":{"rendered":"https:\/\/parisparis.movilizame.com.ar\/?post_type=product&#038;p=8807"},"modified":"2026-03-18T10:30:14","modified_gmt":"2026-03-18T13:30:14","slug":"la-puissance-nutrition-shampoo-argan-y-acido-hialuronico-300-ml","status":"publish","type":"product","link":"https:\/\/parisparis.movilizame.com.ar\/?product=la-puissance-nutrition-shampoo-argan-y-acido-hialuronico-300-ml","title":{"rendered":"LA PUISSANCE &#8211; NUTRITION SHAMPOO ARGAN Y ACIDO HIALURONICO 300 ML"},"content":{"rendered":"<p><span style=\"font-weight: 400;\">Una exclusiva f\u00f3rmula de alta gama especialmente creada para los cabellos resecos y sensibilizados que revive y limpia suavemente el cabello para dejarlo nutrido, fuerte y manejable. Enriquecido con arg\u00e1n y \u00e1cido hialur\u00f3nico, ayuda a reparar hebras rotas, restaurando la hidrataci\u00f3n, la elasticidad y el brillo desde la primera aplicaci\u00f3n.\u00a0<\/span><\/p>\n<p><span style=\"font-weight: 400;\"><strong>Modo de uso:<\/strong>\u00a0Se aplica sobre el cabello mojado, masajeando suavemente sobre el cuero cabelludo durante 2 a 3 minutos y luego se enjuaga. De uso cotidiano. Para su \u00f3ptima eficacia, se recomienda su utilizaci\u00f3n en combinaci\u00f3n con los dem\u00e1s productos de la l\u00ednea Nutrition.<\/span><\/p>\n","protected":false},"excerpt":{"rendered":"<p>Una exclusiva f\u00f3rmula de alta gama especialmente creada para los cabellos resecos y sensibilizados que revive y limpia suavemente el&#8230;<\/p>\n","protected":false},"featured_media":8808,"comment_status":"open","ping_status":"closed","template":"","meta":[],"product_brand":[1496],"product_cat":[],"product_tag":[],"class_list":{"0":"post-8807","1":"product","2":"type-product","3":"status-publish","4":"has-post-thumbnail","6":"product_brand-la-puissance","8":"first","9":"instock","10":"shipping-taxable","11":"purchasable","12":"product-type-simple"},"_links":{"self":[{"href":"https:\/\/parisparis.movilizame.com.ar\/index.php?rest_route=\/wp\/v2\/product\/8807","targetHints":{"allow":["GET"]}}],"collection":[{"href":"https:\/\/parisparis.movilizame.com.ar\/index.php?rest_route=\/wp\/v2\/product"}],"about":[{"href":"https:\/\/parisparis.movilizame.com.ar\/index.php?rest_route=\/wp\/v2\/types\/product"}],"replies":[{"embeddable":true,"href":"https:\/\/parisparis.movilizame.com.ar\/index.php?rest_route=%2Fwp%2Fv2%2Fcomments&post=8807"}],"wp:featuredmedia":[{"embeddable":true,"href":"https:\/\/parisparis.movilizame.com.ar\/index.php?rest_route=\/wp\/v2\/media\/8808"}],"wp:attachment":[{"href":"https:\/\/parisparis.movilizame.com.ar\/index.php?rest_route=%2Fwp%2Fv2%2Fmedia&parent=8807"}],"wp:term":[{"taxonomy":"product_brand","embeddable":true,"href":"https:\/\/parisparis.movilizame.com.ar\/index.php?rest_route=%2Fwp%2Fv2%2Fproduct_brand&post=8807"},{"taxonomy":"product_cat","embeddable":true,"href":"https:\/\/parisparis.movilizame.com.ar\/index.php?rest_route=%2Fwp%2Fv2%2Fproduct_cat&post=8807"},{"taxonomy":"product_tag","embeddable":true,"href":"https:\/\/parisparis.movilizame.com.ar\/index.php?rest_route=%2Fwp%2Fv2%2Fproduct_tag&post=8807"}],"curies":[{"name":"wp","href":"https:\/\/api.w.org\/{rel}","templated":true}]}}