{"id":8805,"date":"2026-03-18T10:26:46","date_gmt":"2026-03-18T13:26:46","guid":{"rendered":"https:\/\/parisparis.movilizame.com.ar\/?post_type=product&#038;p=8805"},"modified":"2026-03-18T10:26:46","modified_gmt":"2026-03-18T13:26:46","slug":"la-puissance-nutrition-mascara-argan-y-acido-hialuronico-250-ml","status":"publish","type":"product","link":"https:\/\/parisparis.movilizame.com.ar\/?product=la-puissance-nutrition-mascara-argan-y-acido-hialuronico-250-ml","title":{"rendered":"LA PUISSANCE &#8211; NUTRITION MASCARA ARGAN Y ACIDO HIALURONICO 250 ML"},"content":{"rendered":"<p>Elaborada con arg\u00e1n y \u00e1cido hialur\u00f3nico, la m\u00e1scara Nutrition restaura la capa protectora del cabello, suaviza incluso las hebras m\u00e1s resecas y sensibilizadas, y revitaliza el cabello da\u00f1ado. Genera un perfecto efecto de nutrici\u00f3n intensa y extraordinaria, otorgando un gran control del frizz de larga duraci\u00f3n desde la primera aplicaci\u00f3n.<\/p>\n<p><strong>Modo de uso:\u00a0<\/strong>Se aplica sobre el cabello mojado luego del shampoo, masajeando desde la ra\u00edz hacia las puntas de 3 a 4 minutos y luego se enjuaga. Recomendamos aplicarla 2 veces por semana.<\/p>\n","protected":false},"excerpt":{"rendered":"<p>Elaborada con arg\u00e1n y \u00e1cido hialur\u00f3nico, la m\u00e1scara Nutrition restaura la capa protectora del cabello, suaviza incluso las hebras m\u00e1s&#8230;<\/p>\n","protected":false},"featured_media":8806,"comment_status":"open","ping_status":"closed","template":"","meta":[],"product_brand":[1496],"product_cat":[],"product_tag":[],"class_list":{"0":"post-8805","1":"product","2":"type-product","3":"status-publish","4":"has-post-thumbnail","6":"product_brand-la-puissance","8":"first","9":"instock","10":"shipping-taxable","11":"purchasable","12":"product-type-simple"},"_links":{"self":[{"href":"https:\/\/parisparis.movilizame.com.ar\/index.php?rest_route=\/wp\/v2\/product\/8805","targetHints":{"allow":["GET"]}}],"collection":[{"href":"https:\/\/parisparis.movilizame.com.ar\/index.php?rest_route=\/wp\/v2\/product"}],"about":[{"href":"https:\/\/parisparis.movilizame.com.ar\/index.php?rest_route=\/wp\/v2\/types\/product"}],"replies":[{"embeddable":true,"href":"https:\/\/parisparis.movilizame.com.ar\/index.php?rest_route=%2Fwp%2Fv2%2Fcomments&post=8805"}],"wp:featuredmedia":[{"embeddable":true,"href":"https:\/\/parisparis.movilizame.com.ar\/index.php?rest_route=\/wp\/v2\/media\/8806"}],"wp:attachment":[{"href":"https:\/\/parisparis.movilizame.com.ar\/index.php?rest_route=%2Fwp%2Fv2%2Fmedia&parent=8805"}],"wp:term":[{"taxonomy":"product_brand","embeddable":true,"href":"https:\/\/parisparis.movilizame.com.ar\/index.php?rest_route=%2Fwp%2Fv2%2Fproduct_brand&post=8805"},{"taxonomy":"product_cat","embeddable":true,"href":"https:\/\/parisparis.movilizame.com.ar\/index.php?rest_route=%2Fwp%2Fv2%2Fproduct_cat&post=8805"},{"taxonomy":"product_tag","embeddable":true,"href":"https:\/\/parisparis.movilizame.com.ar\/index.php?rest_route=%2Fwp%2Fv2%2Fproduct_tag&post=8805"}],"curies":[{"name":"wp","href":"https:\/\/api.w.org\/{rel}","templated":true}]}}