{"id":8803,"date":"2026-03-18T10:23:34","date_gmt":"2026-03-18T13:23:34","guid":{"rendered":"https:\/\/parisparis.movilizame.com.ar\/?post_type=product&#038;p=8803"},"modified":"2026-03-18T10:23:34","modified_gmt":"2026-03-18T13:23:34","slug":"la-puissance-nutrition-ampolla-shock-argan-acido-hialuronico-15-ml","status":"publish","type":"product","link":"https:\/\/parisparis.movilizame.com.ar\/?product=la-puissance-nutrition-ampolla-shock-argan-acido-hialuronico-15-ml","title":{"rendered":"LA PUISSANCE &#8211; NUTRITION AMPOLLA SHOCK ARGAN ACIDO HIALURONICO 15 ML"},"content":{"rendered":"<p>Combina ingredientes de alta calidad para un cuidado intensivo del cabello. El aceite de arg\u00e1n\u00a0<strong>nutre\u00a0<\/strong>y\u00a0<strong>suaviza<\/strong>, mientras que los liposomas de \u00e1cido hialur\u00f3nico hidratan profundamente, manteniendo el cabello flexible y f\u00e1cil de peinar. Con una emulsi\u00f3n cati\u00f3nica de pH neutro, esta ampolla acondiciona y desenreda el cabello, reduciendo el tiempo de secado. La glicerina vegetal, obtenida de aceites de coco y soja, retiene la humedad, otorgando una hidrataci\u00f3n duradera. Varisoft, un potente acondicionador, proporciona suavidad y sedosidad, reduciendo las puntas abiertas.\u00a0<b><\/b><\/p>\n<p dir=\"ltr\">Esta f\u00f3rmula rica en activos ofrece un verdadero efecto shock, dejando el cabello profundamente nutrido, manejable y radiante desde la primera aplicaci\u00f3n.\u00a0<b><\/b><\/p>\n<p dir=\"ltr\"><strong>Modo de uso:<\/strong>\u00a0aplicar luego del lavado con shampoo desde el cuero cabelludo hasta la ra\u00edz masajeando muy suavemente. Dejar actuar 15 minutos y enjuagar abundantemente. Utilizar media ampolla si el cabello es corto y una ampolla entera si es largo.<b><\/b><\/p>\n<p dir=\"ltr\">Al ser de un shock intensivo, la ampolla se puede aplicar una vez por semana y no es necesario ese d\u00eda aplicar el tratamiento ni la m\u00e1scara.<\/p>\n","protected":false},"excerpt":{"rendered":"<p>Combina ingredientes de alta calidad para un cuidado intensivo del cabello. El aceite de arg\u00e1n\u00a0nutre\u00a0y\u00a0suaviza, mientras que los liposomas de&#8230;<\/p>\n","protected":false},"featured_media":8804,"comment_status":"open","ping_status":"closed","template":"","meta":[],"product_brand":[1496],"product_cat":[],"product_tag":[],"class_list":{"0":"post-8803","1":"product","2":"type-product","3":"status-publish","4":"has-post-thumbnail","6":"product_brand-la-puissance","8":"first","9":"instock","10":"shipping-taxable","11":"purchasable","12":"product-type-simple"},"_links":{"self":[{"href":"https:\/\/parisparis.movilizame.com.ar\/index.php?rest_route=\/wp\/v2\/product\/8803","targetHints":{"allow":["GET"]}}],"collection":[{"href":"https:\/\/parisparis.movilizame.com.ar\/index.php?rest_route=\/wp\/v2\/product"}],"about":[{"href":"https:\/\/parisparis.movilizame.com.ar\/index.php?rest_route=\/wp\/v2\/types\/product"}],"replies":[{"embeddable":true,"href":"https:\/\/parisparis.movilizame.com.ar\/index.php?rest_route=%2Fwp%2Fv2%2Fcomments&post=8803"}],"wp:featuredmedia":[{"embeddable":true,"href":"https:\/\/parisparis.movilizame.com.ar\/index.php?rest_route=\/wp\/v2\/media\/8804"}],"wp:attachment":[{"href":"https:\/\/parisparis.movilizame.com.ar\/index.php?rest_route=%2Fwp%2Fv2%2Fmedia&parent=8803"}],"wp:term":[{"taxonomy":"product_brand","embeddable":true,"href":"https:\/\/parisparis.movilizame.com.ar\/index.php?rest_route=%2Fwp%2Fv2%2Fproduct_brand&post=8803"},{"taxonomy":"product_cat","embeddable":true,"href":"https:\/\/parisparis.movilizame.com.ar\/index.php?rest_route=%2Fwp%2Fv2%2Fproduct_cat&post=8803"},{"taxonomy":"product_tag","embeddable":true,"href":"https:\/\/parisparis.movilizame.com.ar\/index.php?rest_route=%2Fwp%2Fv2%2Fproduct_tag&post=8803"}],"curies":[{"name":"wp","href":"https:\/\/api.w.org\/{rel}","templated":true}]}}