{"id":8791,"date":"2026-03-10T12:46:13","date_gmt":"2026-03-10T15:46:13","guid":{"rendered":"https:\/\/parisparis.movilizame.com.ar\/?post_type=product&#038;p=8791"},"modified":"2026-03-11T11:39:09","modified_gmt":"2026-03-11T14:39:09","slug":"la-puissance-keratine-ampolla-cabellos-danados-15-ml","status":"publish","type":"product","link":"https:\/\/parisparis.movilizame.com.ar\/?product=la-puissance-keratine-ampolla-cabellos-danados-15-ml","title":{"rendered":"LA PUISSANCE &#8211; KERATINE AMPOLLA CABELLOS DA\u00d1ADOS 15 ML"},"content":{"rendered":"<p style=\"font-weight: 400;\">Un tratamiento concentrado para resultados instant\u00e1neos en la reparaci\u00f3n de cabello severamente da\u00f1ado. Con\u00a0<b><strong>phytoqueratina<\/strong><\/b>, restaura la estructura capilar y proporciona un acabado sedoso y sin frizz.<\/p>\n<p style=\"font-weight: 400;\">Modo de uso:\u00a0Aplicar sobre el cabello limpio y h\u00famedo, distribuir uniformemente y dejar actuar durante 5 minutos. Enjuagar bien y disfrutar de un cabello visiblemente renovado.<\/p>\n","protected":false},"excerpt":{"rendered":"<p>Un tratamiento concentrado para resultados instant\u00e1neos en la reparaci\u00f3n de cabello severamente da\u00f1ado. Con\u00a0phytoqueratina, restaura la estructura capilar y proporciona&#8230;<\/p>\n","protected":false},"featured_media":8792,"comment_status":"open","ping_status":"closed","template":"","meta":[],"product_brand":[1496],"product_cat":[],"product_tag":[],"class_list":{"0":"post-8791","1":"product","2":"type-product","3":"status-publish","4":"has-post-thumbnail","6":"product_brand-la-puissance","8":"first","9":"instock","10":"shipping-taxable","11":"purchasable","12":"product-type-simple"},"_links":{"self":[{"href":"https:\/\/parisparis.movilizame.com.ar\/index.php?rest_route=\/wp\/v2\/product\/8791","targetHints":{"allow":["GET"]}}],"collection":[{"href":"https:\/\/parisparis.movilizame.com.ar\/index.php?rest_route=\/wp\/v2\/product"}],"about":[{"href":"https:\/\/parisparis.movilizame.com.ar\/index.php?rest_route=\/wp\/v2\/types\/product"}],"replies":[{"embeddable":true,"href":"https:\/\/parisparis.movilizame.com.ar\/index.php?rest_route=%2Fwp%2Fv2%2Fcomments&post=8791"}],"wp:featuredmedia":[{"embeddable":true,"href":"https:\/\/parisparis.movilizame.com.ar\/index.php?rest_route=\/wp\/v2\/media\/8792"}],"wp:attachment":[{"href":"https:\/\/parisparis.movilizame.com.ar\/index.php?rest_route=%2Fwp%2Fv2%2Fmedia&parent=8791"}],"wp:term":[{"taxonomy":"product_brand","embeddable":true,"href":"https:\/\/parisparis.movilizame.com.ar\/index.php?rest_route=%2Fwp%2Fv2%2Fproduct_brand&post=8791"},{"taxonomy":"product_cat","embeddable":true,"href":"https:\/\/parisparis.movilizame.com.ar\/index.php?rest_route=%2Fwp%2Fv2%2Fproduct_cat&post=8791"},{"taxonomy":"product_tag","embeddable":true,"href":"https:\/\/parisparis.movilizame.com.ar\/index.php?rest_route=%2Fwp%2Fv2%2Fproduct_tag&post=8791"}],"curies":[{"name":"wp","href":"https:\/\/api.w.org\/{rel}","templated":true}]}}