{"id":8787,"date":"2026-03-10T12:37:49","date_gmt":"2026-03-10T15:37:49","guid":{"rendered":"https:\/\/parisparis.movilizame.com.ar\/?post_type=product&#038;p=8787"},"modified":"2026-03-10T12:37:49","modified_gmt":"2026-03-10T15:37:49","slug":"la-puissance-keratine-mascara-cabellos-danados-250-ml","status":"publish","type":"product","link":"https:\/\/parisparis.movilizame.com.ar\/?product=la-puissance-keratine-mascara-cabellos-danados-250-ml","title":{"rendered":"LA PUISSANCE &#8211; KERATINE MASCARA CABELLOS DA\u00d1ADOS 250 ML"},"content":{"rendered":"<p dir=\"ltr\">Una m\u00e1scara de acci\u00f3n intensiva que transforma el cabello da\u00f1ado en una melena suave, flexible y brillante. Su alta concentraci\u00f3n de\u00a0<strong>phytoqueratina\u00a0<\/strong>repara en profundidad, mientras que la glicerina vegetal aporta hidrataci\u00f3n duradera. Protege contra agresiones externas, creando una barrera que sella la cut\u00edcula.<\/p>\n<p dir=\"ltr\"><strong>Modo de uso<\/strong>:Aplicar generosamente desde la ra\u00edz hasta las puntas despu\u00e9s del shampoo y tratamiento. Masajear durante 5 minutos, peinar con un peine de dientes anchos y enjuagar.<\/p>\n<p dir=\"ltr\">Para un efecto m\u00e1s intenso, usar como ba\u00f1o de crema con una gorra t\u00e9rmica durante 10 minutos antes de enjuagar.<\/p>\n","protected":false},"excerpt":{"rendered":"<p>Una m\u00e1scara de acci\u00f3n intensiva que transforma el cabello da\u00f1ado en una melena suave, flexible y brillante. Su alta concentraci\u00f3n&#8230;<\/p>\n","protected":false},"featured_media":8788,"comment_status":"open","ping_status":"closed","template":"","meta":[],"product_brand":[1496],"product_cat":[],"product_tag":[],"class_list":{"0":"post-8787","1":"product","2":"type-product","3":"status-publish","4":"has-post-thumbnail","6":"product_brand-la-puissance","8":"first","9":"instock","10":"shipping-taxable","11":"purchasable","12":"product-type-simple"},"_links":{"self":[{"href":"https:\/\/parisparis.movilizame.com.ar\/index.php?rest_route=\/wp\/v2\/product\/8787","targetHints":{"allow":["GET"]}}],"collection":[{"href":"https:\/\/parisparis.movilizame.com.ar\/index.php?rest_route=\/wp\/v2\/product"}],"about":[{"href":"https:\/\/parisparis.movilizame.com.ar\/index.php?rest_route=\/wp\/v2\/types\/product"}],"replies":[{"embeddable":true,"href":"https:\/\/parisparis.movilizame.com.ar\/index.php?rest_route=%2Fwp%2Fv2%2Fcomments&post=8787"}],"wp:featuredmedia":[{"embeddable":true,"href":"https:\/\/parisparis.movilizame.com.ar\/index.php?rest_route=\/wp\/v2\/media\/8788"}],"wp:attachment":[{"href":"https:\/\/parisparis.movilizame.com.ar\/index.php?rest_route=%2Fwp%2Fv2%2Fmedia&parent=8787"}],"wp:term":[{"taxonomy":"product_brand","embeddable":true,"href":"https:\/\/parisparis.movilizame.com.ar\/index.php?rest_route=%2Fwp%2Fv2%2Fproduct_brand&post=8787"},{"taxonomy":"product_cat","embeddable":true,"href":"https:\/\/parisparis.movilizame.com.ar\/index.php?rest_route=%2Fwp%2Fv2%2Fproduct_cat&post=8787"},{"taxonomy":"product_tag","embeddable":true,"href":"https:\/\/parisparis.movilizame.com.ar\/index.php?rest_route=%2Fwp%2Fv2%2Fproduct_tag&post=8787"}],"curies":[{"name":"wp","href":"https:\/\/api.w.org\/{rel}","templated":true}]}}