{"id":8785,"date":"2026-03-10T12:34:45","date_gmt":"2026-03-10T15:34:45","guid":{"rendered":"https:\/\/parisparis.movilizame.com.ar\/?post_type=product&#038;p=8785"},"modified":"2026-03-10T12:34:45","modified_gmt":"2026-03-10T15:34:45","slug":"la-puissance-keratine-shampoo-cabellos-danados-300-ml","status":"publish","type":"product","link":"https:\/\/parisparis.movilizame.com.ar\/?product=la-puissance-keratine-shampoo-cabellos-danados-300-ml","title":{"rendered":"LA PUISSANCE &#8211; KERATINE SHAMPOO CABELLOS DA\u00d1ADOS 300 ML"},"content":{"rendered":"<p dir=\"ltr\">Dise\u00f1ado espec\u00edficamente para cabello seco y da\u00f1ado, formulado con phytoqueratina de origen vegetal que penetra profundamente en la fibra capilar para reparar y fortalecer desde el interior. Enriquecido con glicerina vegetal y alquilolamida de coco, este shampoo hidrata intensamente, reduce el frizz y aporta flexibilidad, dejando el cabello suave y brillante. Adem\u00e1s, su contenido de cocamido propil beta\u00edna, derivado del aceite de coco, calma y protege el cuero cabelludo, asegurando una limpieza eficaz y delicada.<\/p>\n<p dir=\"ltr\"><strong>Modo de uso:\u00a0<\/strong>Aplicar sobre el cabello mojado, masajeando suavemente el cuero cabelludo para eliminar impurezas y exceso de grasa. Enjuagar abundantemente y preparar el cabello para el siguiente paso de la rutina.<\/p>\n","protected":false},"excerpt":{"rendered":"<p>Dise\u00f1ado espec\u00edficamente para cabello seco y da\u00f1ado, formulado con phytoqueratina de origen vegetal que penetra profundamente en la fibra capilar&#8230;<\/p>\n","protected":false},"featured_media":8786,"comment_status":"open","ping_status":"closed","template":"","meta":[],"product_brand":[1496],"product_cat":[],"product_tag":[],"class_list":{"0":"post-8785","1":"product","2":"type-product","3":"status-publish","4":"has-post-thumbnail","6":"product_brand-la-puissance","8":"first","9":"instock","10":"shipping-taxable","11":"purchasable","12":"product-type-simple"},"_links":{"self":[{"href":"https:\/\/parisparis.movilizame.com.ar\/index.php?rest_route=\/wp\/v2\/product\/8785","targetHints":{"allow":["GET"]}}],"collection":[{"href":"https:\/\/parisparis.movilizame.com.ar\/index.php?rest_route=\/wp\/v2\/product"}],"about":[{"href":"https:\/\/parisparis.movilizame.com.ar\/index.php?rest_route=\/wp\/v2\/types\/product"}],"replies":[{"embeddable":true,"href":"https:\/\/parisparis.movilizame.com.ar\/index.php?rest_route=%2Fwp%2Fv2%2Fcomments&post=8785"}],"wp:featuredmedia":[{"embeddable":true,"href":"https:\/\/parisparis.movilizame.com.ar\/index.php?rest_route=\/wp\/v2\/media\/8786"}],"wp:attachment":[{"href":"https:\/\/parisparis.movilizame.com.ar\/index.php?rest_route=%2Fwp%2Fv2%2Fmedia&parent=8785"}],"wp:term":[{"taxonomy":"product_brand","embeddable":true,"href":"https:\/\/parisparis.movilizame.com.ar\/index.php?rest_route=%2Fwp%2Fv2%2Fproduct_brand&post=8785"},{"taxonomy":"product_cat","embeddable":true,"href":"https:\/\/parisparis.movilizame.com.ar\/index.php?rest_route=%2Fwp%2Fv2%2Fproduct_cat&post=8785"},{"taxonomy":"product_tag","embeddable":true,"href":"https:\/\/parisparis.movilizame.com.ar\/index.php?rest_route=%2Fwp%2Fv2%2Fproduct_tag&post=8785"}],"curies":[{"name":"wp","href":"https:\/\/api.w.org\/{rel}","templated":true}]}}