{"id":8783,"date":"2026-03-10T12:12:35","date_gmt":"2026-03-10T15:12:35","guid":{"rendered":"https:\/\/parisparis.movilizame.com.ar\/?post_type=product&#038;p=8783"},"modified":"2026-03-10T12:12:35","modified_gmt":"2026-03-10T15:12:35","slug":"la-puissance-hair-perfume-3-fatale-femme-75-ml","status":"publish","type":"product","link":"https:\/\/parisparis.movilizame.com.ar\/?product=la-puissance-hair-perfume-3-fatale-femme-75-ml","title":{"rendered":"LA PUISSANCE &#8211; HAIR PERFUME 3 FATALE FEMME 75 ML"},"content":{"rendered":"<p dir=\"ltr\">Perfume Fatale Femme ofrece una fragancia distintiva para todo tipo de cabello, con una sofisticada estela amaderada, jazm\u00edn y cacao. Este perfume envuelve tu cabello en notas c\u00edtricas y un toque elegante, brindando una frescura inigualable.<\/p>\n<p dir=\"ltr\">Su f\u00f3rmula anti-smoke perfuma y revitaliza, dejando el cabello sedoso, brillante y libre de frizz. La combinaci\u00f3n de jazm\u00edn y cacao con la base amaderada crea un aroma irresistible y duradero, que resalta la belleza y sofisticaci\u00f3n de tu cabello.<\/p>\n","protected":false},"excerpt":{"rendered":"<p>Perfume Fatale Femme ofrece una fragancia distintiva para todo tipo de cabello, con una sofisticada estela amaderada, jazm\u00edn y cacao&#8230;.<\/p>\n","protected":false},"featured_media":8784,"comment_status":"open","ping_status":"closed","template":"","meta":[],"product_brand":[1496],"product_cat":[],"product_tag":[],"class_list":{"0":"post-8783","1":"product","2":"type-product","3":"status-publish","4":"has-post-thumbnail","6":"product_brand-la-puissance","8":"first","9":"instock","10":"shipping-taxable","11":"purchasable","12":"product-type-simple"},"_links":{"self":[{"href":"https:\/\/parisparis.movilizame.com.ar\/index.php?rest_route=\/wp\/v2\/product\/8783","targetHints":{"allow":["GET"]}}],"collection":[{"href":"https:\/\/parisparis.movilizame.com.ar\/index.php?rest_route=\/wp\/v2\/product"}],"about":[{"href":"https:\/\/parisparis.movilizame.com.ar\/index.php?rest_route=\/wp\/v2\/types\/product"}],"replies":[{"embeddable":true,"href":"https:\/\/parisparis.movilizame.com.ar\/index.php?rest_route=%2Fwp%2Fv2%2Fcomments&post=8783"}],"wp:featuredmedia":[{"embeddable":true,"href":"https:\/\/parisparis.movilizame.com.ar\/index.php?rest_route=\/wp\/v2\/media\/8784"}],"wp:attachment":[{"href":"https:\/\/parisparis.movilizame.com.ar\/index.php?rest_route=%2Fwp%2Fv2%2Fmedia&parent=8783"}],"wp:term":[{"taxonomy":"product_brand","embeddable":true,"href":"https:\/\/parisparis.movilizame.com.ar\/index.php?rest_route=%2Fwp%2Fv2%2Fproduct_brand&post=8783"},{"taxonomy":"product_cat","embeddable":true,"href":"https:\/\/parisparis.movilizame.com.ar\/index.php?rest_route=%2Fwp%2Fv2%2Fproduct_cat&post=8783"},{"taxonomy":"product_tag","embeddable":true,"href":"https:\/\/parisparis.movilizame.com.ar\/index.php?rest_route=%2Fwp%2Fv2%2Fproduct_tag&post=8783"}],"curies":[{"name":"wp","href":"https:\/\/api.w.org\/{rel}","templated":true}]}}