{"id":8773,"date":"2026-03-10T11:49:52","date_gmt":"2026-03-10T14:49:52","guid":{"rendered":"https:\/\/parisparis.movilizame.com.ar\/?post_type=product&#038;p=8773"},"modified":"2026-03-10T11:49:52","modified_gmt":"2026-03-10T14:49:52","slug":"la-puissance-anti-hair-loss-tratamiento-300-ml","status":"publish","type":"product","link":"https:\/\/parisparis.movilizame.com.ar\/?product=la-puissance-anti-hair-loss-tratamiento-300-ml","title":{"rendered":"LA PUISSANCE &#8211; ANTI HAIR LOSS TRATAMIENTO 300 ML"},"content":{"rendered":"<p dir=\"ltr\"><strong>Tratamiento<\/strong>\u00a0formulado para acompa\u00f1ar el cuidado de cabellos con tendencia a la ca\u00edda por quiebre. Act\u00faa sobre la fibra capilar ayudando a fortalecerla, mejorar su resistencia y protegerla frente a la rotura.<br \/>\nSu f\u00f3rmula con\u00a0<strong>Capilmax\u2122\u00a0<\/strong>combina activos de origen vegetal y amino\u00e1cidos esenciales que nutren en profundidad y contribuyen a mejorar la estructura del cabello, aportando cuerpo y una textura m\u00e1s uniforme.<br \/>\nF\u00f3rmula libre de parabenos. Cruelty free.<br \/>\nCon el uso regular, el cabello se siente m\u00e1s fuerte, nutrido y con un aspecto visiblemente m\u00e1s saludable.*<\/p>\n<p dir=\"ltr\">*Resultados asociados al uso regular del producto.<\/p>\n<h3 dir=\"ltr\">RESULTADOS Y BENEFICIOS<\/h3>\n<ul>\n<li dir=\"ltr\" aria-level=\"1\">\n<p dir=\"ltr\" role=\"presentation\">Fortalece la fibra capilar<\/p>\n<\/li>\n<li dir=\"ltr\" aria-level=\"1\">\n<p dir=\"ltr\" role=\"presentation\">Ayuda a prevenir la rotura<\/p>\n<\/li>\n<li dir=\"ltr\" aria-level=\"1\">\n<p dir=\"ltr\" role=\"presentation\">Cabello m\u00e1s resistente y nutrido<\/p>\n<\/li>\n<li dir=\"ltr\" aria-level=\"1\">\n<p dir=\"ltr\" role=\"presentation\">Mayor brillo y suavidad<\/p>\n<\/li>\n<li dir=\"ltr\" aria-level=\"1\">\n<p dir=\"ltr\" role=\"presentation\">Ideal para cabellos con tendencia a la ca\u00edda<\/p>\n<\/li>\n<\/ul>\n<h3 dir=\"ltr\">MODO DE USO<\/h3>\n<p dir=\"ltr\">Luego del shampoo, aplic\u00e1 sobre el cabello h\u00famedo de medios a puntas. Masaje\u00e1 suavemente durante 2 a 3 minutos y enjuag\u00e1 con abundante agua. Apto para uso diario.<\/p>\n","protected":false},"excerpt":{"rendered":"<p>Tratamiento\u00a0formulado para acompa\u00f1ar el cuidado de cabellos con tendencia a la ca\u00edda por quiebre. Act\u00faa sobre la fibra capilar ayudando&#8230;<\/p>\n","protected":false},"featured_media":8774,"comment_status":"open","ping_status":"closed","template":"","meta":[],"product_brand":[1496],"product_cat":[],"product_tag":[],"class_list":{"0":"post-8773","1":"product","2":"type-product","3":"status-publish","4":"has-post-thumbnail","6":"product_brand-la-puissance","8":"first","9":"instock","10":"shipping-taxable","11":"purchasable","12":"product-type-simple"},"_links":{"self":[{"href":"https:\/\/parisparis.movilizame.com.ar\/index.php?rest_route=\/wp\/v2\/product\/8773","targetHints":{"allow":["GET"]}}],"collection":[{"href":"https:\/\/parisparis.movilizame.com.ar\/index.php?rest_route=\/wp\/v2\/product"}],"about":[{"href":"https:\/\/parisparis.movilizame.com.ar\/index.php?rest_route=\/wp\/v2\/types\/product"}],"replies":[{"embeddable":true,"href":"https:\/\/parisparis.movilizame.com.ar\/index.php?rest_route=%2Fwp%2Fv2%2Fcomments&post=8773"}],"wp:featuredmedia":[{"embeddable":true,"href":"https:\/\/parisparis.movilizame.com.ar\/index.php?rest_route=\/wp\/v2\/media\/8774"}],"wp:attachment":[{"href":"https:\/\/parisparis.movilizame.com.ar\/index.php?rest_route=%2Fwp%2Fv2%2Fmedia&parent=8773"}],"wp:term":[{"taxonomy":"product_brand","embeddable":true,"href":"https:\/\/parisparis.movilizame.com.ar\/index.php?rest_route=%2Fwp%2Fv2%2Fproduct_brand&post=8773"},{"taxonomy":"product_cat","embeddable":true,"href":"https:\/\/parisparis.movilizame.com.ar\/index.php?rest_route=%2Fwp%2Fv2%2Fproduct_cat&post=8773"},{"taxonomy":"product_tag","embeddable":true,"href":"https:\/\/parisparis.movilizame.com.ar\/index.php?rest_route=%2Fwp%2Fv2%2Fproduct_tag&post=8773"}],"curies":[{"name":"wp","href":"https:\/\/api.w.org\/{rel}","templated":true}]}}