{"id":8771,"date":"2026-03-10T11:47:09","date_gmt":"2026-03-10T14:47:09","guid":{"rendered":"https:\/\/parisparis.movilizame.com.ar\/?post_type=product&#038;p=8771"},"modified":"2026-03-10T11:47:09","modified_gmt":"2026-03-10T14:47:09","slug":"la-puissance-anti-hair-loss-shampoo-300-ml","status":"publish","type":"product","link":"https:\/\/parisparis.movilizame.com.ar\/?product=la-puissance-anti-hair-loss-shampoo-300-ml","title":{"rendered":"LA PUISSANCE &#8211; ANTI HAIR LOSS SHAMPOO 300 ML"},"content":{"rendered":"<p dir=\"ltr\">Shampoo\u00a0formulado para acompa\u00f1ar el cuidado de cabellos con tendencia a la ca\u00edda. Limpia suavemente el cuero cabelludo mientras ayuda a fortalecer la fibra capilar y a mejorar la resistencia del cabello.\u00a0Su f\u00f3rmula con\u00a0<strong>Capilmax\u2122<\/strong>\u00a0aporta nutrientes esenciales que ayudan a reforzar la estructura capilar y a mantener el cuero cabelludo equilibrado.<br \/>\nF\u00f3rmula libre de parabenos. Cruelty free.<br \/>\nCon el uso regular, el cabello se siente m\u00e1s fuerte, liviano y con un aspecto saludable.*<\/p>\n<p dir=\"ltr\">*Resultados asociados al uso regular del producto.<\/p>\n<h3 dir=\"ltr\">RESULTADOS Y BENEFICIOS<\/h3>\n<ul>\n<li dir=\"ltr\" aria-level=\"1\">\n<p dir=\"ltr\" role=\"presentation\">Limpieza suave y eficaz<\/p>\n<\/li>\n<li dir=\"ltr\" aria-level=\"1\">\n<p dir=\"ltr\" role=\"presentation\">Cabello visiblemente m\u00e1s fuerte<\/p>\n<\/li>\n<li dir=\"ltr\" aria-level=\"1\">\n<p dir=\"ltr\" role=\"presentation\">Cuero cabelludo equilibrado<\/p>\n<\/li>\n<li dir=\"ltr\" aria-level=\"1\">\n<p dir=\"ltr\" role=\"presentation\">Mayor resistencia y brillo natural<\/p>\n<\/li>\n<li dir=\"ltr\" aria-level=\"1\">\n<p dir=\"ltr\" role=\"presentation\">Ideal para cabellos con tendencia a la ca\u00edda<\/p>\n<\/li>\n<\/ul>\n<h3 dir=\"ltr\">MODO DE USO<\/h3>\n<p dir=\"ltr\">Aplic\u00e1 sobre el cabello h\u00famedo y masaje\u00e1 suavemente el cuero cabelludo durante 2 a 3 minutos. Enjuag\u00e1 con abundante agua. Repet\u00ed el proceso si es necesario.<\/p>\n","protected":false},"excerpt":{"rendered":"<p>Shampoo\u00a0formulado para acompa\u00f1ar el cuidado de cabellos con tendencia a la ca\u00edda. Limpia suavemente el cuero cabelludo mientras ayuda a&#8230;<\/p>\n","protected":false},"featured_media":8772,"comment_status":"open","ping_status":"closed","template":"","meta":[],"product_brand":[1496],"product_cat":[],"product_tag":[],"class_list":{"0":"post-8771","1":"product","2":"type-product","3":"status-publish","4":"has-post-thumbnail","6":"product_brand-la-puissance","8":"first","9":"instock","10":"shipping-taxable","11":"purchasable","12":"product-type-simple"},"_links":{"self":[{"href":"https:\/\/parisparis.movilizame.com.ar\/index.php?rest_route=\/wp\/v2\/product\/8771","targetHints":{"allow":["GET"]}}],"collection":[{"href":"https:\/\/parisparis.movilizame.com.ar\/index.php?rest_route=\/wp\/v2\/product"}],"about":[{"href":"https:\/\/parisparis.movilizame.com.ar\/index.php?rest_route=\/wp\/v2\/types\/product"}],"replies":[{"embeddable":true,"href":"https:\/\/parisparis.movilizame.com.ar\/index.php?rest_route=%2Fwp%2Fv2%2Fcomments&post=8771"}],"wp:featuredmedia":[{"embeddable":true,"href":"https:\/\/parisparis.movilizame.com.ar\/index.php?rest_route=\/wp\/v2\/media\/8772"}],"wp:attachment":[{"href":"https:\/\/parisparis.movilizame.com.ar\/index.php?rest_route=%2Fwp%2Fv2%2Fmedia&parent=8771"}],"wp:term":[{"taxonomy":"product_brand","embeddable":true,"href":"https:\/\/parisparis.movilizame.com.ar\/index.php?rest_route=%2Fwp%2Fv2%2Fproduct_brand&post=8771"},{"taxonomy":"product_cat","embeddable":true,"href":"https:\/\/parisparis.movilizame.com.ar\/index.php?rest_route=%2Fwp%2Fv2%2Fproduct_cat&post=8771"},{"taxonomy":"product_tag","embeddable":true,"href":"https:\/\/parisparis.movilizame.com.ar\/index.php?rest_route=%2Fwp%2Fv2%2Fproduct_tag&post=8771"}],"curies":[{"name":"wp","href":"https:\/\/api.w.org\/{rel}","templated":true}]}}