{"id":8763,"date":"2026-03-10T11:33:54","date_gmt":"2026-03-10T14:33:54","guid":{"rendered":"https:\/\/parisparis.movilizame.com.ar\/?post_type=product&#038;p=8763"},"modified":"2026-03-10T11:33:54","modified_gmt":"2026-03-10T14:33:54","slug":"la-puissance-hydrashine-complex-mascara-250-ml","status":"publish","type":"product","link":"https:\/\/parisparis.movilizame.com.ar\/?product=la-puissance-hydrashine-complex-mascara-250-ml","title":{"rendered":"LA PUISSANCE &#8211; HYDRASHINE COMPLEX MASCARA 250 ML"},"content":{"rendered":"<p>M\u00e1scara intensiva que ofrece una profunda hidrataci\u00f3n y brillo extremo. Contiene\u00a0<strong>Hialubot\u2122,<\/strong>\u00a0<strong>\u00f3leo de flores naturale<\/strong>s y un potente agente acondicionador que facilita el peinado. Su formulaci\u00f3n incluye glicerina vegetal para aumentar la retenci\u00f3n de humedad, y\u00a0<strong>Phytoqueratina\u2122<\/strong>\u00a0, que penetra en la fibra capilar, aportando amino\u00e1cidos y promoviendo la sedosidad.<\/p>\n<ul>\n<li dir=\"ltr\" aria-level=\"2\">\n<p dir=\"ltr\" role=\"presentation\"><strong>Modo de uso:<\/strong><strong>\u00a0\u00a0<\/strong>Esta m\u00e1scara puede aplicarse en el cuero cabelludo y ser utilizada de dos maneras<\/p>\n<\/li>\n<\/ul>\n<p dir=\"ltr\" role=\"presentation\">1. Despu\u00e9s del shampoo y tratamiento, aplicar en toda la cabellera diariamente durante 5 minutos<\/p>\n<p>2. Semanalmente\u00a0como ba\u00f1o de crema. Si queremos potenciar su acci\u00f3n colocamos un gorro de ba\u00f1o que activar\u00e1 por efecto de aumento del calor, penetrando m\u00e1s profundamente. Lo dejamos actuar 10 minutos, y enjuagamos tambi\u00e9n muy abundantemente con agua tibia.<\/p>\n","protected":false},"excerpt":{"rendered":"<p>M\u00e1scara intensiva que ofrece una profunda hidrataci\u00f3n y brillo extremo. Contiene\u00a0Hialubot\u2122,\u00a0\u00f3leo de flores naturales y un potente agente acondicionador que&#8230;<\/p>\n","protected":false},"featured_media":8764,"comment_status":"open","ping_status":"closed","template":"","meta":[],"product_brand":[1496],"product_cat":[],"product_tag":[],"class_list":{"0":"post-8763","1":"product","2":"type-product","3":"status-publish","4":"has-post-thumbnail","6":"product_brand-la-puissance","8":"first","9":"instock","10":"shipping-taxable","11":"purchasable","12":"product-type-simple"},"_links":{"self":[{"href":"https:\/\/parisparis.movilizame.com.ar\/index.php?rest_route=\/wp\/v2\/product\/8763","targetHints":{"allow":["GET"]}}],"collection":[{"href":"https:\/\/parisparis.movilizame.com.ar\/index.php?rest_route=\/wp\/v2\/product"}],"about":[{"href":"https:\/\/parisparis.movilizame.com.ar\/index.php?rest_route=\/wp\/v2\/types\/product"}],"replies":[{"embeddable":true,"href":"https:\/\/parisparis.movilizame.com.ar\/index.php?rest_route=%2Fwp%2Fv2%2Fcomments&post=8763"}],"wp:featuredmedia":[{"embeddable":true,"href":"https:\/\/parisparis.movilizame.com.ar\/index.php?rest_route=\/wp\/v2\/media\/8764"}],"wp:attachment":[{"href":"https:\/\/parisparis.movilizame.com.ar\/index.php?rest_route=%2Fwp%2Fv2%2Fmedia&parent=8763"}],"wp:term":[{"taxonomy":"product_brand","embeddable":true,"href":"https:\/\/parisparis.movilizame.com.ar\/index.php?rest_route=%2Fwp%2Fv2%2Fproduct_brand&post=8763"},{"taxonomy":"product_cat","embeddable":true,"href":"https:\/\/parisparis.movilizame.com.ar\/index.php?rest_route=%2Fwp%2Fv2%2Fproduct_cat&post=8763"},{"taxonomy":"product_tag","embeddable":true,"href":"https:\/\/parisparis.movilizame.com.ar\/index.php?rest_route=%2Fwp%2Fv2%2Fproduct_tag&post=8763"}],"curies":[{"name":"wp","href":"https:\/\/api.w.org\/{rel}","templated":true}]}}