{"id":8761,"date":"2026-03-10T11:24:32","date_gmt":"2026-03-10T14:24:32","guid":{"rendered":"https:\/\/parisparis.movilizame.com.ar\/?post_type=product&#038;p=8761"},"modified":"2026-03-10T11:24:32","modified_gmt":"2026-03-10T14:24:32","slug":"la-puissance-curl-anti-frizz-tratamiento-300-ml","status":"publish","type":"product","link":"https:\/\/parisparis.movilizame.com.ar\/?product=la-puissance-curl-anti-frizz-tratamiento-300-ml","title":{"rendered":"LA PUISSANCE &#8211; CURL &#038; ANTI FRIZZ TRATAMIENTO 300 ML"},"content":{"rendered":"<p dir=\"ltr\">Est\u00e1 dise\u00f1ado para nutrir e hidratar profundamente el cabello rizado, proporcionando una experiencia de suavidad incomparable. Con phytoqueratina, aceite de arg\u00e1n y glicerina vegetal, desenreda el cabello con facilidad, fortalece la fibra capilar y combate el frizz de manera efectiva.<\/p>\n<p dir=\"ltr\">Su f\u00f3rmula liviana acondiciona sin dejar residuos pesados, manteniendo la forma natural de los rizos. Adem\u00e1s, protege el cabello frente a da\u00f1os externos mientras potencia su brillo y elasticidad. Este acondicionador transforma los rizos secos y desordenados en ondas suaves, definidas y llenas de vitalidad.<\/p>\n<p dir=\"ltr\"><strong>Modo de uso<\/strong>: Una vez lavado con shampoo potenciador de rulos aplicar de medios a puntas, dej\u00e1ndolo actuar 3 minutos, y con un peine de dientes anchos procedemos a desenredar muy suavemente. Recordemos que el cabello rizado se peina en mojado para no da\u00f1ar la fibra. Luego procedemos a secar con una toalla presionando muy suavemente sin \u201cretorcer el cabello\u201d. Uso diario.<\/p>\n","protected":false},"excerpt":{"rendered":"<p>Est\u00e1 dise\u00f1ado para nutrir e hidratar profundamente el cabello rizado, proporcionando una experiencia de suavidad incomparable. Con phytoqueratina, aceite de&#8230;<\/p>\n","protected":false},"featured_media":8762,"comment_status":"open","ping_status":"closed","template":"","meta":[],"product_brand":[1496],"product_cat":[],"product_tag":[],"class_list":{"0":"post-8761","1":"product","2":"type-product","3":"status-publish","4":"has-post-thumbnail","6":"product_brand-la-puissance","8":"first","9":"instock","10":"shipping-taxable","11":"purchasable","12":"product-type-simple"},"_links":{"self":[{"href":"https:\/\/parisparis.movilizame.com.ar\/index.php?rest_route=\/wp\/v2\/product\/8761","targetHints":{"allow":["GET"]}}],"collection":[{"href":"https:\/\/parisparis.movilizame.com.ar\/index.php?rest_route=\/wp\/v2\/product"}],"about":[{"href":"https:\/\/parisparis.movilizame.com.ar\/index.php?rest_route=\/wp\/v2\/types\/product"}],"replies":[{"embeddable":true,"href":"https:\/\/parisparis.movilizame.com.ar\/index.php?rest_route=%2Fwp%2Fv2%2Fcomments&post=8761"}],"wp:featuredmedia":[{"embeddable":true,"href":"https:\/\/parisparis.movilizame.com.ar\/index.php?rest_route=\/wp\/v2\/media\/8762"}],"wp:attachment":[{"href":"https:\/\/parisparis.movilizame.com.ar\/index.php?rest_route=%2Fwp%2Fv2%2Fmedia&parent=8761"}],"wp:term":[{"taxonomy":"product_brand","embeddable":true,"href":"https:\/\/parisparis.movilizame.com.ar\/index.php?rest_route=%2Fwp%2Fv2%2Fproduct_brand&post=8761"},{"taxonomy":"product_cat","embeddable":true,"href":"https:\/\/parisparis.movilizame.com.ar\/index.php?rest_route=%2Fwp%2Fv2%2Fproduct_cat&post=8761"},{"taxonomy":"product_tag","embeddable":true,"href":"https:\/\/parisparis.movilizame.com.ar\/index.php?rest_route=%2Fwp%2Fv2%2Fproduct_tag&post=8761"}],"curies":[{"name":"wp","href":"https:\/\/api.w.org\/{rel}","templated":true}]}}