{"id":8757,"date":"2026-03-10T11:13:05","date_gmt":"2026-03-10T14:13:05","guid":{"rendered":"https:\/\/parisparis.movilizame.com.ar\/?post_type=product&#038;p=8757"},"modified":"2026-03-10T11:13:05","modified_gmt":"2026-03-10T14:13:05","slug":"la-puissance-curl-anti-frizz-mascara-250-ml","status":"publish","type":"product","link":"https:\/\/parisparis.movilizame.com.ar\/?product=la-puissance-curl-anti-frizz-mascara-250-ml","title":{"rendered":"LA PUISSANCE &#8211; CURL &#038; ANTI FRIZZ MASCARA 250 ML"},"content":{"rendered":"<p>Es\u00a0un tratamiento intensivo que revitaliza profundamente los cabellos rizados. Enriquecida con\u00a0<strong>phytoqueratina\u00a0<\/strong>y aceite de\u00a0<strong>arg\u00e1n<\/strong>, nutre y repara la fibra capilar desde el interior, restaurando su elasticidad y reduciendo el frizz.<\/p>\n<p dir=\"ltr\">Gracias a su acci\u00f3n intensiva, esta m\u00e1scara sella la cut\u00edcula del cabello, aportando un brillo radiante y dejando los rizos definidos y llenos de vida. Ideal tanto para uso diario como para tratamientos semanales, proporciona una hidrataci\u00f3n duradera que protege el cabello de la sequedad y los da\u00f1os ambientales.<\/p>\n<p dir=\"ltr\"><strong>Modo de uso:\u00a0<\/strong>Aplicar generosamente de ra\u00edz a puntas sobre el cabello limpio. Dejar actuar 5 minutos para un uso diario o 10 minutos como tratamiento semanal, preferentemente usando un gorro de ba\u00f1o para potenciar la acci\u00f3n. Enjuagar abundantemente y finalizar con un golpe de agua fr\u00eda para sellar las cut\u00edculas<\/p>\n","protected":false},"excerpt":{"rendered":"<p>Es\u00a0un tratamiento intensivo que revitaliza profundamente los cabellos rizados. Enriquecida con\u00a0phytoqueratina\u00a0y aceite de\u00a0arg\u00e1n, nutre y repara la fibra capilar desde&#8230;<\/p>\n","protected":false},"featured_media":8758,"comment_status":"open","ping_status":"closed","template":"","meta":[],"product_brand":[1496],"product_cat":[],"product_tag":[],"class_list":{"0":"post-8757","1":"product","2":"type-product","3":"status-publish","4":"has-post-thumbnail","6":"product_brand-la-puissance","8":"first","9":"instock","10":"shipping-taxable","11":"purchasable","12":"product-type-simple"},"_links":{"self":[{"href":"https:\/\/parisparis.movilizame.com.ar\/index.php?rest_route=\/wp\/v2\/product\/8757","targetHints":{"allow":["GET"]}}],"collection":[{"href":"https:\/\/parisparis.movilizame.com.ar\/index.php?rest_route=\/wp\/v2\/product"}],"about":[{"href":"https:\/\/parisparis.movilizame.com.ar\/index.php?rest_route=\/wp\/v2\/types\/product"}],"replies":[{"embeddable":true,"href":"https:\/\/parisparis.movilizame.com.ar\/index.php?rest_route=%2Fwp%2Fv2%2Fcomments&post=8757"}],"wp:featuredmedia":[{"embeddable":true,"href":"https:\/\/parisparis.movilizame.com.ar\/index.php?rest_route=\/wp\/v2\/media\/8758"}],"wp:attachment":[{"href":"https:\/\/parisparis.movilizame.com.ar\/index.php?rest_route=%2Fwp%2Fv2%2Fmedia&parent=8757"}],"wp:term":[{"taxonomy":"product_brand","embeddable":true,"href":"https:\/\/parisparis.movilizame.com.ar\/index.php?rest_route=%2Fwp%2Fv2%2Fproduct_brand&post=8757"},{"taxonomy":"product_cat","embeddable":true,"href":"https:\/\/parisparis.movilizame.com.ar\/index.php?rest_route=%2Fwp%2Fv2%2Fproduct_cat&post=8757"},{"taxonomy":"product_tag","embeddable":true,"href":"https:\/\/parisparis.movilizame.com.ar\/index.php?rest_route=%2Fwp%2Fv2%2Fproduct_tag&post=8757"}],"curies":[{"name":"wp","href":"https:\/\/api.w.org\/{rel}","templated":true}]}}