{"id":8755,"date":"2026-03-10T11:03:55","date_gmt":"2026-03-10T14:03:55","guid":{"rendered":"https:\/\/parisparis.movilizame.com.ar\/?post_type=product&#038;p=8755"},"modified":"2026-03-10T11:03:55","modified_gmt":"2026-03-10T14:03:55","slug":"la-puissance-curl-anti-frizz-activador-de-rulos-250-ml","status":"publish","type":"product","link":"https:\/\/parisparis.movilizame.com.ar\/?product=la-puissance-curl-anti-frizz-activador-de-rulos-250-ml","title":{"rendered":"LA PUISSANCE &#8211; CURL &#038; ANTI FRIZZ ACTIVADOR DE RULOS 250 ML"},"content":{"rendered":"<p dir=\"ltr\">La Crema Activadora de Rulos Curl Definition es el secreto para rizos definidos y controlados durante todo el d\u00eda. Su f\u00f3rmula con phytoqueratina, aceite de arg\u00e1n y glicerina vegetal hidrata profundamente, reduce el frizz y potencia la definici\u00f3n natural de los rizos.<\/p>\n<p dir=\"ltr\">Esta crema ligera no deja sensaci\u00f3n pesada ni residuos, manteniendo la textura flexible y el movimiento natural del cabello. Ideal para usar con el cabello h\u00famedo, define los rizos desde la ra\u00edz hasta las puntas, asegurando un acabado impecable y una fijaci\u00f3n duradera.<b><\/b><\/p>\n<p dir=\"ltr\"><strong>Modo de uso:\u00a0<\/strong>Aplicar sobre el cabello h\u00famedo despu\u00e9s de retirar el exceso de agua con una toalla. Distribuir de medios a puntas, presionando suavemente para formar los rizos.<\/p>\n<p dir=\"ltr\">Dejar secar al aire o utilizar un difusor con el secador para mantener la forma. No peinar en seco. Uso diario.<\/p>\n","protected":false},"excerpt":{"rendered":"<p>La Crema Activadora de Rulos Curl Definition es el secreto para rizos definidos y controlados durante todo el d\u00eda. Su&#8230;<\/p>\n","protected":false},"featured_media":8756,"comment_status":"open","ping_status":"closed","template":"","meta":[],"product_brand":[1496],"product_cat":[],"product_tag":[],"class_list":{"0":"post-8755","1":"product","2":"type-product","3":"status-publish","4":"has-post-thumbnail","6":"product_brand-la-puissance","8":"first","9":"instock","10":"shipping-taxable","11":"purchasable","12":"product-type-simple"},"_links":{"self":[{"href":"https:\/\/parisparis.movilizame.com.ar\/index.php?rest_route=\/wp\/v2\/product\/8755","targetHints":{"allow":["GET"]}}],"collection":[{"href":"https:\/\/parisparis.movilizame.com.ar\/index.php?rest_route=\/wp\/v2\/product"}],"about":[{"href":"https:\/\/parisparis.movilizame.com.ar\/index.php?rest_route=\/wp\/v2\/types\/product"}],"replies":[{"embeddable":true,"href":"https:\/\/parisparis.movilizame.com.ar\/index.php?rest_route=%2Fwp%2Fv2%2Fcomments&post=8755"}],"wp:featuredmedia":[{"embeddable":true,"href":"https:\/\/parisparis.movilizame.com.ar\/index.php?rest_route=\/wp\/v2\/media\/8756"}],"wp:attachment":[{"href":"https:\/\/parisparis.movilizame.com.ar\/index.php?rest_route=%2Fwp%2Fv2%2Fmedia&parent=8755"}],"wp:term":[{"taxonomy":"product_brand","embeddable":true,"href":"https:\/\/parisparis.movilizame.com.ar\/index.php?rest_route=%2Fwp%2Fv2%2Fproduct_brand&post=8755"},{"taxonomy":"product_cat","embeddable":true,"href":"https:\/\/parisparis.movilizame.com.ar\/index.php?rest_route=%2Fwp%2Fv2%2Fproduct_cat&post=8755"},{"taxonomy":"product_tag","embeddable":true,"href":"https:\/\/parisparis.movilizame.com.ar\/index.php?rest_route=%2Fwp%2Fv2%2Fproduct_tag&post=8755"}],"curies":[{"name":"wp","href":"https:\/\/api.w.org\/{rel}","templated":true}]}}