{"id":8752,"date":"2026-03-10T10:06:55","date_gmt":"2026-03-10T13:06:55","guid":{"rendered":"https:\/\/parisparis.movilizame.com.ar\/?post_type=product&#038;p=8752"},"modified":"2026-03-10T10:06:56","modified_gmt":"2026-03-10T13:06:56","slug":"la-puissance-coconut-oil-shampoo-300-ml","status":"publish","type":"product","link":"https:\/\/parisparis.movilizame.com.ar\/?product=la-puissance-coconut-oil-shampoo-300-ml","title":{"rendered":"LA PUISSANCE &#8211; COCONUT OIL SHAMPOO 300 ML"},"content":{"rendered":"<p>Creado especialmente para\u00a0cabellos deshidratados y sensibles, nuestro\u00a0<strong>Shampoo Coconut Oil\u00a0<\/strong>est\u00e1 formulado con una rica mezcla de aceite de coco y glicerol que\u00a0 repara y revitaliza cada hebra, proporcion\u00e1ndole fuerza y protegi\u00e9ndola contra la rotura. Este shampoo tambi\u00e9n realza el brillo, la luminosidad y la suavidad del cabello, al mismo tiempo que previene el encrespamiento.<\/p>\n<p><strong>Modo de uso:<\/strong>\u00a0Se aplica sobre el cabello mojado, masajeando suavemente sobre el cuero cabelludo durante 2 a 3 minutos y luego se enjuaga. De uso cotidiano. Para su \u00f3ptima eficacia, se recomienda su utilizaci\u00f3n en combinaci\u00f3n con los dem\u00e1s productos de la l\u00ednea Coconut Oil.<\/p>\n","protected":false},"excerpt":{"rendered":"<p>Creado especialmente para\u00a0cabellos deshidratados y sensibles, nuestro\u00a0Shampoo Coconut Oil\u00a0est\u00e1 formulado con una rica mezcla de aceite de coco y glicerol&#8230;<\/p>\n","protected":false},"featured_media":8753,"comment_status":"open","ping_status":"closed","template":"","meta":[],"product_brand":[1496],"product_cat":[],"product_tag":[],"class_list":{"0":"post-8752","1":"product","2":"type-product","3":"status-publish","4":"has-post-thumbnail","6":"product_brand-la-puissance","8":"first","9":"instock","10":"shipping-taxable","11":"purchasable","12":"product-type-simple"},"_links":{"self":[{"href":"https:\/\/parisparis.movilizame.com.ar\/index.php?rest_route=\/wp\/v2\/product\/8752","targetHints":{"allow":["GET"]}}],"collection":[{"href":"https:\/\/parisparis.movilizame.com.ar\/index.php?rest_route=\/wp\/v2\/product"}],"about":[{"href":"https:\/\/parisparis.movilizame.com.ar\/index.php?rest_route=\/wp\/v2\/types\/product"}],"replies":[{"embeddable":true,"href":"https:\/\/parisparis.movilizame.com.ar\/index.php?rest_route=%2Fwp%2Fv2%2Fcomments&post=8752"}],"wp:featuredmedia":[{"embeddable":true,"href":"https:\/\/parisparis.movilizame.com.ar\/index.php?rest_route=\/wp\/v2\/media\/8753"}],"wp:attachment":[{"href":"https:\/\/parisparis.movilizame.com.ar\/index.php?rest_route=%2Fwp%2Fv2%2Fmedia&parent=8752"}],"wp:term":[{"taxonomy":"product_brand","embeddable":true,"href":"https:\/\/parisparis.movilizame.com.ar\/index.php?rest_route=%2Fwp%2Fv2%2Fproduct_brand&post=8752"},{"taxonomy":"product_cat","embeddable":true,"href":"https:\/\/parisparis.movilizame.com.ar\/index.php?rest_route=%2Fwp%2Fv2%2Fproduct_cat&post=8752"},{"taxonomy":"product_tag","embeddable":true,"href":"https:\/\/parisparis.movilizame.com.ar\/index.php?rest_route=%2Fwp%2Fv2%2Fproduct_tag&post=8752"}],"curies":[{"name":"wp","href":"https:\/\/api.w.org\/{rel}","templated":true}]}}