{"id":8751,"date":"2026-03-10T09:57:10","date_gmt":"2026-03-10T12:57:10","guid":{"rendered":"https:\/\/parisparis.movilizame.com.ar\/?post_type=product&#038;p=8751"},"modified":"2026-03-10T10:08:05","modified_gmt":"2026-03-10T13:08:05","slug":"la-puissance-coconut-oil-serum-30-ml","status":"publish","type":"product","link":"https:\/\/parisparis.movilizame.com.ar\/?product=la-puissance-coconut-oil-serum-30-ml","title":{"rendered":"LA PUISSANCE &#8211; COCONUT OIL SERUM 30 ML"},"content":{"rendered":"<p><strong>Repar\u00e1\u00a0<\/strong>y\u00a0<strong>suaviz\u00e1\u00a0<\/strong>tu cabello grueso con el \u00d3leo de Coco.<\/p>\n<p>Ideal para texturas medianas a gruesas, este \u00f3leo penetra en cada hebra para ayudar a controlar el cabello encrespado y los cabellos sueltos. Creado para ofrecer un brillo deslumbrante y una restauraci\u00f3n profunda a tus hebras capilares, este \u00f3leo adem\u00e1s redefine tus peinados y proporciona hidrataci\u00f3n a las puntas sin dejar ning\u00fan rastro de sensaci\u00f3n oleosa en tu cabello o en tus manos.<\/p>\n<p>Libre de parabenos y crueldad animal.<\/p>\n<p><strong>Modo de uso:<\/strong>\u00a0Aplicar una peque\u00f1a cantidad sobre el cabello h\u00famedo o seco, distribuyendo de medios a puntas. No enjuagar. Puede utilizarse a diario para controlar el frizz, aportar brillo y mantener las puntas hidratadas sin sensaci\u00f3n pesada.<\/p>\n","protected":false},"excerpt":{"rendered":"<p>Repar\u00e1\u00a0y\u00a0suaviz\u00e1\u00a0tu cabello grueso con el \u00d3leo de Coco. Ideal para texturas medianas a gruesas, este \u00f3leo penetra en cada hebra&#8230;<\/p>\n","protected":false},"featured_media":8754,"comment_status":"open","ping_status":"closed","template":"","meta":[],"product_brand":[1496],"product_cat":[],"product_tag":[],"class_list":{"0":"post-8751","1":"product","2":"type-product","3":"status-publish","4":"has-post-thumbnail","6":"product_brand-la-puissance","8":"first","9":"instock","10":"shipping-taxable","11":"purchasable","12":"product-type-simple"},"_links":{"self":[{"href":"https:\/\/parisparis.movilizame.com.ar\/index.php?rest_route=\/wp\/v2\/product\/8751","targetHints":{"allow":["GET"]}}],"collection":[{"href":"https:\/\/parisparis.movilizame.com.ar\/index.php?rest_route=\/wp\/v2\/product"}],"about":[{"href":"https:\/\/parisparis.movilizame.com.ar\/index.php?rest_route=\/wp\/v2\/types\/product"}],"replies":[{"embeddable":true,"href":"https:\/\/parisparis.movilizame.com.ar\/index.php?rest_route=%2Fwp%2Fv2%2Fcomments&post=8751"}],"wp:featuredmedia":[{"embeddable":true,"href":"https:\/\/parisparis.movilizame.com.ar\/index.php?rest_route=\/wp\/v2\/media\/8754"}],"wp:attachment":[{"href":"https:\/\/parisparis.movilizame.com.ar\/index.php?rest_route=%2Fwp%2Fv2%2Fmedia&parent=8751"}],"wp:term":[{"taxonomy":"product_brand","embeddable":true,"href":"https:\/\/parisparis.movilizame.com.ar\/index.php?rest_route=%2Fwp%2Fv2%2Fproduct_brand&post=8751"},{"taxonomy":"product_cat","embeddable":true,"href":"https:\/\/parisparis.movilizame.com.ar\/index.php?rest_route=%2Fwp%2Fv2%2Fproduct_cat&post=8751"},{"taxonomy":"product_tag","embeddable":true,"href":"https:\/\/parisparis.movilizame.com.ar\/index.php?rest_route=%2Fwp%2Fv2%2Fproduct_tag&post=8751"}],"curies":[{"name":"wp","href":"https:\/\/api.w.org\/{rel}","templated":true}]}}