{"id":8745,"date":"2026-03-09T18:18:30","date_gmt":"2026-03-09T21:18:30","guid":{"rendered":"https:\/\/parisparis.movilizame.com.ar\/?post_type=product&#038;p=8745"},"modified":"2026-03-09T18:18:31","modified_gmt":"2026-03-09T21:18:31","slug":"la-puissance-coconut-oil-conditioner-300-ml","status":"publish","type":"product","link":"https:\/\/parisparis.movilizame.com.ar\/?product=la-puissance-coconut-oil-conditioner-300-ml","title":{"rendered":"LA PUISSANCE &#8211; COCONUT OIL CONDITIONER 300 ML"},"content":{"rendered":"<p>Dise\u00f1ado para cabellos secos y da\u00f1ados, el tratamiento\u00a0<strong>Coconut Oil\u00a0<\/strong>busca transformar tu cabello en una perfecci\u00f3n sedosa. Este tratamiento hidratante no solo tiene la capacidad de controlar el frizz y domar esos cabellos rebeldes, sino que tambi\u00e9n trabaja incansablemente para suavizar y reparar cada hebra. La poderosa mezcla de ingredientes nutritivos que repara el da\u00f1o incluye una infusionada combinaci\u00f3n de aceite de coco y glicerol, que se encarga de potenciar el brillo, la luminosidad y suavidad de tu cabello.<\/p>\n<p><strong>Modo de uso:<\/strong>\u00a0Luego del shampoo y sobre el cabello mojado, se aplica de medios a puntas, masajeando suavemente durante 2 a 3 minutos y luego se enjuaga.<\/p>\n<p>De uso cotidiano. Para su \u00f3ptima eficacia, se recomienda su utilizaci\u00f3n en combinaci\u00f3n con los dem\u00e1s productos de la l\u00ednea Coconut Oil.<\/p>\n","protected":false},"excerpt":{"rendered":"<p>Dise\u00f1ado para cabellos secos y da\u00f1ados, el tratamiento\u00a0Coconut Oil\u00a0busca transformar tu cabello en una perfecci\u00f3n sedosa. Este tratamiento hidratante no&#8230;<\/p>\n","protected":false},"featured_media":8746,"comment_status":"open","ping_status":"closed","template":"","meta":[],"product_brand":[1496],"product_cat":[],"product_tag":[],"class_list":{"0":"post-8745","1":"product","2":"type-product","3":"status-publish","4":"has-post-thumbnail","6":"product_brand-la-puissance","8":"first","9":"instock","10":"shipping-taxable","11":"purchasable","12":"product-type-simple"},"_links":{"self":[{"href":"https:\/\/parisparis.movilizame.com.ar\/index.php?rest_route=\/wp\/v2\/product\/8745","targetHints":{"allow":["GET"]}}],"collection":[{"href":"https:\/\/parisparis.movilizame.com.ar\/index.php?rest_route=\/wp\/v2\/product"}],"about":[{"href":"https:\/\/parisparis.movilizame.com.ar\/index.php?rest_route=\/wp\/v2\/types\/product"}],"replies":[{"embeddable":true,"href":"https:\/\/parisparis.movilizame.com.ar\/index.php?rest_route=%2Fwp%2Fv2%2Fcomments&post=8745"}],"wp:featuredmedia":[{"embeddable":true,"href":"https:\/\/parisparis.movilizame.com.ar\/index.php?rest_route=\/wp\/v2\/media\/8746"}],"wp:attachment":[{"href":"https:\/\/parisparis.movilizame.com.ar\/index.php?rest_route=%2Fwp%2Fv2%2Fmedia&parent=8745"}],"wp:term":[{"taxonomy":"product_brand","embeddable":true,"href":"https:\/\/parisparis.movilizame.com.ar\/index.php?rest_route=%2Fwp%2Fv2%2Fproduct_brand&post=8745"},{"taxonomy":"product_cat","embeddable":true,"href":"https:\/\/parisparis.movilizame.com.ar\/index.php?rest_route=%2Fwp%2Fv2%2Fproduct_cat&post=8745"},{"taxonomy":"product_tag","embeddable":true,"href":"https:\/\/parisparis.movilizame.com.ar\/index.php?rest_route=%2Fwp%2Fv2%2Fproduct_tag&post=8745"}],"curies":[{"name":"wp","href":"https:\/\/api.w.org\/{rel}","templated":true}]}}