{"id":8729,"date":"2026-03-03T19:46:32","date_gmt":"2026-03-03T22:46:32","guid":{"rendered":"https:\/\/parisparis.movilizame.com.ar\/?post_type=product&#038;p=8729"},"modified":"2026-03-03T19:46:32","modified_gmt":"2026-03-03T22:46:32","slug":"cacharel-noa-edt-100-ml","status":"publish","type":"product","link":"https:\/\/parisparis.movilizame.com.ar\/?product=cacharel-noa-edt-100-ml","title":{"rendered":"CACHAREL &#8211; NOA EDT 100 ML"},"content":{"rendered":"<p><b>Noa<\/b>\u00a0de\u00a0<b>Cacharel<\/b>\u00a0es una fragancia de la familia olfativa Almizcle Floral Amaderado para Mujeres.\u00a0<b>Noa<\/b>\u00a0se lanz\u00f3 en 1998. La Nariz detr\u00e1s de esta fragrancia es Olivier Cresp. Las Notas de Salida son almizcle blanco, peon\u00eda, fresia, notas verdes, durazno (melocot\u00f3n) y ciruela; las Notas de Coraz\u00f3n son azucena, lirio de los valles (muguete), hierba verde, jazm\u00edn, ylang-ylang y rosa; las Notas de Fondo son caf\u00e9, vainilla, s\u00e1ndalo, cilantro, incienso, haba tonka y cedro.<\/p>\n","protected":false},"excerpt":{"rendered":"<p>Noa\u00a0de\u00a0Cacharel\u00a0es una fragancia de la familia olfativa Almizcle Floral Amaderado para Mujeres.\u00a0Noa\u00a0se lanz\u00f3 en 1998. La Nariz detr\u00e1s de esta&#8230;<\/p>\n","protected":false},"featured_media":8730,"comment_status":"open","ping_status":"closed","template":"","meta":[],"product_brand":[1472],"product_cat":[],"product_tag":[],"class_list":{"0":"post-8729","1":"product","2":"type-product","3":"status-publish","4":"has-post-thumbnail","6":"product_brand-cacharel","8":"first","9":"instock","10":"shipping-taxable","11":"purchasable","12":"product-type-simple"},"_links":{"self":[{"href":"https:\/\/parisparis.movilizame.com.ar\/index.php?rest_route=\/wp\/v2\/product\/8729","targetHints":{"allow":["GET"]}}],"collection":[{"href":"https:\/\/parisparis.movilizame.com.ar\/index.php?rest_route=\/wp\/v2\/product"}],"about":[{"href":"https:\/\/parisparis.movilizame.com.ar\/index.php?rest_route=\/wp\/v2\/types\/product"}],"replies":[{"embeddable":true,"href":"https:\/\/parisparis.movilizame.com.ar\/index.php?rest_route=%2Fwp%2Fv2%2Fcomments&post=8729"}],"wp:featuredmedia":[{"embeddable":true,"href":"https:\/\/parisparis.movilizame.com.ar\/index.php?rest_route=\/wp\/v2\/media\/8730"}],"wp:attachment":[{"href":"https:\/\/parisparis.movilizame.com.ar\/index.php?rest_route=%2Fwp%2Fv2%2Fmedia&parent=8729"}],"wp:term":[{"taxonomy":"product_brand","embeddable":true,"href":"https:\/\/parisparis.movilizame.com.ar\/index.php?rest_route=%2Fwp%2Fv2%2Fproduct_brand&post=8729"},{"taxonomy":"product_cat","embeddable":true,"href":"https:\/\/parisparis.movilizame.com.ar\/index.php?rest_route=%2Fwp%2Fv2%2Fproduct_cat&post=8729"},{"taxonomy":"product_tag","embeddable":true,"href":"https:\/\/parisparis.movilizame.com.ar\/index.php?rest_route=%2Fwp%2Fv2%2Fproduct_tag&post=8729"}],"curies":[{"name":"wp","href":"https:\/\/api.w.org\/{rel}","templated":true}]}}