{"id":8705,"date":"2026-02-05T19:26:14","date_gmt":"2026-02-05T22:26:14","guid":{"rendered":"https:\/\/parisparis.movilizame.com.ar\/?post_type=product&#038;p=8705"},"modified":"2026-02-05T19:26:14","modified_gmt":"2026-02-05T22:26:14","slug":"dermaglos-crema-gel-corporal-ultra-hidratacion-300-ml","status":"publish","type":"product","link":"https:\/\/parisparis.movilizame.com.ar\/?product=dermaglos-crema-gel-corporal-ultra-hidratacion-300-ml","title":{"rendered":"DERMAGLOS &#8211; CREMA GEL CORPORAL ULTRA HIDRATACION 300 ML"},"content":{"rendered":"<p class=\"prod-description\">Su f\u00f3rmula brinda m\u00e1xima hidrataci\u00f3n y efecto refrescante. Con textura liviana y de r\u00e1pida absorci\u00f3n, aporta firmeza y elasticidad a la piel dej\u00e1ndola suave y saludable.<\/p>\n<div><i>Hipoalerg\u00e9nica \u2013 Apta piel sensible \u2013 Testeada dermatol\u00f3gicamente \u2013 Sin parabenos \u2013 Sin TACC &#8211; No testeada en animales<\/i><\/div>\n<p>&nbsp;<\/p>\n","protected":false},"excerpt":{"rendered":"<p>Su f\u00f3rmula brinda m\u00e1xima hidrataci\u00f3n y efecto refrescante. Con textura liviana y de r\u00e1pida absorci\u00f3n, aporta firmeza y elasticidad a&#8230;<\/p>\n","protected":false},"featured_media":8706,"comment_status":"open","ping_status":"closed","template":"","meta":[],"product_brand":[1440],"product_cat":[],"product_tag":[],"class_list":{"0":"post-8705","1":"product","2":"type-product","3":"status-publish","4":"has-post-thumbnail","6":"product_brand-dermaglos","8":"first","9":"instock","10":"shipping-taxable","11":"purchasable","12":"product-type-simple"},"_links":{"self":[{"href":"https:\/\/parisparis.movilizame.com.ar\/index.php?rest_route=\/wp\/v2\/product\/8705","targetHints":{"allow":["GET"]}}],"collection":[{"href":"https:\/\/parisparis.movilizame.com.ar\/index.php?rest_route=\/wp\/v2\/product"}],"about":[{"href":"https:\/\/parisparis.movilizame.com.ar\/index.php?rest_route=\/wp\/v2\/types\/product"}],"replies":[{"embeddable":true,"href":"https:\/\/parisparis.movilizame.com.ar\/index.php?rest_route=%2Fwp%2Fv2%2Fcomments&post=8705"}],"wp:featuredmedia":[{"embeddable":true,"href":"https:\/\/parisparis.movilizame.com.ar\/index.php?rest_route=\/wp\/v2\/media\/8706"}],"wp:attachment":[{"href":"https:\/\/parisparis.movilizame.com.ar\/index.php?rest_route=%2Fwp%2Fv2%2Fmedia&parent=8705"}],"wp:term":[{"taxonomy":"product_brand","embeddable":true,"href":"https:\/\/parisparis.movilizame.com.ar\/index.php?rest_route=%2Fwp%2Fv2%2Fproduct_brand&post=8705"},{"taxonomy":"product_cat","embeddable":true,"href":"https:\/\/parisparis.movilizame.com.ar\/index.php?rest_route=%2Fwp%2Fv2%2Fproduct_cat&post=8705"},{"taxonomy":"product_tag","embeddable":true,"href":"https:\/\/parisparis.movilizame.com.ar\/index.php?rest_route=%2Fwp%2Fv2%2Fproduct_tag&post=8705"}],"curies":[{"name":"wp","href":"https:\/\/api.w.org\/{rel}","templated":true}]}}