{"id":8700,"date":"2026-02-04T18:59:32","date_gmt":"2026-02-04T21:59:32","guid":{"rendered":"https:\/\/parisparis.movilizame.com.ar\/?post_type=product&#038;p=8700"},"modified":"2026-02-04T18:59:33","modified_gmt":"2026-02-04T21:59:33","slug":"capilatis-ortiga-concentrado-shampoo-tratante-caida-420-ml","status":"publish","type":"product","link":"https:\/\/parisparis.movilizame.com.ar\/?product=capilatis-ortiga-concentrado-shampoo-tratante-caida-420-ml","title":{"rendered":"CAPILATIS &#8211; ORTIGA CONCENTRADO SHAMPOO TRATANTE CAIDA 420 ML"},"content":{"rendered":"<p><strong>Shampoo Tratante para la ca\u00edda del cabello<\/strong>.<\/p>\n<p>Ortiga Concentrado. Con Extracto de Ortiga para todo tipo de cabellos. Higiene profunda para todo tipo de cabellos.<\/p>\n<p>Contiene\u00a0<strong>Extracto Puro de Ortiga Concentrado<\/strong>, cuyos componentes naturales favorecen la oxigenaci\u00f3n del bulbo y fortalecen la fibra capilar. Su uso frecuente contribuye a\u00a0<strong>disminuir la ca\u00edda del cabello<\/strong>.<\/p>\n<p>SIN SILICONAS. SIN PARABENOS.<\/p>\n<p>Cont. Neto: 420 ml<\/p>\n<p><strong>Modo de uso:<\/strong><\/p>\n<p>Aplicar sobre el cabello h\u00famedo masajeando suavemente hasta formar espuma. Dejar actuar unos instantes. Enjuagar. Repetir la operaci\u00f3n. Se sugiere intensificar el tratamiento utilizando en forma conjunta con Acondicionador Tratante Ortiga Capilatis\u00ae y Loci\u00f3n T\u00f3nica Capilar Ortiga Capilatis\u00ae, completando con masajes capilares. Mantener fuera del alcance de los ni\u00f1os. En caso de contacto accidental con los ojos enjuagar con abundante agua, sin restregar. De percibir alguna reacci\u00f3n desfavorable suspender su uso y, de persistir, consultar al m\u00e9dico. Este producto no est\u00e1 formulado para su uso en ni\u00f1os.<\/p>\n","protected":false},"excerpt":{"rendered":"<p>Shampoo Tratante para la ca\u00edda del cabello. Ortiga Concentrado. Con Extracto de Ortiga para todo tipo de cabellos. Higiene profunda&#8230;<\/p>\n","protected":false},"featured_media":8701,"comment_status":"open","ping_status":"closed","template":"","meta":[],"product_brand":[1458],"product_cat":[],"product_tag":[],"class_list":{"0":"post-8700","1":"product","2":"type-product","3":"status-publish","4":"has-post-thumbnail","6":"product_brand-capilatis","8":"first","9":"instock","10":"shipping-taxable","11":"purchasable","12":"product-type-simple"},"_links":{"self":[{"href":"https:\/\/parisparis.movilizame.com.ar\/index.php?rest_route=\/wp\/v2\/product\/8700","targetHints":{"allow":["GET"]}}],"collection":[{"href":"https:\/\/parisparis.movilizame.com.ar\/index.php?rest_route=\/wp\/v2\/product"}],"about":[{"href":"https:\/\/parisparis.movilizame.com.ar\/index.php?rest_route=\/wp\/v2\/types\/product"}],"replies":[{"embeddable":true,"href":"https:\/\/parisparis.movilizame.com.ar\/index.php?rest_route=%2Fwp%2Fv2%2Fcomments&post=8700"}],"wp:featuredmedia":[{"embeddable":true,"href":"https:\/\/parisparis.movilizame.com.ar\/index.php?rest_route=\/wp\/v2\/media\/8701"}],"wp:attachment":[{"href":"https:\/\/parisparis.movilizame.com.ar\/index.php?rest_route=%2Fwp%2Fv2%2Fmedia&parent=8700"}],"wp:term":[{"taxonomy":"product_brand","embeddable":true,"href":"https:\/\/parisparis.movilizame.com.ar\/index.php?rest_route=%2Fwp%2Fv2%2Fproduct_brand&post=8700"},{"taxonomy":"product_cat","embeddable":true,"href":"https:\/\/parisparis.movilizame.com.ar\/index.php?rest_route=%2Fwp%2Fv2%2Fproduct_cat&post=8700"},{"taxonomy":"product_tag","embeddable":true,"href":"https:\/\/parisparis.movilizame.com.ar\/index.php?rest_route=%2Fwp%2Fv2%2Fproduct_tag&post=8700"}],"curies":[{"name":"wp","href":"https:\/\/api.w.org\/{rel}","templated":true}]}}