{"id":8698,"date":"2026-02-04T18:48:40","date_gmt":"2026-02-04T21:48:40","guid":{"rendered":"https:\/\/parisparis.movilizame.com.ar\/?post_type=product&#038;p=8698"},"modified":"2026-02-04T18:48:40","modified_gmt":"2026-02-04T21:48:40","slug":"capilatis-limpieza-profunda-ph-neutro-shampoo-420-ml","status":"publish","type":"product","link":"https:\/\/parisparis.movilizame.com.ar\/?product=capilatis-limpieza-profunda-ph-neutro-shampoo-420-ml","title":{"rendered":"CAPILATIS &#8211; LIMPIEZA PROFUNDA PH NEUTRO SHAMPOO 420 ML"},"content":{"rendered":"<p><strong>El Shampoo pH Neutro est\u00e1 formulado con Pomelo, T\u00e9 Verde y Jengibre.<\/strong><\/p>\n<p>Tiene una combinaci\u00f3n de extractos bot\u00e1nicos naturales con agentes de\u00a0<strong>limpieza de m\u00e1xima suavidad<\/strong>\u00a0que ayudan a mantener estable el pH del cuero cabelludo y conservan el equilibrio natural del cabello.<\/p>\n<p>F\u00f3rmula apta para uso diario que deja el cabello completamente libre de residuos e impurezas,\u00a0<strong>sin barrer la coloraci\u00f3n ni alterar el brillo<\/strong>.<\/p>\n<p>SIN SAL. SIN SILICONAS. SIN PARABENOS. SIN COLORANTES.<\/p>\n<p>Contenido: 420 ml<\/p>\n<p><strong>Modo de uso:<\/strong><\/p>\n<p><strong>Aplicar y masajear sobre el cabello h\u00famedo. Dejar actuar unos minutos. Enjuagar. Repetir si fuera necesario.<\/strong>\u00a0Mantener fuera del alcance de los ni\u00f1os. En caso de contacto con los ojos enjuagar con abundante agua, sin restregar. De percibir alguna reacci\u00f3n desfavorable, suspender su uso y consultar a un m\u00e9dico. Este producto no est\u00e1 formulado para su uso en ni\u00f1os.<\/p>\n","protected":false},"excerpt":{"rendered":"<p>El Shampoo pH Neutro est\u00e1 formulado con Pomelo, T\u00e9 Verde y Jengibre. Tiene una combinaci\u00f3n de extractos bot\u00e1nicos naturales con&#8230;<\/p>\n","protected":false},"featured_media":8699,"comment_status":"open","ping_status":"closed","template":"","meta":[],"product_brand":[1458],"product_cat":[],"product_tag":[],"class_list":{"0":"post-8698","1":"product","2":"type-product","3":"status-publish","4":"has-post-thumbnail","6":"product_brand-capilatis","8":"first","9":"instock","10":"shipping-taxable","11":"purchasable","12":"product-type-simple"},"_links":{"self":[{"href":"https:\/\/parisparis.movilizame.com.ar\/index.php?rest_route=\/wp\/v2\/product\/8698","targetHints":{"allow":["GET"]}}],"collection":[{"href":"https:\/\/parisparis.movilizame.com.ar\/index.php?rest_route=\/wp\/v2\/product"}],"about":[{"href":"https:\/\/parisparis.movilizame.com.ar\/index.php?rest_route=\/wp\/v2\/types\/product"}],"replies":[{"embeddable":true,"href":"https:\/\/parisparis.movilizame.com.ar\/index.php?rest_route=%2Fwp%2Fv2%2Fcomments&post=8698"}],"wp:featuredmedia":[{"embeddable":true,"href":"https:\/\/parisparis.movilizame.com.ar\/index.php?rest_route=\/wp\/v2\/media\/8699"}],"wp:attachment":[{"href":"https:\/\/parisparis.movilizame.com.ar\/index.php?rest_route=%2Fwp%2Fv2%2Fmedia&parent=8698"}],"wp:term":[{"taxonomy":"product_brand","embeddable":true,"href":"https:\/\/parisparis.movilizame.com.ar\/index.php?rest_route=%2Fwp%2Fv2%2Fproduct_brand&post=8698"},{"taxonomy":"product_cat","embeddable":true,"href":"https:\/\/parisparis.movilizame.com.ar\/index.php?rest_route=%2Fwp%2Fv2%2Fproduct_cat&post=8698"},{"taxonomy":"product_tag","embeddable":true,"href":"https:\/\/parisparis.movilizame.com.ar\/index.php?rest_route=%2Fwp%2Fv2%2Fproduct_tag&post=8698"}],"curies":[{"name":"wp","href":"https:\/\/api.w.org\/{rel}","templated":true}]}}