{"id":8694,"date":"2026-02-04T18:38:54","date_gmt":"2026-02-04T21:38:54","guid":{"rendered":"https:\/\/parisparis.movilizame.com.ar\/?post_type=product&#038;p=8694"},"modified":"2026-02-04T18:38:54","modified_gmt":"2026-02-04T21:38:54","slug":"capilatis-plex-serum-sellador-de-puntas-60-ml","status":"publish","type":"product","link":"https:\/\/parisparis.movilizame.com.ar\/?product=capilatis-plex-serum-sellador-de-puntas-60-ml","title":{"rendered":"CAPILATIS &#8211; PLEX SERUM SELLADOR DE PUNTAS 60 ML"},"content":{"rendered":"<p><strong>Reparaci\u00f3n absoluta. Calidad profesional. No se enjuaga. Para cabellos con da\u00f1os severos.<\/strong><\/p>\n<p><strong>Tecnolog\u00eda Plex<\/strong>: reconstrucci\u00f3n molecular inteligente del cabello da\u00f1ado.<br \/>\nCabello da\u00f1ado: enlaces rotos. Reparaci\u00f3n Plex de cadenas moleculares: cabello fuerte y saludable.<\/p>\n<p>Reparaci\u00f3n del cabello a nivel molecular. Reconstrucci\u00f3n de cadenas y enlaces internos de las fibras capilares + sellado total de puntas, que garantiza\u00a0<strong>suavidad, movimiento y brillo absoluto<\/strong>.<\/p>\n<p>SIN PARABENOS. SIN COLORANTES. SIN ALCOHOL. SIN \u00d3LEOS MINERALES (PETROLATUM). NO SE ENJUAGA.<\/p>\n<p>Industria Argentina. Cont. Neto 60 ml<\/p>\n<p><strong>Modo de uso:<\/strong><\/p>\n<p>Aplicar y esparcir unas gotas sobre la palma de la mano y luego distribuir uniformemente sobre el cabello, principalmente en largos y puntas, con masajes suaves. No enjuagar. En caso de tener puntas florecidas, aplicar unas gotas m\u00e1s y repetir la operaci\u00f3n. Modelar como de costumbre. El cabello lucir\u00e1 sano y radiante. Para obtener \u00f3ptimos resultados, sugerimos el uso combinado de todos los productos de la L\u00ednea Capilatis Hair Therapy \u00ae Tecnolog\u00eda Plex. No aplicar directamente sobre el cuero cabelludo ni en cantidad excesiva. Mantener alejado del alcance de los ni\u00f1os. En caso de contacto accidental con los ojos enjuagar con abundante agua, sin restregar. De percibir alguna reacci\u00f3n desfavorable, suspender inmediatamente su uso y, de persistir, consultar al m\u00e9dico. Este producto no est\u00e1 formulado para su uso en ni\u00f1os. USO EXTERNO EXCLUSIVO.<\/p>\n","protected":false},"excerpt":{"rendered":"<p>Reparaci\u00f3n absoluta. Calidad profesional. No se enjuaga. Para cabellos con da\u00f1os severos. Tecnolog\u00eda Plex: reconstrucci\u00f3n molecular inteligente del cabello da\u00f1ado&#8230;.<\/p>\n","protected":false},"featured_media":8695,"comment_status":"open","ping_status":"closed","template":"","meta":[],"product_brand":[1458],"product_cat":[],"product_tag":[],"class_list":{"0":"post-8694","1":"product","2":"type-product","3":"status-publish","4":"has-post-thumbnail","6":"product_brand-capilatis","8":"first","9":"instock","10":"shipping-taxable","11":"purchasable","12":"product-type-simple"},"_links":{"self":[{"href":"https:\/\/parisparis.movilizame.com.ar\/index.php?rest_route=\/wp\/v2\/product\/8694","targetHints":{"allow":["GET"]}}],"collection":[{"href":"https:\/\/parisparis.movilizame.com.ar\/index.php?rest_route=\/wp\/v2\/product"}],"about":[{"href":"https:\/\/parisparis.movilizame.com.ar\/index.php?rest_route=\/wp\/v2\/types\/product"}],"replies":[{"embeddable":true,"href":"https:\/\/parisparis.movilizame.com.ar\/index.php?rest_route=%2Fwp%2Fv2%2Fcomments&post=8694"}],"wp:featuredmedia":[{"embeddable":true,"href":"https:\/\/parisparis.movilizame.com.ar\/index.php?rest_route=\/wp\/v2\/media\/8695"}],"wp:attachment":[{"href":"https:\/\/parisparis.movilizame.com.ar\/index.php?rest_route=%2Fwp%2Fv2%2Fmedia&parent=8694"}],"wp:term":[{"taxonomy":"product_brand","embeddable":true,"href":"https:\/\/parisparis.movilizame.com.ar\/index.php?rest_route=%2Fwp%2Fv2%2Fproduct_brand&post=8694"},{"taxonomy":"product_cat","embeddable":true,"href":"https:\/\/parisparis.movilizame.com.ar\/index.php?rest_route=%2Fwp%2Fv2%2Fproduct_cat&post=8694"},{"taxonomy":"product_tag","embeddable":true,"href":"https:\/\/parisparis.movilizame.com.ar\/index.php?rest_route=%2Fwp%2Fv2%2Fproduct_tag&post=8694"}],"curies":[{"name":"wp","href":"https:\/\/api.w.org\/{rel}","templated":true}]}}