{"id":8691,"date":"2026-02-04T18:03:41","date_gmt":"2026-02-04T21:03:41","guid":{"rendered":"https:\/\/parisparis.movilizame.com.ar\/?post_type=product&#038;p=8691"},"modified":"2026-02-04T18:03:41","modified_gmt":"2026-02-04T21:03:41","slug":"capilatis-plex-protector-termico-190-ml","status":"publish","type":"product","link":"https:\/\/parisparis.movilizame.com.ar\/?product=capilatis-plex-protector-termico-190-ml","title":{"rendered":"CAPILATIS &#8211; PLEX PROTECTOR TERMICO 190 ML"},"content":{"rendered":"<p><strong>Reparaci\u00f3n absoluta. Control del Frizz. Calidad profesional. No se enjuaga. Para cabellos con da\u00f1os severos.<\/strong><\/p>\n<p><strong>Tecnolog\u00eda Plex:<\/strong>\u00a0reconstrucci\u00f3n molecular inteligente del cabello da\u00f1ado.<br \/>\nCabello da\u00f1ado: enlaces rotos. Reparaci\u00f3n Plex de cadenas moleculares: cabello fuerte y saludable.<\/p>\n<p><strong>Protege el cabello del calor de secador, planchita o buclera<\/strong>. Restaura e hidrata con total control del frizz.<\/p>\n<p>SIN PARABENOS. SIN COLORANTES. SIN SILICONAS. NO SE ENJUAGA.<\/p>\n<p>Industria Argentina. Cont. Neto 190 ml<\/p>\n<p><strong>Modo de uso:<\/strong><\/p>\n<p>Vaporizar sobre el cabello h\u00famedo a 20 cm de distancia. Mantener la aplicaci\u00f3n unos instantes. Secar el cabello sin enjuagar utilizando secador y luego aplicar planchita o buclera. Modelar como de costumbre. Mantener fuera del alcance de los ni\u00f1os. En caso de contacto con los ojos enjuagar con abundante agua, sin restregar. De percibir alguna reacci\u00f3n desfavorable, suspender su uso y consultar a un m\u00e9dico. Este producto no est\u00e1 formulado para su uso en ni\u00f1os.<\/p>\n","protected":false},"excerpt":{"rendered":"<p>Reparaci\u00f3n absoluta. Control del Frizz. Calidad profesional. No se enjuaga. Para cabellos con da\u00f1os severos. Tecnolog\u00eda Plex:\u00a0reconstrucci\u00f3n molecular inteligente del&#8230;<\/p>\n","protected":false},"featured_media":8692,"comment_status":"open","ping_status":"closed","template":"","meta":[],"product_brand":[1458],"product_cat":[],"product_tag":[],"class_list":{"0":"post-8691","1":"product","2":"type-product","3":"status-publish","4":"has-post-thumbnail","6":"product_brand-capilatis","8":"first","9":"instock","10":"shipping-taxable","11":"purchasable","12":"product-type-simple"},"_links":{"self":[{"href":"https:\/\/parisparis.movilizame.com.ar\/index.php?rest_route=\/wp\/v2\/product\/8691","targetHints":{"allow":["GET"]}}],"collection":[{"href":"https:\/\/parisparis.movilizame.com.ar\/index.php?rest_route=\/wp\/v2\/product"}],"about":[{"href":"https:\/\/parisparis.movilizame.com.ar\/index.php?rest_route=\/wp\/v2\/types\/product"}],"replies":[{"embeddable":true,"href":"https:\/\/parisparis.movilizame.com.ar\/index.php?rest_route=%2Fwp%2Fv2%2Fcomments&post=8691"}],"wp:featuredmedia":[{"embeddable":true,"href":"https:\/\/parisparis.movilizame.com.ar\/index.php?rest_route=\/wp\/v2\/media\/8692"}],"wp:attachment":[{"href":"https:\/\/parisparis.movilizame.com.ar\/index.php?rest_route=%2Fwp%2Fv2%2Fmedia&parent=8691"}],"wp:term":[{"taxonomy":"product_brand","embeddable":true,"href":"https:\/\/parisparis.movilizame.com.ar\/index.php?rest_route=%2Fwp%2Fv2%2Fproduct_brand&post=8691"},{"taxonomy":"product_cat","embeddable":true,"href":"https:\/\/parisparis.movilizame.com.ar\/index.php?rest_route=%2Fwp%2Fv2%2Fproduct_cat&post=8691"},{"taxonomy":"product_tag","embeddable":true,"href":"https:\/\/parisparis.movilizame.com.ar\/index.php?rest_route=%2Fwp%2Fv2%2Fproduct_tag&post=8691"}],"curies":[{"name":"wp","href":"https:\/\/api.w.org\/{rel}","templated":true}]}}