{"id":8687,"date":"2026-02-04T17:55:11","date_gmt":"2026-02-04T20:55:11","guid":{"rendered":"https:\/\/parisparis.movilizame.com.ar\/?post_type=product&#038;p=8687"},"modified":"2026-02-04T17:55:11","modified_gmt":"2026-02-04T20:55:11","slug":"capilatis-plex-acondicionador-350-ml","status":"publish","type":"product","link":"https:\/\/parisparis.movilizame.com.ar\/?product=capilatis-plex-acondicionador-350-ml","title":{"rendered":"CAPILATIS &#8211; PLEX ACONDICIONADOR 350 ML"},"content":{"rendered":"<p><strong>Reparaci\u00f3n Absoluta. Calidad profesional. Para cabellos con da\u00f1os severos.<\/strong><\/p>\n<p><strong>Tecnolog\u00eda Plex<\/strong>: reconstrucci\u00f3n molecular inteligente del cabello da\u00f1ado.<br \/>\nCabello da\u00f1ado: enlaces rotos. Reparaci\u00f3n Plex de cadenas moleculares: cabello fuerte y saludable.<\/p>\n<p>Acondicionador intensivo formulado con Tecnolog\u00eda Plex: reparaci\u00f3n del cabello a nivel molecular. Reconstrucci\u00f3n de cadenas y enlaces internos de las fibras capilares que garantiza total\u00a0<strong>suavidad, fuerza, resistencia y brillo absoluto<\/strong>.<\/p>\n<p>SIN PARABENOS. SIN COLORANTES.<\/p>\n<p>Industria Argentina. Cont. Neto: 350 ml<\/p>\n<p><strong>Modo de uso:<\/strong><\/p>\n<p>Luego del lavado, aplicar masajeando suavemente y dejar actuar unos minutos. Enjuagar con agua tibia. Peinar como de costumbre. Mantener fuera del alcance de los ni\u00f1os. En caso de contacto con los ojos enjuagar con abundante agua, sin restregar. De percibir alguna reacci\u00f3n desfavorable, suspender su uso y consultar a un m\u00e9dico. Este producto no est\u00e1 formulado para su uso en ni\u00f1os. Se sugiere el uso combinado de todos los productos Tecnolog\u00eda Plex Capilatis Hair Therapy\u00ae.<\/p>\n","protected":false},"excerpt":{"rendered":"<p>Reparaci\u00f3n Absoluta. Calidad profesional. Para cabellos con da\u00f1os severos. Tecnolog\u00eda Plex: reconstrucci\u00f3n molecular inteligente del cabello da\u00f1ado. Cabello da\u00f1ado: enlaces&#8230;<\/p>\n","protected":false},"featured_media":8688,"comment_status":"open","ping_status":"closed","template":"","meta":[],"product_brand":[1458],"product_cat":[],"product_tag":[],"class_list":{"0":"post-8687","1":"product","2":"type-product","3":"status-publish","4":"has-post-thumbnail","6":"product_brand-capilatis","8":"first","9":"instock","10":"shipping-taxable","11":"purchasable","12":"product-type-simple"},"_links":{"self":[{"href":"https:\/\/parisparis.movilizame.com.ar\/index.php?rest_route=\/wp\/v2\/product\/8687","targetHints":{"allow":["GET"]}}],"collection":[{"href":"https:\/\/parisparis.movilizame.com.ar\/index.php?rest_route=\/wp\/v2\/product"}],"about":[{"href":"https:\/\/parisparis.movilizame.com.ar\/index.php?rest_route=\/wp\/v2\/types\/product"}],"replies":[{"embeddable":true,"href":"https:\/\/parisparis.movilizame.com.ar\/index.php?rest_route=%2Fwp%2Fv2%2Fcomments&post=8687"}],"wp:featuredmedia":[{"embeddable":true,"href":"https:\/\/parisparis.movilizame.com.ar\/index.php?rest_route=\/wp\/v2\/media\/8688"}],"wp:attachment":[{"href":"https:\/\/parisparis.movilizame.com.ar\/index.php?rest_route=%2Fwp%2Fv2%2Fmedia&parent=8687"}],"wp:term":[{"taxonomy":"product_brand","embeddable":true,"href":"https:\/\/parisparis.movilizame.com.ar\/index.php?rest_route=%2Fwp%2Fv2%2Fproduct_brand&post=8687"},{"taxonomy":"product_cat","embeddable":true,"href":"https:\/\/parisparis.movilizame.com.ar\/index.php?rest_route=%2Fwp%2Fv2%2Fproduct_cat&post=8687"},{"taxonomy":"product_tag","embeddable":true,"href":"https:\/\/parisparis.movilizame.com.ar\/index.php?rest_route=%2Fwp%2Fv2%2Fproduct_tag&post=8687"}],"curies":[{"name":"wp","href":"https:\/\/api.w.org\/{rel}","templated":true}]}}