{"id":8684,"date":"2026-02-04T17:43:01","date_gmt":"2026-02-04T20:43:01","guid":{"rendered":"https:\/\/parisparis.movilizame.com.ar\/?post_type=product&#038;p=8684"},"modified":"2026-02-04T17:43:01","modified_gmt":"2026-02-04T20:43:01","slug":"capilatis-hialuronico-colageno-bruma-capilar-190-ml","status":"publish","type":"product","link":"https:\/\/parisparis.movilizame.com.ar\/?product=capilatis-hialuronico-colageno-bruma-capilar-190-ml","title":{"rendered":"CAPILATIS &#8211; HIALURONICO + COLAGENO BRUMA CAPILAR 190 ML"},"content":{"rendered":"<p><strong>Hidrata al m\u00e1ximo<\/strong>\u00a0y aporta nutrientes esenciales que recuperan la salud y la vitalidad del cabello.<\/p>\n<p>Asegura\u00a0<strong>extra brillo y excelente control del frizz<\/strong>. Su exquisita fragancia perfuma delicadamente.<\/p>\n<p>No se enjuaga.<\/p>\n<p>SIN PARABENOS. SIN COLORANTES. SIN PETROLATOS. SIN ALCOHOL.<\/p>\n<p>Contenido: 190 ml<\/p>\n<p><strong>Modo de uso:<\/strong><\/p>\n<p>Agitar bien el producto hasta conseguir una mezcla uniforme. Girar la traba de seguridad de la v\u00e1lvula. Vaporizar sobre el cabello h\u00famedo a 30 cm de distancia. No aplicar directamente sobre el cuero cabelludo ni en cantidad excesiva. No enjuagar. Mantener alejado del alcance de los ni\u00f1os. En caso de contacto accidental con los ojos enjuagar con abundante agua, sin restregar. De percibir alguna reacci\u00f3n desfavorable suspender de inmediato su uso y, de persistir, consultar al m\u00e9dico. Este producto no est\u00e1 formulado para su uso en ni\u00f1os.<\/p>\n","protected":false},"excerpt":{"rendered":"<p>Hidrata al m\u00e1ximo\u00a0y aporta nutrientes esenciales que recuperan la salud y la vitalidad del cabello. Asegura\u00a0extra brillo y excelente control&#8230;<\/p>\n","protected":false},"featured_media":8685,"comment_status":"open","ping_status":"closed","template":"","meta":[],"product_brand":[1458],"product_cat":[],"product_tag":[],"class_list":{"0":"post-8684","1":"product","2":"type-product","3":"status-publish","4":"has-post-thumbnail","6":"product_brand-capilatis","8":"first","9":"instock","10":"shipping-taxable","11":"purchasable","12":"product-type-simple"},"_links":{"self":[{"href":"https:\/\/parisparis.movilizame.com.ar\/index.php?rest_route=\/wp\/v2\/product\/8684","targetHints":{"allow":["GET"]}}],"collection":[{"href":"https:\/\/parisparis.movilizame.com.ar\/index.php?rest_route=\/wp\/v2\/product"}],"about":[{"href":"https:\/\/parisparis.movilizame.com.ar\/index.php?rest_route=\/wp\/v2\/types\/product"}],"replies":[{"embeddable":true,"href":"https:\/\/parisparis.movilizame.com.ar\/index.php?rest_route=%2Fwp%2Fv2%2Fcomments&post=8684"}],"wp:featuredmedia":[{"embeddable":true,"href":"https:\/\/parisparis.movilizame.com.ar\/index.php?rest_route=\/wp\/v2\/media\/8685"}],"wp:attachment":[{"href":"https:\/\/parisparis.movilizame.com.ar\/index.php?rest_route=%2Fwp%2Fv2%2Fmedia&parent=8684"}],"wp:term":[{"taxonomy":"product_brand","embeddable":true,"href":"https:\/\/parisparis.movilizame.com.ar\/index.php?rest_route=%2Fwp%2Fv2%2Fproduct_brand&post=8684"},{"taxonomy":"product_cat","embeddable":true,"href":"https:\/\/parisparis.movilizame.com.ar\/index.php?rest_route=%2Fwp%2Fv2%2Fproduct_cat&post=8684"},{"taxonomy":"product_tag","embeddable":true,"href":"https:\/\/parisparis.movilizame.com.ar\/index.php?rest_route=%2Fwp%2Fv2%2Fproduct_tag&post=8684"}],"curies":[{"name":"wp","href":"https:\/\/api.w.org\/{rel}","templated":true}]}}