{"id":8677,"date":"2026-02-04T17:13:45","date_gmt":"2026-02-04T20:13:45","guid":{"rendered":"https:\/\/parisparis.movilizame.com.ar\/?post_type=product&#038;p=8677"},"modified":"2026-02-04T19:02:05","modified_gmt":"2026-02-04T22:02:05","slug":"capilatis-acondicionador-tratante-caida-420-ml","status":"publish","type":"product","link":"https:\/\/parisparis.movilizame.com.ar\/?product=capilatis-acondicionador-tratante-caida-420-ml","title":{"rendered":"CAPILATIS &#8211; ORTIGA CONCENTRADO ACONDICIONADOR TRATANTE CAIDA 420 ML"},"content":{"rendered":"<p><strong>Acondicionador Tratante para la ca\u00edda del cabello. Ortiga Concentrado.\u00a0<\/strong>Con extracto de ortiga para todo tipo de cabellos. Elevado poder desenredante\u00a0<strong>para todo tipo de cabellos<\/strong>.<\/p>\n<p>Contiene extracto puro de ortiga concentrado, cuyos componentes naturales favorecen la oxigenaci\u00f3n del bulbo y fortalecen la fibra capilar. Su uso frecuente contribuye a\u00a0<strong>disminuir la ca\u00edda del cabello<\/strong>.<\/p>\n<p>SIN SILICONAS. SIN PARABENOS.<\/p>\n<p>Cont. Neto: 420 ml<\/p>\n<p><strong>Modo de uso:<\/strong><\/p>\n<p>Luego del lavado, aplicar masajeando suavemente y dejar actuar unos minutos. Enjuagar con agua tibia. Peinar como de costumbre. Se sugiere intensificar el tratamiento utilizando en forma conjunta con Shampoo Tratante Ortiga Capilatis\u00ae y Loci\u00f3n T\u00f3nica Capilar Ortiga Capilatis\u00ae, completando con masajes capilares. Mantener fuera del alcance de los ni\u00f1os. En caso de contacto accidental con los ojos enjuagar con abundante agua, sin restregar. De percibir alguna reacci\u00f3n desfavorable suspender su uso y, de persistir, consultar al m\u00e9dico. Este producto no est\u00e1 formulado para su uso en ni\u00f1os.<\/p>\n","protected":false},"excerpt":{"rendered":"<p>Acondicionador Tratante para la ca\u00edda del cabello. Ortiga Concentrado.\u00a0Con extracto de ortiga para todo tipo de cabellos. Elevado poder desenredante\u00a0para&#8230;<\/p>\n","protected":false},"featured_media":8678,"comment_status":"open","ping_status":"closed","template":"","meta":[],"product_brand":[1458],"product_cat":[],"product_tag":[],"class_list":{"0":"post-8677","1":"product","2":"type-product","3":"status-publish","4":"has-post-thumbnail","6":"product_brand-capilatis","8":"first","9":"instock","10":"shipping-taxable","11":"purchasable","12":"product-type-simple"},"_links":{"self":[{"href":"https:\/\/parisparis.movilizame.com.ar\/index.php?rest_route=\/wp\/v2\/product\/8677","targetHints":{"allow":["GET"]}}],"collection":[{"href":"https:\/\/parisparis.movilizame.com.ar\/index.php?rest_route=\/wp\/v2\/product"}],"about":[{"href":"https:\/\/parisparis.movilizame.com.ar\/index.php?rest_route=\/wp\/v2\/types\/product"}],"replies":[{"embeddable":true,"href":"https:\/\/parisparis.movilizame.com.ar\/index.php?rest_route=%2Fwp%2Fv2%2Fcomments&post=8677"}],"wp:featuredmedia":[{"embeddable":true,"href":"https:\/\/parisparis.movilizame.com.ar\/index.php?rest_route=\/wp\/v2\/media\/8678"}],"wp:attachment":[{"href":"https:\/\/parisparis.movilizame.com.ar\/index.php?rest_route=%2Fwp%2Fv2%2Fmedia&parent=8677"}],"wp:term":[{"taxonomy":"product_brand","embeddable":true,"href":"https:\/\/parisparis.movilizame.com.ar\/index.php?rest_route=%2Fwp%2Fv2%2Fproduct_brand&post=8677"},{"taxonomy":"product_cat","embeddable":true,"href":"https:\/\/parisparis.movilizame.com.ar\/index.php?rest_route=%2Fwp%2Fv2%2Fproduct_cat&post=8677"},{"taxonomy":"product_tag","embeddable":true,"href":"https:\/\/parisparis.movilizame.com.ar\/index.php?rest_route=%2Fwp%2Fv2%2Fproduct_tag&post=8677"}],"curies":[{"name":"wp","href":"https:\/\/api.w.org\/{rel}","templated":true}]}}