{"id":8655,"date":"2025-12-17T19:23:30","date_gmt":"2025-12-17T22:23:30","guid":{"rendered":"https:\/\/parisparis.movilizame.com.ar\/?post_type=product&#038;p=8655"},"modified":"2025-12-17T19:23:30","modified_gmt":"2025-12-17T22:23:30","slug":"claridge-control-caida-acondicionador-400-gr","status":"publish","type":"product","link":"https:\/\/parisparis.movilizame.com.ar\/?product=claridge-control-caida-acondicionador-400-gr","title":{"rendered":"CLARIDGE &#8211; CONTROL CAIDA ACONDICIONADOR 400 GR"},"content":{"rendered":"<h2 class=\"font-body mb-4\">Descripci\u00f3n<\/h2>\n<div class=\"user-content font-small mb-4\">\n<p><em>Claridge desarroll\u00f3 su f\u00f3rmula CONTROL CA\u00cdDA para restaurar y fortificar los cabellos con ca\u00edda por quiebre. Le devuelve a la fibra capilar la fuerza y elasticidad perdida por diferentes factores y nutre el bulbo capilar. Ayuda a oxigenar el cuero cabelludo manteniendo el equilibrio para una buena circulaci\u00f3n del mismo.<\/em><\/p>\n<p><strong>COMPONENTES<\/strong>: Vitamina b6: fortalece el cabello estimulando el bulbo capilar ayuda al crecimiento del cabello. Ortiga: Activa la circulaci\u00f3n perif\u00e9rica del cuero cabelludo, elimina la caspa, oxigena al bulbo capilar, potencia el crecimiento del cabello.<\/p>\n<p><strong>MODO DE USO<\/strong>: una vez limpio el cabello, aplicar el acondicionador en largos y puntas. Desenredar y masajear suavemente, dej\u00e1ndolo actuar un minuto y finalmente enjuagar con abundante agua tibia. Para un mejor resultado utilizar previamente el shampoo Control Ca\u00edda y posteriormente la loci\u00f3n Control Ca\u00edda.<\/p>\n<\/div>\n","protected":false},"excerpt":{"rendered":"<p>Descripci\u00f3n Claridge desarroll\u00f3 su f\u00f3rmula CONTROL CA\u00cdDA para restaurar y fortificar los cabellos con ca\u00edda por quiebre. Le devuelve a&#8230;<\/p>\n","protected":false},"featured_media":8656,"comment_status":"open","ping_status":"closed","template":"","meta":[],"product_brand":[1427],"product_cat":[],"product_tag":[],"class_list":{"0":"post-8655","1":"product","2":"type-product","3":"status-publish","4":"has-post-thumbnail","6":"product_brand-claridge","8":"first","9":"instock","10":"shipping-taxable","11":"purchasable","12":"product-type-simple"},"_links":{"self":[{"href":"https:\/\/parisparis.movilizame.com.ar\/index.php?rest_route=\/wp\/v2\/product\/8655","targetHints":{"allow":["GET"]}}],"collection":[{"href":"https:\/\/parisparis.movilizame.com.ar\/index.php?rest_route=\/wp\/v2\/product"}],"about":[{"href":"https:\/\/parisparis.movilizame.com.ar\/index.php?rest_route=\/wp\/v2\/types\/product"}],"replies":[{"embeddable":true,"href":"https:\/\/parisparis.movilizame.com.ar\/index.php?rest_route=%2Fwp%2Fv2%2Fcomments&post=8655"}],"wp:featuredmedia":[{"embeddable":true,"href":"https:\/\/parisparis.movilizame.com.ar\/index.php?rest_route=\/wp\/v2\/media\/8656"}],"wp:attachment":[{"href":"https:\/\/parisparis.movilizame.com.ar\/index.php?rest_route=%2Fwp%2Fv2%2Fmedia&parent=8655"}],"wp:term":[{"taxonomy":"product_brand","embeddable":true,"href":"https:\/\/parisparis.movilizame.com.ar\/index.php?rest_route=%2Fwp%2Fv2%2Fproduct_brand&post=8655"},{"taxonomy":"product_cat","embeddable":true,"href":"https:\/\/parisparis.movilizame.com.ar\/index.php?rest_route=%2Fwp%2Fv2%2Fproduct_cat&post=8655"},{"taxonomy":"product_tag","embeddable":true,"href":"https:\/\/parisparis.movilizame.com.ar\/index.php?rest_route=%2Fwp%2Fv2%2Fproduct_tag&post=8655"}],"curies":[{"name":"wp","href":"https:\/\/api.w.org\/{rel}","templated":true}]}}