{"id":8653,"date":"2025-12-17T19:19:36","date_gmt":"2025-12-17T22:19:36","guid":{"rendered":"https:\/\/parisparis.movilizame.com.ar\/?post_type=product&#038;p=8653"},"modified":"2025-12-17T19:19:36","modified_gmt":"2025-12-17T22:19:36","slug":"claridge-btx-bano-de-crema-efecto-botox-250-gr","status":"publish","type":"product","link":"https:\/\/parisparis.movilizame.com.ar\/?product=claridge-btx-bano-de-crema-efecto-botox-250-gr","title":{"rendered":"CLARIDGE &#8211; BTX BA\u00d1O DE CREMA EFECTO BOTOX 250 GR"},"content":{"rendered":"<h1 class=\"font-body mb-4\">Descripci\u00f3n<\/h1>\n<div class=\"user-content font-small mb-4\">\n<p><em>Claridge desarrollo el ba\u00f1o de crema BTX CAPILAR combinando las propiedades hidratantes y reconstructivas del Complejo BTX (\u00e1cido hialur\u00f3nico+keratina) con el poder de nutrici\u00f3n de la provitamina B5. Este tratamiento repara en profundidad el cabello da\u00f1ado.<\/em><\/p>\n<p><strong>COMPONENTES:<\/strong>\u00a0Complejo BTX: est\u00e1 compuesto por \u00e1cido hyalur\u00f3nico y keratina, ayuda a restaurar los niveles de hidrataci\u00f3n del cabello reestructurando la fibra capilar. Permite que el pelo recupere su textura, brillo y suavidad.<br \/>\nProvitamina B5: devuelve la nutrici\u00f3n perdida por diferentes factores.<\/p>\n<p><strong>MODO DE USO:<\/strong>\u00a0Una vez limpio el cabello aplicar el ba\u00f1o de crema de largos a puntas, dejar actuar 3 minutos y finalmente enjuagar con abundante agua tibia. Para un mejor resultado utilizar previamente el shampoo BTX Capilar.<\/p>\n<\/div>\n","protected":false},"excerpt":{"rendered":"<p>Descripci\u00f3n Claridge desarrollo el ba\u00f1o de crema BTX CAPILAR combinando las propiedades hidratantes y reconstructivas del Complejo BTX (\u00e1cido hialur\u00f3nico+keratina)&#8230;<\/p>\n","protected":false},"featured_media":8654,"comment_status":"open","ping_status":"closed","template":"","meta":[],"product_brand":[1427],"product_cat":[],"product_tag":[],"class_list":{"0":"post-8653","1":"product","2":"type-product","3":"status-publish","4":"has-post-thumbnail","6":"product_brand-claridge","8":"first","9":"instock","10":"shipping-taxable","11":"purchasable","12":"product-type-simple"},"_links":{"self":[{"href":"https:\/\/parisparis.movilizame.com.ar\/index.php?rest_route=\/wp\/v2\/product\/8653","targetHints":{"allow":["GET"]}}],"collection":[{"href":"https:\/\/parisparis.movilizame.com.ar\/index.php?rest_route=\/wp\/v2\/product"}],"about":[{"href":"https:\/\/parisparis.movilizame.com.ar\/index.php?rest_route=\/wp\/v2\/types\/product"}],"replies":[{"embeddable":true,"href":"https:\/\/parisparis.movilizame.com.ar\/index.php?rest_route=%2Fwp%2Fv2%2Fcomments&post=8653"}],"wp:featuredmedia":[{"embeddable":true,"href":"https:\/\/parisparis.movilizame.com.ar\/index.php?rest_route=\/wp\/v2\/media\/8654"}],"wp:attachment":[{"href":"https:\/\/parisparis.movilizame.com.ar\/index.php?rest_route=%2Fwp%2Fv2%2Fmedia&parent=8653"}],"wp:term":[{"taxonomy":"product_brand","embeddable":true,"href":"https:\/\/parisparis.movilizame.com.ar\/index.php?rest_route=%2Fwp%2Fv2%2Fproduct_brand&post=8653"},{"taxonomy":"product_cat","embeddable":true,"href":"https:\/\/parisparis.movilizame.com.ar\/index.php?rest_route=%2Fwp%2Fv2%2Fproduct_cat&post=8653"},{"taxonomy":"product_tag","embeddable":true,"href":"https:\/\/parisparis.movilizame.com.ar\/index.php?rest_route=%2Fwp%2Fv2%2Fproduct_tag&post=8653"}],"curies":[{"name":"wp","href":"https:\/\/api.w.org\/{rel}","templated":true}]}}