{"id":8651,"date":"2025-12-17T19:11:59","date_gmt":"2025-12-17T22:11:59","guid":{"rendered":"https:\/\/parisparis.movilizame.com.ar\/?post_type=product&#038;p=8651"},"modified":"2025-12-17T19:11:59","modified_gmt":"2025-12-17T22:11:59","slug":"claridge-colormax-ampolla-15-ml","status":"publish","type":"product","link":"https:\/\/parisparis.movilizame.com.ar\/?product=claridge-colormax-ampolla-15-ml","title":{"rendered":"CLARIDGE &#8211; COLORMAX AMPOLLA 15 ML"},"content":{"rendered":"<h1 class=\"font-body mb-4\">Descripci\u00f3n<\/h1>\n<div class=\"user-content font-small mb-4\">\n<p>*Esta publicaci\u00f3n corresponde a 1 unidad de este producto.<br \/>\n*Para obtener la presentaci\u00f3n en caja, cargar 12 unidades del producto.<\/p>\n<p><em>Claridge desarroll\u00f3 la ampolla COLOR MAX para intensificar el tono de la coloraci\u00f3n. Tiene una acci\u00f3n protectora del color, logra que la tintura perdure por mas tiempo con los lavados.<\/em><\/p>\n<p><strong>COMPONENTES:\u00a0<\/strong>Keratina: es un componente presente en el cabello, ayuda a preservar el color. Col\u00e1geno: nutre, repara y fortalece el cabello da\u00f1ado desde la ra\u00edz.<\/p>\n<p><strong>MODO DE USO<\/strong>: colocar una dosis de la ampolla en la coloraci\u00f3n y luego mezclar. Si el cabello es muy largo y utiliza dos coloraciones colocar una dosis en cada aplicaci\u00f3n.<\/p>\n<\/div>\n","protected":false},"excerpt":{"rendered":"<p>Descripci\u00f3n *Esta publicaci\u00f3n corresponde a 1 unidad de este producto. *Para obtener la presentaci\u00f3n en caja, cargar 12 unidades del&#8230;<\/p>\n","protected":false},"featured_media":8652,"comment_status":"open","ping_status":"closed","template":"","meta":[],"product_brand":[1427],"product_cat":[],"product_tag":[],"class_list":{"0":"post-8651","1":"product","2":"type-product","3":"status-publish","4":"has-post-thumbnail","6":"product_brand-claridge","8":"first","9":"instock","10":"shipping-taxable","11":"purchasable","12":"product-type-simple"},"_links":{"self":[{"href":"https:\/\/parisparis.movilizame.com.ar\/index.php?rest_route=\/wp\/v2\/product\/8651","targetHints":{"allow":["GET"]}}],"collection":[{"href":"https:\/\/parisparis.movilizame.com.ar\/index.php?rest_route=\/wp\/v2\/product"}],"about":[{"href":"https:\/\/parisparis.movilizame.com.ar\/index.php?rest_route=\/wp\/v2\/types\/product"}],"replies":[{"embeddable":true,"href":"https:\/\/parisparis.movilizame.com.ar\/index.php?rest_route=%2Fwp%2Fv2%2Fcomments&post=8651"}],"wp:featuredmedia":[{"embeddable":true,"href":"https:\/\/parisparis.movilizame.com.ar\/index.php?rest_route=\/wp\/v2\/media\/8652"}],"wp:attachment":[{"href":"https:\/\/parisparis.movilizame.com.ar\/index.php?rest_route=%2Fwp%2Fv2%2Fmedia&parent=8651"}],"wp:term":[{"taxonomy":"product_brand","embeddable":true,"href":"https:\/\/parisparis.movilizame.com.ar\/index.php?rest_route=%2Fwp%2Fv2%2Fproduct_brand&post=8651"},{"taxonomy":"product_cat","embeddable":true,"href":"https:\/\/parisparis.movilizame.com.ar\/index.php?rest_route=%2Fwp%2Fv2%2Fproduct_cat&post=8651"},{"taxonomy":"product_tag","embeddable":true,"href":"https:\/\/parisparis.movilizame.com.ar\/index.php?rest_route=%2Fwp%2Fv2%2Fproduct_tag&post=8651"}],"curies":[{"name":"wp","href":"https:\/\/api.w.org\/{rel}","templated":true}]}}