{"id":8649,"date":"2025-12-17T19:07:45","date_gmt":"2025-12-17T22:07:45","guid":{"rendered":"https:\/\/parisparis.movilizame.com.ar\/?post_type=product&#038;p=8649"},"modified":"2025-12-17T19:07:45","modified_gmt":"2025-12-17T22:07:45","slug":"claridge-10-en-1-spray-maxima-potencia-230-gr","status":"publish","type":"product","link":"https:\/\/parisparis.movilizame.com.ar\/?product=claridge-10-en-1-spray-maxima-potencia-230-gr","title":{"rendered":"CLARIDGE &#8211; 10 EN 1 SPRAY MAXIMA POTENCIA 230 GR"},"content":{"rendered":"<h1 class=\"font-body mb-4\">Descripci\u00f3n<\/h1>\n<div class=\"user-content font-small mb-4\">\n<p><span data-sheets-root=\"1\" data-sheets-userformat=\"{&quot;2&quot;:14781,&quot;3&quot;:{&quot;1&quot;:0,&quot;3&quot;:1},&quot;5&quot;:{&quot;1&quot;:[{&quot;1&quot;:2,&quot;2&quot;:0,&quot;5&quot;:{&quot;1&quot;:2,&quot;2&quot;:0}},{&quot;1&quot;:0,&quot;2&quot;:0,&quot;3&quot;:3},{&quot;1&quot;:1,&quot;2&quot;:0,&quot;4&quot;:1}]},&quot;6&quot;:{&quot;1&quot;:[{&quot;1&quot;:2,&quot;2&quot;:0,&quot;5&quot;:{&quot;1&quot;:2,&quot;2&quot;:0}},{&quot;1&quot;:0,&quot;2&quot;:0,&quot;3&quot;:3},{&quot;1&quot;:1,&quot;2&quot;:0,&quot;4&quot;:1}]},&quot;7&quot;:{&quot;1&quot;:[{&quot;1&quot;:2,&quot;2&quot;:0,&quot;5&quot;:{&quot;1&quot;:2,&quot;2&quot;:0}},{&quot;1&quot;:0,&quot;2&quot;:0,&quot;3&quot;:3},{&quot;1&quot;:1,&quot;2&quot;:0,&quot;4&quot;:1}]},&quot;8&quot;:{&quot;1&quot;:[{&quot;1&quot;:2,&quot;2&quot;:0,&quot;5&quot;:{&quot;1&quot;:2,&quot;2&quot;:0}},{&quot;1&quot;:0,&quot;2&quot;:0,&quot;3&quot;:3},{&quot;1&quot;:1,&quot;2&quot;:0,&quot;4&quot;:1}]},&quot;10&quot;:1,&quot;11&quot;:4,&quot;14&quot;:{&quot;1&quot;:3,&quot;3&quot;:1},&quot;15&quot;:&quot;Calibri&quot;,&quot;16&quot;:11}\" data-sheets-value=\"{&quot;1&quot;:2,&quot;2&quot;:&quot;PROPIEDADES\\nF\u00d3RMULA 10 en 1: Claridge desarroll\u00f3 el  spray 10 en 1 de M\u00e1xima protecci\u00f3n para reparar y proteger en profundidad el cabello, con su uso diario el pelo recupera su brillo, textura y suavidad. Un shock de activos reparadores y humectantes que protegen y restauran la fibra capilar.                                                                                                 \\nBeneficios del spray 10 en 1 \\n1) Fortalece (Vitamina B5)\\n2) Hidrata (\u00c1cido Hialur\u00f3nico)\\n3) Nutre (Hidrolizado de Col\u00e1geno)\\n4) Protege el color (filtro UV)\\n5) Evita el frizz  (\u00d3leo de Macadamia)\\n6) Repara las puntas abiertas ( \u00d3leo de Arg\u00e1n)\\n7) Humecta ( Aceite de semillas de Lino)\\n8) Extra Brilllo (Keratina)\\n9) Protecci\u00f3n anti Age (Vitamina E)\\n10) Evita la decoloraci\u00f3n ( Extracto de Quinoa)\\nMODO DE USO: Roc\u00ede el spray 10 en 1 a 30 cm d ela fibra capilar para distribuir bien el producto. Luego peine y modele el cabello de manera habitual. ADVERTENCIA: \u00e9ste producto no fu\u00e9 formulado para su uso en ni\u00f1os.\\n&quot;}\"><strong>PROPIEDADES:<\/strong><br \/>\nF\u00d3RMULA 10 en 1: Claridge desarroll\u00f3 el spray 10 en 1 de M\u00e1xima protecci\u00f3n para reparar y proteger en profundidad el cabello, con su uso diario el pelo recupera su brillo, textura y suavidad. Un shock de activos reparadores y humectantes que protegen y restauran la fibra capilar.<\/span><\/p>\n<p><span data-sheets-root=\"1\" data-sheets-userformat=\"{&quot;2&quot;:14781,&quot;3&quot;:{&quot;1&quot;:0,&quot;3&quot;:1},&quot;5&quot;:{&quot;1&quot;:[{&quot;1&quot;:2,&quot;2&quot;:0,&quot;5&quot;:{&quot;1&quot;:2,&quot;2&quot;:0}},{&quot;1&quot;:0,&quot;2&quot;:0,&quot;3&quot;:3},{&quot;1&quot;:1,&quot;2&quot;:0,&quot;4&quot;:1}]},&quot;6&quot;:{&quot;1&quot;:[{&quot;1&quot;:2,&quot;2&quot;:0,&quot;5&quot;:{&quot;1&quot;:2,&quot;2&quot;:0}},{&quot;1&quot;:0,&quot;2&quot;:0,&quot;3&quot;:3},{&quot;1&quot;:1,&quot;2&quot;:0,&quot;4&quot;:1}]},&quot;7&quot;:{&quot;1&quot;:[{&quot;1&quot;:2,&quot;2&quot;:0,&quot;5&quot;:{&quot;1&quot;:2,&quot;2&quot;:0}},{&quot;1&quot;:0,&quot;2&quot;:0,&quot;3&quot;:3},{&quot;1&quot;:1,&quot;2&quot;:0,&quot;4&quot;:1}]},&quot;8&quot;:{&quot;1&quot;:[{&quot;1&quot;:2,&quot;2&quot;:0,&quot;5&quot;:{&quot;1&quot;:2,&quot;2&quot;:0}},{&quot;1&quot;:0,&quot;2&quot;:0,&quot;3&quot;:3},{&quot;1&quot;:1,&quot;2&quot;:0,&quot;4&quot;:1}]},&quot;10&quot;:1,&quot;11&quot;:4,&quot;14&quot;:{&quot;1&quot;:3,&quot;3&quot;:1},&quot;15&quot;:&quot;Calibri&quot;,&quot;16&quot;:11}\" data-sheets-value=\"{&quot;1&quot;:2,&quot;2&quot;:&quot;PROPIEDADES\\nF\u00d3RMULA 10 en 1: Claridge desarroll\u00f3 el  spray 10 en 1 de M\u00e1xima protecci\u00f3n para reparar y proteger en profundidad el cabello, con su uso diario el pelo recupera su brillo, textura y suavidad. Un shock de activos reparadores y humectantes que protegen y restauran la fibra capilar.                                                                                                 \\nBeneficios del spray 10 en 1 \\n1) Fortalece (Vitamina B5)\\n2) Hidrata (\u00c1cido Hialur\u00f3nico)\\n3) Nutre (Hidrolizado de Col\u00e1geno)\\n4) Protege el color (filtro UV)\\n5) Evita el frizz  (\u00d3leo de Macadamia)\\n6) Repara las puntas abiertas ( \u00d3leo de Arg\u00e1n)\\n7) Humecta ( Aceite de semillas de Lino)\\n8) Extra Brilllo (Keratina)\\n9) Protecci\u00f3n anti Age (Vitamina E)\\n10) Evita la decoloraci\u00f3n ( Extracto de Quinoa)\\nMODO DE USO: Roc\u00ede el spray 10 en 1 a 30 cm d ela fibra capilar para distribuir bien el producto. Luego peine y modele el cabello de manera habitual. ADVERTENCIA: \u00e9ste producto no fu\u00e9 formulado para su uso en ni\u00f1os.\\n&quot;}\"><strong>Beneficios del spray 10 en 1<\/strong><br \/>\n1) Fortalece (Vitamina B5)<br \/>\n2) Hidrata (\u00c1cido Hialur\u00f3nico)<br \/>\n3) Nutre (Hidrolizado de Col\u00e1geno)<br \/>\n4) Protege el color (filtro UV)<br \/>\n5) Evita el frizz (\u00d3leo de Macadamia)<br \/>\n6) Repara las puntas abiertas ( \u00d3leo de Arg\u00e1n)<br \/>\n7) Humecta ( Aceite de semillas de Lino)<br \/>\n8) Extra Brilllo (Keratina)<br \/>\n9) Protecci\u00f3n anti Age (Vitamina E)<br \/>\n10) Evita la decoloraci\u00f3n ( Extracto de Quinoa)<\/span><\/p>\n<p><span data-sheets-root=\"1\" data-sheets-userformat=\"{&quot;2&quot;:14781,&quot;3&quot;:{&quot;1&quot;:0,&quot;3&quot;:1},&quot;5&quot;:{&quot;1&quot;:[{&quot;1&quot;:2,&quot;2&quot;:0,&quot;5&quot;:{&quot;1&quot;:2,&quot;2&quot;:0}},{&quot;1&quot;:0,&quot;2&quot;:0,&quot;3&quot;:3},{&quot;1&quot;:1,&quot;2&quot;:0,&quot;4&quot;:1}]},&quot;6&quot;:{&quot;1&quot;:[{&quot;1&quot;:2,&quot;2&quot;:0,&quot;5&quot;:{&quot;1&quot;:2,&quot;2&quot;:0}},{&quot;1&quot;:0,&quot;2&quot;:0,&quot;3&quot;:3},{&quot;1&quot;:1,&quot;2&quot;:0,&quot;4&quot;:1}]},&quot;7&quot;:{&quot;1&quot;:[{&quot;1&quot;:2,&quot;2&quot;:0,&quot;5&quot;:{&quot;1&quot;:2,&quot;2&quot;:0}},{&quot;1&quot;:0,&quot;2&quot;:0,&quot;3&quot;:3},{&quot;1&quot;:1,&quot;2&quot;:0,&quot;4&quot;:1}]},&quot;8&quot;:{&quot;1&quot;:[{&quot;1&quot;:2,&quot;2&quot;:0,&quot;5&quot;:{&quot;1&quot;:2,&quot;2&quot;:0}},{&quot;1&quot;:0,&quot;2&quot;:0,&quot;3&quot;:3},{&quot;1&quot;:1,&quot;2&quot;:0,&quot;4&quot;:1}]},&quot;10&quot;:1,&quot;11&quot;:4,&quot;14&quot;:{&quot;1&quot;:3,&quot;3&quot;:1},&quot;15&quot;:&quot;Calibri&quot;,&quot;16&quot;:11}\" data-sheets-value=\"{&quot;1&quot;:2,&quot;2&quot;:&quot;PROPIEDADES\\nF\u00d3RMULA 10 en 1: Claridge desarroll\u00f3 el  spray 10 en 1 de M\u00e1xima protecci\u00f3n para reparar y proteger en profundidad el cabello, con su uso diario el pelo recupera su brillo, textura y suavidad. Un shock de activos reparadores y humectantes que protegen y restauran la fibra capilar.                                                                                                 \\nBeneficios del spray 10 en 1 \\n1) Fortalece (Vitamina B5)\\n2) Hidrata (\u00c1cido Hialur\u00f3nico)\\n3) Nutre (Hidrolizado de Col\u00e1geno)\\n4) Protege el color (filtro UV)\\n5) Evita el frizz  (\u00d3leo de Macadamia)\\n6) Repara las puntas abiertas ( \u00d3leo de Arg\u00e1n)\\n7) Humecta ( Aceite de semillas de Lino)\\n8) Extra Brilllo (Keratina)\\n9) Protecci\u00f3n anti Age (Vitamina E)\\n10) Evita la decoloraci\u00f3n ( Extracto de Quinoa)\\nMODO DE USO: Roc\u00ede el spray 10 en 1 a 30 cm d ela fibra capilar para distribuir bien el producto. Luego peine y modele el cabello de manera habitual. ADVERTENCIA: \u00e9ste producto no fu\u00e9 formulado para su uso en ni\u00f1os.\\n&quot;}\"><strong>MODO DE USO:<\/strong>\u00a0Roc\u00ede el spray 10 en 1 a 30 cm de la fibra capilar para distribuir bien el producto. Luego peine y modele el cabello de manera habitual.<\/span><\/p>\n<p><span data-sheets-root=\"1\" data-sheets-userformat=\"{&quot;2&quot;:14781,&quot;3&quot;:{&quot;1&quot;:0,&quot;3&quot;:1},&quot;5&quot;:{&quot;1&quot;:[{&quot;1&quot;:2,&quot;2&quot;:0,&quot;5&quot;:{&quot;1&quot;:2,&quot;2&quot;:0}},{&quot;1&quot;:0,&quot;2&quot;:0,&quot;3&quot;:3},{&quot;1&quot;:1,&quot;2&quot;:0,&quot;4&quot;:1}]},&quot;6&quot;:{&quot;1&quot;:[{&quot;1&quot;:2,&quot;2&quot;:0,&quot;5&quot;:{&quot;1&quot;:2,&quot;2&quot;:0}},{&quot;1&quot;:0,&quot;2&quot;:0,&quot;3&quot;:3},{&quot;1&quot;:1,&quot;2&quot;:0,&quot;4&quot;:1}]},&quot;7&quot;:{&quot;1&quot;:[{&quot;1&quot;:2,&quot;2&quot;:0,&quot;5&quot;:{&quot;1&quot;:2,&quot;2&quot;:0}},{&quot;1&quot;:0,&quot;2&quot;:0,&quot;3&quot;:3},{&quot;1&quot;:1,&quot;2&quot;:0,&quot;4&quot;:1}]},&quot;8&quot;:{&quot;1&quot;:[{&quot;1&quot;:2,&quot;2&quot;:0,&quot;5&quot;:{&quot;1&quot;:2,&quot;2&quot;:0}},{&quot;1&quot;:0,&quot;2&quot;:0,&quot;3&quot;:3},{&quot;1&quot;:1,&quot;2&quot;:0,&quot;4&quot;:1}]},&quot;10&quot;:1,&quot;11&quot;:4,&quot;14&quot;:{&quot;1&quot;:3,&quot;3&quot;:1},&quot;15&quot;:&quot;Calibri&quot;,&quot;16&quot;:11}\" data-sheets-value=\"{&quot;1&quot;:2,&quot;2&quot;:&quot;PROPIEDADES\\nF\u00d3RMULA 10 en 1: Claridge desarroll\u00f3 el  spray 10 en 1 de M\u00e1xima protecci\u00f3n para reparar y proteger en profundidad el cabello, con su uso diario el pelo recupera su brillo, textura y suavidad. Un shock de activos reparadores y humectantes que protegen y restauran la fibra capilar.                                                                                                 \\nBeneficios del spray 10 en 1 \\n1) Fortalece (Vitamina B5)\\n2) Hidrata (\u00c1cido Hialur\u00f3nico)\\n3) Nutre (Hidrolizado de Col\u00e1geno)\\n4) Protege el color (filtro UV)\\n5) Evita el frizz  (\u00d3leo de Macadamia)\\n6) Repara las puntas abiertas ( \u00d3leo de Arg\u00e1n)\\n7) Humecta ( Aceite de semillas de Lino)\\n8) Extra Brilllo (Keratina)\\n9) Protecci\u00f3n anti Age (Vitamina E)\\n10) Evita la decoloraci\u00f3n ( Extracto de Quinoa)\\nMODO DE USO: Roc\u00ede el spray 10 en 1 a 30 cm d ela fibra capilar para distribuir bien el producto. Luego peine y modele el cabello de manera habitual. ADVERTENCIA: \u00e9ste producto no fu\u00e9 formulado para su uso en ni\u00f1os.\\n&quot;}\"><strong>ADVERTENCIA:<\/strong> este producto no fue formulado para su uso en ni\u00f1os.<\/span><\/p>\n<\/div>\n","protected":false},"excerpt":{"rendered":"<p>Descripci\u00f3n PROPIEDADES: F\u00d3RMULA 10 en 1: Claridge desarroll\u00f3 el spray 10 en 1 de M\u00e1xima protecci\u00f3n para reparar y proteger&#8230;<\/p>\n","protected":false},"featured_media":8650,"comment_status":"open","ping_status":"closed","template":"","meta":[],"product_brand":[1427],"product_cat":[],"product_tag":[],"class_list":{"0":"post-8649","1":"product","2":"type-product","3":"status-publish","4":"has-post-thumbnail","6":"product_brand-claridge","8":"first","9":"instock","10":"shipping-taxable","11":"purchasable","12":"product-type-simple"},"_links":{"self":[{"href":"https:\/\/parisparis.movilizame.com.ar\/index.php?rest_route=\/wp\/v2\/product\/8649","targetHints":{"allow":["GET"]}}],"collection":[{"href":"https:\/\/parisparis.movilizame.com.ar\/index.php?rest_route=\/wp\/v2\/product"}],"about":[{"href":"https:\/\/parisparis.movilizame.com.ar\/index.php?rest_route=\/wp\/v2\/types\/product"}],"replies":[{"embeddable":true,"href":"https:\/\/parisparis.movilizame.com.ar\/index.php?rest_route=%2Fwp%2Fv2%2Fcomments&post=8649"}],"wp:featuredmedia":[{"embeddable":true,"href":"https:\/\/parisparis.movilizame.com.ar\/index.php?rest_route=\/wp\/v2\/media\/8650"}],"wp:attachment":[{"href":"https:\/\/parisparis.movilizame.com.ar\/index.php?rest_route=%2Fwp%2Fv2%2Fmedia&parent=8649"}],"wp:term":[{"taxonomy":"product_brand","embeddable":true,"href":"https:\/\/parisparis.movilizame.com.ar\/index.php?rest_route=%2Fwp%2Fv2%2Fproduct_brand&post=8649"},{"taxonomy":"product_cat","embeddable":true,"href":"https:\/\/parisparis.movilizame.com.ar\/index.php?rest_route=%2Fwp%2Fv2%2Fproduct_cat&post=8649"},{"taxonomy":"product_tag","embeddable":true,"href":"https:\/\/parisparis.movilizame.com.ar\/index.php?rest_route=%2Fwp%2Fv2%2Fproduct_tag&post=8649"}],"curies":[{"name":"wp","href":"https:\/\/api.w.org\/{rel}","templated":true}]}}