{"id":8446,"date":"2025-11-17T19:54:55","date_gmt":"2025-11-17T22:54:55","guid":{"rendered":"https:\/\/parisparis.movilizame.com.ar\/?post_type=product&#038;p=8446"},"modified":"2025-11-18T18:33:38","modified_gmt":"2025-11-18T21:33:38","slug":"epica-lblonde-edp-50-ml","status":"publish","type":"product","link":"https:\/\/parisparis.movilizame.com.ar\/?product=epica-lblonde-edp-50-ml","title":{"rendered":"EPICA &#8211; L\u00b4BLONDE EDP 50 ML"},"content":{"rendered":"<p>L\u00b4Blonde, un eau de parfum floral frutal.<\/p>\n<p>&nbsp;<\/p>\n<p>Notas de\u00a0 Salida: Frambuesa, Lim\u00f3n, Nerol\u00ed<\/p>\n<p>Notas de Coraz\u00f3n: Rosas, Fresias, Jazm\u00edn<\/p>\n<p>Notas de Fondo: Vainilla, Maderas, \u00c1mbar<\/p>\n","protected":false},"excerpt":{"rendered":"<p>L\u00b4Blonde, un eau de parfum floral frutal. &nbsp; Notas de\u00a0 Salida: Frambuesa, Lim\u00f3n, Nerol\u00ed Notas de Coraz\u00f3n: Rosas, Fresias, Jazm\u00edn&#8230;<\/p>\n","protected":false},"featured_media":8447,"comment_status":"open","ping_status":"closed","template":"","meta":[],"product_brand":[1441],"product_cat":[],"product_tag":[],"class_list":{"0":"post-8446","1":"product","2":"type-product","3":"status-publish","4":"has-post-thumbnail","6":"product_brand-epica","8":"first","9":"instock","10":"shipping-taxable","11":"purchasable","12":"product-type-simple"},"_links":{"self":[{"href":"https:\/\/parisparis.movilizame.com.ar\/index.php?rest_route=\/wp\/v2\/product\/8446","targetHints":{"allow":["GET"]}}],"collection":[{"href":"https:\/\/parisparis.movilizame.com.ar\/index.php?rest_route=\/wp\/v2\/product"}],"about":[{"href":"https:\/\/parisparis.movilizame.com.ar\/index.php?rest_route=\/wp\/v2\/types\/product"}],"replies":[{"embeddable":true,"href":"https:\/\/parisparis.movilizame.com.ar\/index.php?rest_route=%2Fwp%2Fv2%2Fcomments&post=8446"}],"wp:featuredmedia":[{"embeddable":true,"href":"https:\/\/parisparis.movilizame.com.ar\/index.php?rest_route=\/wp\/v2\/media\/8447"}],"wp:attachment":[{"href":"https:\/\/parisparis.movilizame.com.ar\/index.php?rest_route=%2Fwp%2Fv2%2Fmedia&parent=8446"}],"wp:term":[{"taxonomy":"product_brand","embeddable":true,"href":"https:\/\/parisparis.movilizame.com.ar\/index.php?rest_route=%2Fwp%2Fv2%2Fproduct_brand&post=8446"},{"taxonomy":"product_cat","embeddable":true,"href":"https:\/\/parisparis.movilizame.com.ar\/index.php?rest_route=%2Fwp%2Fv2%2Fproduct_cat&post=8446"},{"taxonomy":"product_tag","embeddable":true,"href":"https:\/\/parisparis.movilizame.com.ar\/index.php?rest_route=%2Fwp%2Fv2%2Fproduct_tag&post=8446"}],"curies":[{"name":"wp","href":"https:\/\/api.w.org\/{rel}","templated":true}]}}