{"id":8430,"date":"2025-11-17T19:11:32","date_gmt":"2025-11-17T22:11:32","guid":{"rendered":"https:\/\/parisparis.movilizame.com.ar\/?post_type=product&#038;p=8430"},"modified":"2025-11-17T19:25:54","modified_gmt":"2025-11-17T22:25:54","slug":"jeanne-arthes-fuel-power-edt-100-ml","status":"publish","type":"product","link":"https:\/\/parisparis.movilizame.com.ar\/?product=jeanne-arthes-fuel-power-edt-100-ml","title":{"rendered":"JEANNE ARTHES &#8211; FUEL POWER EDT 100 ML"},"content":{"rendered":"<p>Ligero, fresco y, al mismo tiempo, inconfundible. El eau de toilette para hombre Jeanne Arthes Fuel Power te conquistar\u00e1 con su suave y sofisticada composici\u00f3n arom\u00e1tica\u00a0 perfecta para usar a diario.<\/p>\n<p><strong>Notas de salida:<\/strong>\u00a0Bergamota, Naranja<br \/>\n<strong>Notas de coraz\u00f3n:<\/strong>\u00a0Color naranja, Iris<br \/>\n<strong>Notas de fondo:<\/strong>\u00a0Incienso, Notas amaderadas, \u00c1mbar<\/p>\n","protected":false},"excerpt":{"rendered":"<p>Ligero, fresco y, al mismo tiempo, inconfundible. El eau de toilette para hombre Jeanne Arthes Fuel Power te conquistar\u00e1 con&#8230;<\/p>\n","protected":false},"featured_media":8432,"comment_status":"open","ping_status":"closed","template":"","meta":[],"product_brand":[1417],"product_cat":[],"product_tag":[],"class_list":{"0":"post-8430","1":"product","2":"type-product","3":"status-publish","4":"has-post-thumbnail","6":"product_brand-jeanne-arthes","8":"first","9":"instock","10":"shipping-taxable","11":"purchasable","12":"product-type-simple"},"_links":{"self":[{"href":"https:\/\/parisparis.movilizame.com.ar\/index.php?rest_route=\/wp\/v2\/product\/8430","targetHints":{"allow":["GET"]}}],"collection":[{"href":"https:\/\/parisparis.movilizame.com.ar\/index.php?rest_route=\/wp\/v2\/product"}],"about":[{"href":"https:\/\/parisparis.movilizame.com.ar\/index.php?rest_route=\/wp\/v2\/types\/product"}],"replies":[{"embeddable":true,"href":"https:\/\/parisparis.movilizame.com.ar\/index.php?rest_route=%2Fwp%2Fv2%2Fcomments&post=8430"}],"wp:featuredmedia":[{"embeddable":true,"href":"https:\/\/parisparis.movilizame.com.ar\/index.php?rest_route=\/wp\/v2\/media\/8432"}],"wp:attachment":[{"href":"https:\/\/parisparis.movilizame.com.ar\/index.php?rest_route=%2Fwp%2Fv2%2Fmedia&parent=8430"}],"wp:term":[{"taxonomy":"product_brand","embeddable":true,"href":"https:\/\/parisparis.movilizame.com.ar\/index.php?rest_route=%2Fwp%2Fv2%2Fproduct_brand&post=8430"},{"taxonomy":"product_cat","embeddable":true,"href":"https:\/\/parisparis.movilizame.com.ar\/index.php?rest_route=%2Fwp%2Fv2%2Fproduct_cat&post=8430"},{"taxonomy":"product_tag","embeddable":true,"href":"https:\/\/parisparis.movilizame.com.ar\/index.php?rest_route=%2Fwp%2Fv2%2Fproduct_tag&post=8430"}],"curies":[{"name":"wp","href":"https:\/\/api.w.org\/{rel}","templated":true}]}}