{"id":8427,"date":"2025-11-17T19:09:10","date_gmt":"2025-11-17T22:09:10","guid":{"rendered":"https:\/\/parisparis.movilizame.com.ar\/?post_type=product&#038;p=8427"},"modified":"2025-11-17T19:22:48","modified_gmt":"2025-11-17T22:22:48","slug":"jeanne-arthes-macaron-amande-edp-100-ml","status":"publish","type":"product","link":"https:\/\/parisparis.movilizame.com.ar\/?product=jeanne-arthes-macaron-amande-edp-100-ml","title":{"rendered":"JEANNE ARTHES &#8211; MACARON AMANDE EDP 100 ML"},"content":{"rendered":"<p>LA ENCARNACI\u00d3N OLFATIVA DE LA GOURMANDISE FRANCESA.<\/p>\n<p>Dise\u00f1ado como una invitaci\u00f3n al placer y a la dulce tentaci\u00f3n, este sabroso Eau de Parfum combina las notas deliciosamente dulces de un famoso pastel de almendras con notas delicadamente afrutadas y florales de ciruela, Heliotropo y Azahar. El toque final de leche de vainilla nos deja derriti\u00e9ndose con placer codicioso.<\/p>\n<p>NOTAS DE SALIDA:\u00a0 Almendra y ciruela<\/p>\n<p>NOTAS DE CORAZON: Heliotropo y azahar<\/p>\n<p>NOTAS DE FONDO: Vainilla y Leche<\/p>\n","protected":false},"excerpt":{"rendered":"<p>LA ENCARNACI\u00d3N OLFATIVA DE LA GOURMANDISE FRANCESA. Dise\u00f1ado como una invitaci\u00f3n al placer y a la dulce tentaci\u00f3n, este sabroso&#8230;<\/p>\n","protected":false},"featured_media":8429,"comment_status":"open","ping_status":"closed","template":"","meta":[],"product_brand":[1417],"product_cat":[],"product_tag":[],"class_list":{"0":"post-8427","1":"product","2":"type-product","3":"status-publish","4":"has-post-thumbnail","6":"product_brand-jeanne-arthes","8":"first","9":"instock","10":"shipping-taxable","11":"purchasable","12":"product-type-simple"},"_links":{"self":[{"href":"https:\/\/parisparis.movilizame.com.ar\/index.php?rest_route=\/wp\/v2\/product\/8427","targetHints":{"allow":["GET"]}}],"collection":[{"href":"https:\/\/parisparis.movilizame.com.ar\/index.php?rest_route=\/wp\/v2\/product"}],"about":[{"href":"https:\/\/parisparis.movilizame.com.ar\/index.php?rest_route=\/wp\/v2\/types\/product"}],"replies":[{"embeddable":true,"href":"https:\/\/parisparis.movilizame.com.ar\/index.php?rest_route=%2Fwp%2Fv2%2Fcomments&post=8427"}],"wp:featuredmedia":[{"embeddable":true,"href":"https:\/\/parisparis.movilizame.com.ar\/index.php?rest_route=\/wp\/v2\/media\/8429"}],"wp:attachment":[{"href":"https:\/\/parisparis.movilizame.com.ar\/index.php?rest_route=%2Fwp%2Fv2%2Fmedia&parent=8427"}],"wp:term":[{"taxonomy":"product_brand","embeddable":true,"href":"https:\/\/parisparis.movilizame.com.ar\/index.php?rest_route=%2Fwp%2Fv2%2Fproduct_brand&post=8427"},{"taxonomy":"product_cat","embeddable":true,"href":"https:\/\/parisparis.movilizame.com.ar\/index.php?rest_route=%2Fwp%2Fv2%2Fproduct_cat&post=8427"},{"taxonomy":"product_tag","embeddable":true,"href":"https:\/\/parisparis.movilizame.com.ar\/index.php?rest_route=%2Fwp%2Fv2%2Fproduct_tag&post=8427"}],"curies":[{"name":"wp","href":"https:\/\/api.w.org\/{rel}","templated":true}]}}