{"id":8424,"date":"2025-11-17T19:07:03","date_gmt":"2025-11-17T22:07:03","guid":{"rendered":"https:\/\/parisparis.movilizame.com.ar\/?post_type=product&#038;p=8424"},"modified":"2025-11-17T19:10:21","modified_gmt":"2025-11-17T22:10:21","slug":"jeanne-arthes-balcon-mediterraneen-edp-100-ml","status":"publish","type":"product","link":"https:\/\/parisparis.movilizame.com.ar\/?product=jeanne-arthes-balcon-mediterraneen-edp-100-ml","title":{"rendered":"JEANNE ARTHES &#8211; BALCON MEDITERRANEEN EDP 100 ML"},"content":{"rendered":"<p>Disfruta de una fragancia con la que no pasar\u00e1s desapercibida en ning\u00fan evento.<\/p>\n<p>Notas de Salida:\u00a0lim\u00f3n (lima \u00e1cida) y menta<\/p>\n<p>Notas de Coraz\u00f3n: jazm\u00edn y peon\u00eda<\/p>\n<p>Notas de Fondo: az\u00facar y cedro.<\/p>\n<p>La notas de fondo representan\u00a0la \u00faltima y la m\u00e1s duradera fase del perfume. Son las notas que va desprendiendo el perfume antes de desaparecer, normalmente son unas 4 horas, pero pueden durar incluso\u00a0todo el d\u00eda.<\/p>\n","protected":false},"excerpt":{"rendered":"<p>Disfruta de una fragancia con la que no pasar\u00e1s desapercibida en ning\u00fan evento. Notas de Salida:\u00a0lim\u00f3n (lima \u00e1cida) y menta&#8230;<\/p>\n","protected":false},"featured_media":8425,"comment_status":"open","ping_status":"closed","template":"","meta":[],"product_brand":[1417],"product_cat":[],"product_tag":[],"class_list":{"0":"post-8424","1":"product","2":"type-product","3":"status-publish","4":"has-post-thumbnail","6":"product_brand-jeanne-arthes","8":"first","9":"instock","10":"shipping-taxable","11":"purchasable","12":"product-type-simple"},"_links":{"self":[{"href":"https:\/\/parisparis.movilizame.com.ar\/index.php?rest_route=\/wp\/v2\/product\/8424","targetHints":{"allow":["GET"]}}],"collection":[{"href":"https:\/\/parisparis.movilizame.com.ar\/index.php?rest_route=\/wp\/v2\/product"}],"about":[{"href":"https:\/\/parisparis.movilizame.com.ar\/index.php?rest_route=\/wp\/v2\/types\/product"}],"replies":[{"embeddable":true,"href":"https:\/\/parisparis.movilizame.com.ar\/index.php?rest_route=%2Fwp%2Fv2%2Fcomments&post=8424"}],"wp:featuredmedia":[{"embeddable":true,"href":"https:\/\/parisparis.movilizame.com.ar\/index.php?rest_route=\/wp\/v2\/media\/8425"}],"wp:attachment":[{"href":"https:\/\/parisparis.movilizame.com.ar\/index.php?rest_route=%2Fwp%2Fv2%2Fmedia&parent=8424"}],"wp:term":[{"taxonomy":"product_brand","embeddable":true,"href":"https:\/\/parisparis.movilizame.com.ar\/index.php?rest_route=%2Fwp%2Fv2%2Fproduct_brand&post=8424"},{"taxonomy":"product_cat","embeddable":true,"href":"https:\/\/parisparis.movilizame.com.ar\/index.php?rest_route=%2Fwp%2Fv2%2Fproduct_cat&post=8424"},{"taxonomy":"product_tag","embeddable":true,"href":"https:\/\/parisparis.movilizame.com.ar\/index.php?rest_route=%2Fwp%2Fv2%2Fproduct_tag&post=8424"}],"curies":[{"name":"wp","href":"https:\/\/api.w.org\/{rel}","templated":true}]}}