{"id":8402,"date":"2025-11-17T17:35:26","date_gmt":"2025-11-17T20:35:26","guid":{"rendered":"https:\/\/parisparis.movilizame.com.ar\/?post_type=product&#038;p=8402"},"modified":"2025-11-17T18:42:08","modified_gmt":"2025-11-17T21:42:08","slug":"thierry-mugler-angel-nova-edp-fruitee-100-ml","status":"publish","type":"product","link":"https:\/\/parisparis.movilizame.com.ar\/?product=thierry-mugler-angel-nova-edp-fruitee-100-ml","title":{"rendered":"THIERRY MUGLER &#8211; ANGEL NOVA EDP FRUITEE 100 ML"},"content":{"rendered":"<p>Angel Nova Eau de Parfum es una carta de amor a las mujeres audaces que hacen realidad sus sue\u00f1os.<\/p>\n<p>La estrella asim\u00e9trica, s\u00edmbolo de la Maison Mugler desde su creaci\u00f3n, adquiere una nueva apariencia para encarnar la esencia de la mujer Angel Nova. El vibrante color rosa transforma la estrella, aportando fuerza y presencia a la fragancia.<\/p>\n<p><strong>Notas de salida:<\/strong>\u00a0Frambuesa y lichi.<br \/>\n<strong>Notas de coraz\u00f3n:<\/strong>\u00a0Rosa de Damasco.<br \/>\n<strong>Notas de fondo:<\/strong>\u00a0Madera de akigalawood y benju\u00ed.<\/p>\n","protected":false},"excerpt":{"rendered":"<p>Angel Nova Eau de Parfum es una carta de amor a las mujeres audaces que hacen realidad sus sue\u00f1os. La&#8230;<\/p>\n","protected":false},"featured_media":8403,"comment_status":"open","ping_status":"closed","template":"","meta":[],"product_brand":[1450],"product_cat":[],"product_tag":[],"class_list":{"0":"post-8402","1":"product","2":"type-product","3":"status-publish","4":"has-post-thumbnail","6":"product_brand-thierry-mugler","8":"first","9":"instock","10":"shipping-taxable","11":"purchasable","12":"product-type-simple"},"_links":{"self":[{"href":"https:\/\/parisparis.movilizame.com.ar\/index.php?rest_route=\/wp\/v2\/product\/8402","targetHints":{"allow":["GET"]}}],"collection":[{"href":"https:\/\/parisparis.movilizame.com.ar\/index.php?rest_route=\/wp\/v2\/product"}],"about":[{"href":"https:\/\/parisparis.movilizame.com.ar\/index.php?rest_route=\/wp\/v2\/types\/product"}],"replies":[{"embeddable":true,"href":"https:\/\/parisparis.movilizame.com.ar\/index.php?rest_route=%2Fwp%2Fv2%2Fcomments&post=8402"}],"wp:featuredmedia":[{"embeddable":true,"href":"https:\/\/parisparis.movilizame.com.ar\/index.php?rest_route=\/wp\/v2\/media\/8403"}],"wp:attachment":[{"href":"https:\/\/parisparis.movilizame.com.ar\/index.php?rest_route=%2Fwp%2Fv2%2Fmedia&parent=8402"}],"wp:term":[{"taxonomy":"product_brand","embeddable":true,"href":"https:\/\/parisparis.movilizame.com.ar\/index.php?rest_route=%2Fwp%2Fv2%2Fproduct_brand&post=8402"},{"taxonomy":"product_cat","embeddable":true,"href":"https:\/\/parisparis.movilizame.com.ar\/index.php?rest_route=%2Fwp%2Fv2%2Fproduct_cat&post=8402"},{"taxonomy":"product_tag","embeddable":true,"href":"https:\/\/parisparis.movilizame.com.ar\/index.php?rest_route=%2Fwp%2Fv2%2Fproduct_tag&post=8402"}],"curies":[{"name":"wp","href":"https:\/\/api.w.org\/{rel}","templated":true}]}}