{"id":8382,"date":"2025-11-17T11:44:03","date_gmt":"2025-11-17T14:44:03","guid":{"rendered":"https:\/\/parisparis.movilizame.com.ar\/?post_type=product&#038;p=8382"},"modified":"2026-03-02T12:59:36","modified_gmt":"2026-03-02T15:59:36","slug":"paco-rabanne-black-xs-men-edt","status":"publish","type":"product","link":"https:\/\/parisparis.movilizame.com.ar\/?product=paco-rabanne-black-xs-men-edt","title":{"rendered":"PACO RABANNE &#8211; BLACK XS MEN EDT 100 ML"},"content":{"rendered":"<p>Las\u00a0<strong>Notas<\/strong> de Salida son salvia y lim\u00f3n (lima \u00e1cida).<\/p>\n<p><strong>Notas<\/strong> de Coraz\u00f3n son b\u00e1lsamo de Tol\u00fa, cardamomo negro, canela y pralin\u00e9.<\/p>\n<p><strong>Notas<\/strong>\u00a0de Fondo son pachul\u00ed, \u00e1mbar negro y palo de rosa de Brasil.<\/p>\n","protected":false},"excerpt":{"rendered":"<p>Las\u00a0Notas de Salida son salvia y lim\u00f3n (lima \u00e1cida). Notas de Coraz\u00f3n son b\u00e1lsamo de Tol\u00fa, cardamomo negro, canela y&#8230;<\/p>\n","protected":false},"featured_media":8383,"comment_status":"open","ping_status":"closed","template":"","meta":[],"product_brand":[1413],"product_cat":[],"product_tag":[],"class_list":{"0":"post-8382","1":"product","2":"type-product","3":"status-publish","4":"has-post-thumbnail","6":"product_brand-paco-rabanne","8":"first","9":"instock","10":"shipping-taxable","11":"purchasable","12":"product-type-simple"},"_links":{"self":[{"href":"https:\/\/parisparis.movilizame.com.ar\/index.php?rest_route=\/wp\/v2\/product\/8382","targetHints":{"allow":["GET"]}}],"collection":[{"href":"https:\/\/parisparis.movilizame.com.ar\/index.php?rest_route=\/wp\/v2\/product"}],"about":[{"href":"https:\/\/parisparis.movilizame.com.ar\/index.php?rest_route=\/wp\/v2\/types\/product"}],"replies":[{"embeddable":true,"href":"https:\/\/parisparis.movilizame.com.ar\/index.php?rest_route=%2Fwp%2Fv2%2Fcomments&post=8382"}],"wp:featuredmedia":[{"embeddable":true,"href":"https:\/\/parisparis.movilizame.com.ar\/index.php?rest_route=\/wp\/v2\/media\/8383"}],"wp:attachment":[{"href":"https:\/\/parisparis.movilizame.com.ar\/index.php?rest_route=%2Fwp%2Fv2%2Fmedia&parent=8382"}],"wp:term":[{"taxonomy":"product_brand","embeddable":true,"href":"https:\/\/parisparis.movilizame.com.ar\/index.php?rest_route=%2Fwp%2Fv2%2Fproduct_brand&post=8382"},{"taxonomy":"product_cat","embeddable":true,"href":"https:\/\/parisparis.movilizame.com.ar\/index.php?rest_route=%2Fwp%2Fv2%2Fproduct_cat&post=8382"},{"taxonomy":"product_tag","embeddable":true,"href":"https:\/\/parisparis.movilizame.com.ar\/index.php?rest_route=%2Fwp%2Fv2%2Fproduct_tag&post=8382"}],"curies":[{"name":"wp","href":"https:\/\/api.w.org\/{rel}","templated":true}]}}