{"id":7445,"date":"2025-06-23T22:34:11","date_gmt":"2025-06-24T01:34:11","guid":{"rendered":"http:\/\/wp-paris-paris.test\/?product=super-stay-teddy-tint-tinta-labial-matte-intransferible"},"modified":"2026-01-20T11:53:55","modified_gmt":"2026-01-20T14:53:55","slug":"super-stay-teddy-tint-tinta-labial-matte-intransferible","status":"publish","type":"product","link":"https:\/\/parisparis.movilizame.com.ar\/?product=super-stay-teddy-tint-tinta-labial-matte-intransferible","title":{"rendered":"MAYBELLINE &#8211; SUPER STAY TEDDY TINT TINTA LABIAL MATTE INTRANSFERIBLE"},"content":{"rendered":"<p>\u00a1Conoc\u00e9 la nueva tinta l\u00edquida para labios Super Stay Teddy Tint y experiment\u00e1 una sensaci\u00f3n tan suave y aterciopelada como un Teddy Bear! Hasta 12 horas de color intransferible, a prueba de bebidas y de besos. \u00a1Us\u00e1lo como un look suave, difuminado o intenso!<\/p>\n<p>\u2022Larga duraci\u00f3n de hasta 12 horas*<br \/>\n\u2022Textura suave como un teddy bear<br \/>\n\u2022Efecto mate difuminado<br \/>\n\u2022Sin sensaci\u00f3n pegajosa<br \/>\n\u2022No transfiere<br \/>\n1. TEDDY (Aplic\u00e1 Teddy Tint en tus labios)<\/p>\n<p>2. SET (Desliz\u00e1 la tinta con el aplicador)<\/p>\n<p>3. TINT (Dej\u00e1 secar\u2026\u00a1Y listo!)<\/p>\n<p>* Aplica las capas necesarias hasta lograr el acabado deseado.<\/p>\n","protected":false},"excerpt":{"rendered":"<p>\u00a1Conoc\u00e9 la nueva tinta l\u00edquida para labios Super Stay Teddy Tint y experiment\u00e1 una sensaci\u00f3n tan suave y aterciopelada como&#8230;<\/p>\n","protected":false},"featured_media":8156,"comment_status":"open","ping_status":"closed","template":"","meta":[],"product_brand":[1429],"product_cat":[],"product_tag":[],"class_list":{"0":"post-7445","1":"product","2":"type-product","3":"status-publish","4":"has-post-thumbnail","6":"product_brand-maybelline","8":"first","9":"instock","10":"shipping-taxable","11":"purchasable","12":"product-type-simple"},"_links":{"self":[{"href":"https:\/\/parisparis.movilizame.com.ar\/index.php?rest_route=\/wp\/v2\/product\/7445","targetHints":{"allow":["GET"]}}],"collection":[{"href":"https:\/\/parisparis.movilizame.com.ar\/index.php?rest_route=\/wp\/v2\/product"}],"about":[{"href":"https:\/\/parisparis.movilizame.com.ar\/index.php?rest_route=\/wp\/v2\/types\/product"}],"replies":[{"embeddable":true,"href":"https:\/\/parisparis.movilizame.com.ar\/index.php?rest_route=%2Fwp%2Fv2%2Fcomments&post=7445"}],"wp:featuredmedia":[{"embeddable":true,"href":"https:\/\/parisparis.movilizame.com.ar\/index.php?rest_route=\/wp\/v2\/media\/8156"}],"wp:attachment":[{"href":"https:\/\/parisparis.movilizame.com.ar\/index.php?rest_route=%2Fwp%2Fv2%2Fmedia&parent=7445"}],"wp:term":[{"taxonomy":"product_brand","embeddable":true,"href":"https:\/\/parisparis.movilizame.com.ar\/index.php?rest_route=%2Fwp%2Fv2%2Fproduct_brand&post=7445"},{"taxonomy":"product_cat","embeddable":true,"href":"https:\/\/parisparis.movilizame.com.ar\/index.php?rest_route=%2Fwp%2Fv2%2Fproduct_cat&post=7445"},{"taxonomy":"product_tag","embeddable":true,"href":"https:\/\/parisparis.movilizame.com.ar\/index.php?rest_route=%2Fwp%2Fv2%2Fproduct_tag&post=7445"}],"curies":[{"name":"wp","href":"https:\/\/api.w.org\/{rel}","templated":true}]}}