{"id":7444,"date":"2025-06-23T22:09:41","date_gmt":"2025-06-24T01:09:41","guid":{"rendered":"http:\/\/wp-paris-paris.test\/?product=emmer-edp-100-ml-arabe"},"modified":"2025-11-12T11:30:04","modified_gmt":"2025-11-12T14:30:04","slug":"emmer-edp-100-ml-arabe","status":"publish","type":"product","link":"https:\/\/parisparis.movilizame.com.ar\/?product=emmer-edp-100-ml-arabe","title":{"rendered":"LATAFFA &#8211; EMMER EDP 100 ML"},"content":{"rendered":"<p><strong>Emeer<\/strong>\u00a0de\u00a0<strong>Lattafa Perfumes<\/strong>\u00a0es una fragancia de la familia olfativa Amaderada Arom\u00e1tica UNISEX.<\/p>\n<p><strong>Emeer<\/strong>\u00a0se lanz\u00f3 en 2024.<\/p>\n<p>Notas de Salida son lim\u00f3n (lima \u00e1cida), bergamota, esclarea y bayas de enebro.<\/p>\n<p>Notas de Coraz\u00f3n son t\u00e9 Blanco, s\u00e1ndalo, cardamomo y incienso de ol\u00edbano (franquincienso).<\/p>\n<p>Notas de Fondo son \u00e1mbar gris, cachemira, cedro y pachul\u00ed.<\/p>\n<p>&nbsp;<\/p>\n<p>Emeer es sin duda una excelente fragancia si buscas algo c\u00edtrico, potente y con buen rendimiento.<\/p>\n<p>La salida es punzante, se siente un lim\u00f3n amargo y la Bergamota, combinados con ese toque herbal. Es duradero, proyecta muy bien. Sumado a esto, una gran presentaci\u00f3n, un atomizador excelente,\u00a0te van a dar cumplidos.<\/p>\n","protected":false},"excerpt":{"rendered":"<p><strong>Emeer<\/strong>\u00a0de\u00a0<strong>Lattafa Perfumes<\/strong>\u00a0es una fragancia de la familia olfativa Amaderada Arom\u00e1tica UNISEX.<\/p>\n<p>Notas de Salida son lim\u00f3n (lima \u00e1cida), bergamota, esclarea y bayas de enebro.<\/p>\n<p>Notas de Coraz\u00f3n son t\u00e9 Blanco, s\u00e1ndalo, cardamomo y incienso de ol\u00edbano (franquincienso).<\/p>\n<p>Notas de Fondo son \u00e1mbar gris, cachemira, cedro y pachul\u00ed.<\/p>\n","protected":false},"featured_media":8155,"comment_status":"open","ping_status":"closed","template":"","meta":[],"product_brand":[1412],"product_cat":[1375,1254,1352,1408],"product_tag":[],"class_list":{"0":"post-7444","1":"product","2":"type-product","3":"status-publish","4":"has-post-thumbnail","6":"product_brand-lataffa","7":"product_cat-fragancias","8":"product_cat-marcas-importadas-","9":"product_cat-lattafa","10":"product_cat-perfumes-arabes","12":"first","13":"instock","14":"shipping-taxable","15":"purchasable","16":"product-type-simple"},"_links":{"self":[{"href":"https:\/\/parisparis.movilizame.com.ar\/index.php?rest_route=\/wp\/v2\/product\/7444","targetHints":{"allow":["GET"]}}],"collection":[{"href":"https:\/\/parisparis.movilizame.com.ar\/index.php?rest_route=\/wp\/v2\/product"}],"about":[{"href":"https:\/\/parisparis.movilizame.com.ar\/index.php?rest_route=\/wp\/v2\/types\/product"}],"replies":[{"embeddable":true,"href":"https:\/\/parisparis.movilizame.com.ar\/index.php?rest_route=%2Fwp%2Fv2%2Fcomments&post=7444"}],"wp:featuredmedia":[{"embeddable":true,"href":"https:\/\/parisparis.movilizame.com.ar\/index.php?rest_route=\/wp\/v2\/media\/8155"}],"wp:attachment":[{"href":"https:\/\/parisparis.movilizame.com.ar\/index.php?rest_route=%2Fwp%2Fv2%2Fmedia&parent=7444"}],"wp:term":[{"taxonomy":"product_brand","embeddable":true,"href":"https:\/\/parisparis.movilizame.com.ar\/index.php?rest_route=%2Fwp%2Fv2%2Fproduct_brand&post=7444"},{"taxonomy":"product_cat","embeddable":true,"href":"https:\/\/parisparis.movilizame.com.ar\/index.php?rest_route=%2Fwp%2Fv2%2Fproduct_cat&post=7444"},{"taxonomy":"product_tag","embeddable":true,"href":"https:\/\/parisparis.movilizame.com.ar\/index.php?rest_route=%2Fwp%2Fv2%2Fproduct_tag&post=7444"}],"curies":[{"name":"wp","href":"https:\/\/api.w.org\/{rel}","templated":true}]}}