{"id":7439,"date":"2025-06-09T20:24:20","date_gmt":"2025-06-09T23:24:20","guid":{"rendered":"http:\/\/wp-paris-paris.test\/?product=mayar-natural-intense-edp-100-ml-arabe"},"modified":"2025-11-12T11:33:08","modified_gmt":"2025-11-12T14:33:08","slug":"mayar-natural-intense-edp-100-ml-arabe","status":"publish","type":"product","link":"https:\/\/parisparis.movilizame.com.ar\/?product=mayar-natural-intense-edp-100-ml-arabe","title":{"rendered":"LATAFFA &#8211; MAYAR NATURAL INTENSE EDP 100 ML"},"content":{"rendered":"<p><strong>Mayar Natural Intense<\/strong>&nbsp;de&nbsp;<strong>Lattafa Perfumes<\/strong>&nbsp;es una fragancia de la familia olfativa FEMENINA.<\/p>\n<p>Las Notas de Salida son Mandarina verde, higo, mel\u00f3n y Agua de coco; las Notas de Coraz\u00f3n son flor de loto, nen\u00fafar (lirio de agua) y jazm\u00edn; las Notas de Fondo son almizcle, ambroxan, vainilla y s\u00e1ndalo.<\/p>\n<p>Es delicioso, ENERGETICO , totalmente acu\u00e1tico \/ oz\u00f3nico y sutil. Destacan sus notasnverdes. Es perfecto para d\u00edas de calor.<\/p>\n<p>Agradable para portar en el trabajo o en lugres cerrados con altas temperaturas. Inspira limpieza y pulcritud.&nbsp;<\/p>\n","protected":false},"excerpt":{"rendered":"<p>Mayar Natural Intense&nbsp;de&nbsp;Lattafa Perfumes&nbsp;es una fragancia de la familia olfativa FEMENINA. Las Notas de Salida son Mandarina verde, higo, mel\u00f3n&#8230;<\/p>\n","protected":false},"featured_media":8150,"comment_status":"open","ping_status":"closed","template":"","meta":[],"product_brand":[1412],"product_cat":[1375,1254,1352,1408],"product_tag":[],"class_list":{"0":"post-7439","1":"product","2":"type-product","3":"status-publish","4":"has-post-thumbnail","6":"product_brand-lataffa","7":"product_cat-fragancias","8":"product_cat-marcas-importadas-","9":"product_cat-lattafa","10":"product_cat-perfumes-arabes","12":"first","13":"instock","14":"shipping-taxable","15":"purchasable","16":"product-type-simple"},"_links":{"self":[{"href":"https:\/\/parisparis.movilizame.com.ar\/index.php?rest_route=\/wp\/v2\/product\/7439","targetHints":{"allow":["GET"]}}],"collection":[{"href":"https:\/\/parisparis.movilizame.com.ar\/index.php?rest_route=\/wp\/v2\/product"}],"about":[{"href":"https:\/\/parisparis.movilizame.com.ar\/index.php?rest_route=\/wp\/v2\/types\/product"}],"replies":[{"embeddable":true,"href":"https:\/\/parisparis.movilizame.com.ar\/index.php?rest_route=%2Fwp%2Fv2%2Fcomments&post=7439"}],"wp:featuredmedia":[{"embeddable":true,"href":"https:\/\/parisparis.movilizame.com.ar\/index.php?rest_route=\/wp\/v2\/media\/8150"}],"wp:attachment":[{"href":"https:\/\/parisparis.movilizame.com.ar\/index.php?rest_route=%2Fwp%2Fv2%2Fmedia&parent=7439"}],"wp:term":[{"taxonomy":"product_brand","embeddable":true,"href":"https:\/\/parisparis.movilizame.com.ar\/index.php?rest_route=%2Fwp%2Fv2%2Fproduct_brand&post=7439"},{"taxonomy":"product_cat","embeddable":true,"href":"https:\/\/parisparis.movilizame.com.ar\/index.php?rest_route=%2Fwp%2Fv2%2Fproduct_cat&post=7439"},{"taxonomy":"product_tag","embeddable":true,"href":"https:\/\/parisparis.movilizame.com.ar\/index.php?rest_route=%2Fwp%2Fv2%2Fproduct_tag&post=7439"}],"curies":[{"name":"wp","href":"https:\/\/api.w.org\/{rel}","templated":true}]}}