{"id":7438,"date":"2025-06-09T19:49:29","date_gmt":"2025-06-09T22:49:29","guid":{"rendered":"http:\/\/wp-paris-paris.test\/?product=mayar-cherry-intense-edp-100-ml-arabe-x-100-ml"},"modified":"2025-11-15T11:07:25","modified_gmt":"2025-11-15T14:07:25","slug":"mayar-cherry-intense-edp-100-ml-arabe-x-100-ml","status":"publish","type":"product","link":"https:\/\/parisparis.movilizame.com.ar\/?product=mayar-cherry-intense-edp-100-ml-arabe-x-100-ml","title":{"rendered":"LATAFFA &#8211; MAYAR CHERRY INTENSE EDP 100 ML"},"content":{"rendered":"<p><strong>Mayar Cherry Intense<\/strong>\u00a0de\u00a0<strong>Lattafa Perfumes<\/strong>\u00a0es una fragancia de la familia olfativa Oriental Vainilla FEMENINA.<\/p>\n<p>Esta fragrancia es nueva.\u00a0<strong>Mayar Cherry Intense.<\/strong><\/p>\n<p>Las Notas de Salida son fresa y bergamota; las Notas de Coraz\u00f3n son Cherry Jam y cacao; las Notas de Fondo son vainilla, \u00e1mbar y pachul\u00ed.<\/p>\n<p>Se siente\u00a0un cacao amargo acompa\u00f1ado con cereza. Un fruto rojo envuelto en chocolate! Y\u00a0al final deja esa nota punzante a \u00e1mbar. Luego de muchas horas queda un olorcito a vainilla en la piel y atalcadito. Ideal para climas templados, d\u00eda- tarde noche.<br \/>\nTiene una gran duracion.<\/p>\n","protected":false},"excerpt":{"rendered":"<p>Mayar Cherry Intense\u00a0de\u00a0Lattafa Perfumes\u00a0es una fragancia de la familia olfativa Oriental Vainilla FEMENINA. Esta fragrancia es nueva.\u00a0Mayar Cherry Intense. Las&#8230;<\/p>\n","protected":false},"featured_media":8149,"comment_status":"open","ping_status":"closed","template":"","meta":[],"product_brand":[1412],"product_cat":[1375,1254,1352,1408],"product_tag":[],"class_list":{"0":"post-7438","1":"product","2":"type-product","3":"status-publish","4":"has-post-thumbnail","6":"product_brand-lataffa","7":"product_cat-fragancias","8":"product_cat-marcas-importadas-","9":"product_cat-lattafa","10":"product_cat-perfumes-arabes","12":"first","13":"instock","14":"shipping-taxable","15":"purchasable","16":"product-type-simple"},"_links":{"self":[{"href":"https:\/\/parisparis.movilizame.com.ar\/index.php?rest_route=\/wp\/v2\/product\/7438","targetHints":{"allow":["GET"]}}],"collection":[{"href":"https:\/\/parisparis.movilizame.com.ar\/index.php?rest_route=\/wp\/v2\/product"}],"about":[{"href":"https:\/\/parisparis.movilizame.com.ar\/index.php?rest_route=\/wp\/v2\/types\/product"}],"replies":[{"embeddable":true,"href":"https:\/\/parisparis.movilizame.com.ar\/index.php?rest_route=%2Fwp%2Fv2%2Fcomments&post=7438"}],"wp:featuredmedia":[{"embeddable":true,"href":"https:\/\/parisparis.movilizame.com.ar\/index.php?rest_route=\/wp\/v2\/media\/8149"}],"wp:attachment":[{"href":"https:\/\/parisparis.movilizame.com.ar\/index.php?rest_route=%2Fwp%2Fv2%2Fmedia&parent=7438"}],"wp:term":[{"taxonomy":"product_brand","embeddable":true,"href":"https:\/\/parisparis.movilizame.com.ar\/index.php?rest_route=%2Fwp%2Fv2%2Fproduct_brand&post=7438"},{"taxonomy":"product_cat","embeddable":true,"href":"https:\/\/parisparis.movilizame.com.ar\/index.php?rest_route=%2Fwp%2Fv2%2Fproduct_cat&post=7438"},{"taxonomy":"product_tag","embeddable":true,"href":"https:\/\/parisparis.movilizame.com.ar\/index.php?rest_route=%2Fwp%2Fv2%2Fproduct_tag&post=7438"}],"curies":[{"name":"wp","href":"https:\/\/api.w.org\/{rel}","templated":true}]}}